{"id":16578,"date":"2019-05-29T13:46:00","date_gmt":"2019-05-29T11:46:00","guid":{"rendered":"https:\/\/www.jean-got.fr\/alentours\/"},"modified":"2019-12-24T17:08:11","modified_gmt":"2019-12-24T16:08:11","slug":"around","status":"publish","type":"page","link":"https:\/\/www.jean-got.fr\/en\/around\/","title":{"rendered":"Around"},"content":{"rendered":"<div class=\"wpb-content-wrapper\"><p>[vc_row css_animation=&#8221;&#8221; row_type=&#8221;row&#8221; use_row_as_full_screen_section=&#8221;no&#8221; type=&#8221;grid&#8221; angled_section=&#8221;no&#8221; text_align=&#8221;left&#8221; background_image_as_pattern=&#8221;without_pattern&#8221; z_index=&#8221;&#8221; padding_top=&#8221;70&#8243; padding_bottom=&#8221;70&#8243;][vc_column width=&#8221;1\/2&#8243;][vc_column_text]<\/p>\n<h2>Around the Domain<\/h2>\n<p>[\/vc_column_text][vc_separator type=&#8221;small&#8221; position=&#8221;left&#8221; up=&#8221;7&#8243; down=&#8221;38&#8243;][vc_column_text]<\/p>\n<h3>Like a cock in paste ! Who would do without it ?<br \/>\nThe Southwest offers you multiple possibilities.<\/h3>\n<p>[\/vc_column_text][vc_empty_space height=&#8221;20px&#8221;][vc_column_text]<strong>The Gironde :<\/strong> with its temperate climate, varied landscapes, imposing castles, culinary delights and famous wines, it guarantees a rich and varied holiday.<\/p>\n<p><strong>Bordeaux<\/strong> \u2013 the center of the Gironde at the gates of Aquitaine, it is an international city rich in culture and history. Since 2007, the city of Bordeaux has been a UNESCO World Heritage Site, as has St. Emilion since 1999.<\/p>\n<p>Around of Domaine Jean Got, wine lovers are obviously there. Discover the range of wine terroirs, such as Entre-Deux-Mers, St. Emilion, Graves, M\u00e9doc and Sauternes.<\/p>\n<p>Further on, the Atlantic coast and the Bay of Arcachon, the Dune de Pyla (the largest in Europe), as well as kilometers of sandy beaches.[\/vc_column_text][\/vc_column][vc_column width=&#8221;1\/2&#8243;][vc_empty_space height=&#8221;50px&#8221;][vc_single_image image=&#8221;15837&#8243; img_size=&#8221;full&#8221; alignment=&#8221;center&#8221; qode_css_animation=&#8221;&#8221; transition_delay=&#8221;0.3&#8243;][\/vc_column][\/vc_row][vc_row css_animation=&#8221;&#8221; row_type=&#8221;row&#8221; use_row_as_full_screen_section=&#8221;no&#8221; type=&#8221;grid&#8221; angled_section=&#8221;no&#8221; text_align=&#8221;left&#8221; background_image_as_pattern=&#8221;without_pattern&#8221; z_index=&#8221;&#8221; background_color=&#8221;#ffffff&#8221; padding_top=&#8221;87&#8243; padding_bottom=&#8221;87&#8243;][vc_column][vc_column_text]<\/p>\n<h2 style=\"text-align: center;\">Discover in pictures<\/h2>\n<p>[\/vc_column_text][vc_separator type=&#8221;small&#8221; position=&#8221;center&#8221; down=&#8221;38&#8243; up=&#8221;7&#8243;][vc_gallery type=&#8221;image_grid&#8221; images=&#8221;15206,15207,15208,15209,15210,15211,15212,15213&#8243; img_size=&#8221;300&#215;300&#8243; column_number=&#8221;4&#8243; grayscale=&#8221;yes&#8221; images_space=&#8221;gallery_without_space&#8221;][\/vc_column][\/vc_row][vc_row css_animation=&#8221;&#8221; row_type=&#8221;row&#8221; use_row_as_full_screen_section=&#8221;no&#8221; type=&#8221;grid&#8221; angled_section=&#8221;no&#8221; text_align=&#8221;left&#8221; background_image_as_pattern=&#8221;without_pattern&#8221; padding_top=&#8221;65&#8243; anchor=&#8221;client&#8221; padding_bottom=&#8221;37&#8243; border_color=&#8221;#eaeaea&#8221; background_color=&#8221;#fbfbfb&#8221;][vc_column][vc_column_text]<\/p>\n<h2 style=\"text-align: center;\">Our partners<\/h2>\n<p>[\/vc_column_text][vc_separator type=&#8221;transparent&#8221; up=&#8221;0&#8243; down=&#8221;0&#8243;][vc_column_text]<\/p>\n<h5 style=\"text-align: center;\"><span style=\"color: #777777;\">&#8211; Recommandations &#8211;<\/span><\/h5>\n<p>[\/vc_column_text][vc_separator type=&#8221;transparent&#8221; up=&#8221;28&#8243;][qode_clients columns=&#8221;four_columns&#8221; hover_effect=&#8221;default&#8221; disable_separators=&#8221;&#8221;][qode_client link_target=&#8221;_blank&#8221; border_bottom=&#8221;yes&#8221; image=&#8221;15200&#8243; link=&#8221;https:\/\/www.jean-got.fr\/wp-content\/uploads\/2019\/05\/chateau-pas-de-ane-01.pdf&#8221;][qode_client link_target=&#8221;_blank&#8221; border_bottom=&#8221;yes&#8221; image=&#8221;15203&#8243; link=&#8221;https:\/\/www.jean-got.fr\/wp-content\/uploads\/2019\/05\/soins-reiki-virginie-01.pdf&#8221;][qode_client link_target=&#8221;_blank&#8221; border_bottom=&#8221;yes&#8221; image=&#8221;15879&#8243; link=&#8221;https:\/\/office-de-tourisme.net\/33-Gironde\/office-tourisme-du-brannais-Branne-o304.html?rUrl=do304&#8243;][qode_client link_target=&#8221;_blank&#8221; border_bottom=&#8221;yes&#8221; image=&#8221;15882&#8243; link=&#8221;https:\/\/www.saint-emilion-tourisme.com\/&#8221;][qode_client link_target=&#8221;_blank&#8221; border_bottom=&#8221;yes&#8221; image=&#8221;15884&#8243; link=&#8221;https:\/\/www.bordeauxwinetrip.fr\/offre\/fiche\/domaine-jean-got-le-moulin\/HLOAQU033FS003AP&#8221;][qode_client link_target=&#8221;_blank&#8221; border_bottom=&#8221;yes&#8221; image=&#8221;16023&#8243; link=&#8221;https:\/\/www.la-ferme-de-julie.fr\/&#8221;][\/qode_clients][\/vc_column][\/vc_row][vc_row css_animation=&#8221;&#8221; row_type=&#8221;row&#8221; use_row_as_full_screen_section=&#8221;no&#8221; type=&#8221;full_width&#8221; angled_section=&#8221;no&#8221; text_align=&#8221;left&#8221; background_image_as_pattern=&#8221;without_pattern&#8221;][vc_column]<div class=\"call_to_action normal\" style=\"background-color: #045048;\"><div class=\"container_inner\"><div class=\"two_columns_75_25 clearfix\"><div class=\"text_wrapper column1\"><div class=\"call_to_action_text \" style=\"\">Interested(s) ? We will be happy to answer all your questions.<\/div><\/div><div class=\"button_wrapper column2\"><a itemprop=\"url\" href=\"https:\/\/www.jean-got.fr\/en\/contact\/\" class=\"qbutton white \" target=\"_self\" style=\"color: #ffffff;border-color: #ffffff;\" data-hover-background-color=#ffffff data-hover-border-color=#ffffff data-hover-color=#045048>CONTACT US<\/a><\/div><\/div><\/div><\/div>[\/vc_column][\/vc_row]<\/p>\n<\/div>","protected":false},"excerpt":{"rendered":"<p>[vc_row css_animation=&#8221;&#8221; row_type=&#8221;row&#8221; use_row_as_full_screen_section=&#8221;no&#8221; type=&#8221;grid&#8221; angled_section=&#8221;no&#8221; text_align=&#8221;left&#8221; background_image_as_pattern=&#8221;without_pattern&#8221; z_index=&#8221;&#8221; padding_top=&#8221;70&#8243; padding_bottom=&#8221;70&#8243;][vc_column width=&#8221;1\/2&#8243;][vc_column_text] Around the Domain [\/vc_column_text][vc_separator type=&#8221;small&#8221; position=&#8221;left&#8221; up=&#8221;7&#8243; down=&#8221;38&#8243;][vc_column_text] Like a cock in paste ! Who would do without it ? The Southwest offers you multiple possibilities. [\/vc_column_text][vc_empty_space height=&#8221;20px&#8221;][vc_column_text]The Gironde : with its temperate&#8230;<\/p>\n","protected":false},"author":2,"featured_media":0,"parent":0,"menu_order":0,"comment_status":"open","ping_status":"open","template":"full_width.php","meta":{"footnotes":""},"class_list":["post-16578","page","type-page","status-publish","hentry"],"yoast_head":"<!-- This site is optimized with the Yoast SEO plugin v27.3 - https:\/\/yoast.com\/product\/yoast-seo-wordpress\/ -->\n<title>Around the Domain Jean Got : Cottage near Saint-Emilion, massage, Well-being<\/title>\n<meta name=\"description\" content=\"Around the Domain Jean Got : Cottage at Saint-Emilion. The Southwest offers you multiple possibilities. Gironde : with its temperate climate...\" \/>\n<meta name=\"robots\" content=\"index, follow, max-snippet:-1, max-image-preview:large, max-video-preview:-1\" \/>\n<link rel=\"canonical\" href=\"https:\/\/www.jean-got.fr\/en\/around\/\" \/>\n<meta property=\"og:locale\" content=\"en_US\" \/>\n<meta property=\"og:type\" content=\"article\" \/>\n<meta property=\"og:title\" content=\"Around the Domain Jean Got : Cottage near Saint-Emilion, massage, Well-being\" \/>\n<meta property=\"og:description\" content=\"Around the Domain Jean Got : Cottage at Saint-Emilion. The Southwest offers you multiple possibilities. Gironde : with its temperate climate...\" \/>\n<meta property=\"og:url\" content=\"https:\/\/www.jean-got.fr\/en\/around\/\" \/>\n<meta property=\"og:site_name\" content=\"Domaine Jean Got : G\u00eete SPA Bien-\u00eatre Saint-Emilion\" \/>\n<meta property=\"article:publisher\" content=\"https:\/\/www.facebook.com\/DomaineJeanGot\/\" \/>\n<meta property=\"article:modified_time\" content=\"2019-12-24T16:08:11+00:00\" \/>\n<meta property=\"og:image\" content=\"https:\/\/www.jean-got.fr\/wp-content\/uploads\/2019\/05\/edito-logo-01.jpg\" \/>\n\t<meta property=\"og:image:width\" content=\"364\" \/>\n\t<meta property=\"og:image:height\" content=\"409\" \/>\n\t<meta property=\"og:image:type\" content=\"image\/jpeg\" \/>\n<meta name=\"twitter:card\" content=\"summary_large_image\" \/>\n<meta name=\"twitter:label1\" content=\"Est. reading time\" \/>\n\t<meta name=\"twitter:data1\" content=\"3 minutes\" \/>\n<script type=\"application\/ld+json\" class=\"yoast-schema-graph\">{\"@context\":\"https:\\\/\\\/schema.org\",\"@graph\":[{\"@type\":\"WebPage\",\"@id\":\"https:\\\/\\\/www.jean-got.fr\\\/en\\\/around\\\/\",\"url\":\"https:\\\/\\\/www.jean-got.fr\\\/en\\\/around\\\/\",\"name\":\"Around the Domain Jean Got : Cottage near Saint-Emilion, massage, Well-being\",\"isPartOf\":{\"@id\":\"https:\\\/\\\/www.jean-got.fr\\\/en\\\/#website\"},\"datePublished\":\"2019-05-29T11:46:00+00:00\",\"dateModified\":\"2019-12-24T16:08:11+00:00\",\"description\":\"Around the Domain Jean Got : Cottage at Saint-Emilion. The Southwest offers you multiple possibilities. Gironde : with its temperate climate...\",\"breadcrumb\":{\"@id\":\"https:\\\/\\\/www.jean-got.fr\\\/en\\\/around\\\/#breadcrumb\"},\"inLanguage\":\"en-US\",\"potentialAction\":[{\"@type\":\"ReadAction\",\"target\":[\"https:\\\/\\\/www.jean-got.fr\\\/en\\\/around\\\/\"]}]},{\"@type\":\"BreadcrumbList\",\"@id\":\"https:\\\/\\\/www.jean-got.fr\\\/en\\\/around\\\/#breadcrumb\",\"itemListElement\":[{\"@type\":\"ListItem\",\"position\":1,\"name\":\"Accueil\",\"item\":\"https:\\\/\\\/www.jean-got.fr\\\/en\\\/\"},{\"@type\":\"ListItem\",\"position\":2,\"name\":\"Around\"}]},{\"@type\":\"WebSite\",\"@id\":\"https:\\\/\\\/www.jean-got.fr\\\/en\\\/#website\",\"url\":\"https:\\\/\\\/www.jean-got.fr\\\/en\\\/\",\"name\":\"G\u00eete proche Saint-\u00c9milion : Le Domaine Jean Got, chambres insolites\",\"description\":\"Chambre insolite \u00e0 Saint-\u00c9milion, G\u00e9ode, SPA et Bien-\u00eatre\",\"publisher\":{\"@id\":\"https:\\\/\\\/www.jean-got.fr\\\/en\\\/#organization\"},\"alternateName\":\"Chambres insolites proche de Saint-\u00c9milion : Domaine Jean Got\",\"potentialAction\":[{\"@type\":\"SearchAction\",\"target\":{\"@type\":\"EntryPoint\",\"urlTemplate\":\"https:\\\/\\\/www.jean-got.fr\\\/en\\\/?s={search_term_string}\"},\"query-input\":{\"@type\":\"PropertyValueSpecification\",\"valueRequired\":true,\"valueName\":\"search_term_string\"}}],\"inLanguage\":\"en-US\"},{\"@type\":\"Organization\",\"@id\":\"https:\\\/\\\/www.jean-got.fr\\\/en\\\/#organization\",\"name\":\"Le Domaine Jean Got : Gite insolite proche de Saint-\u00c9milion\",\"alternateName\":\"Chambres insolites proche de Saint-\u00c9milion : Domaine Jean Got\",\"url\":\"https:\\\/\\\/www.jean-got.fr\\\/en\\\/\",\"logo\":{\"@type\":\"ImageObject\",\"inLanguage\":\"en-US\",\"@id\":\"https:\\\/\\\/www.jean-got.fr\\\/en\\\/#\\\/schema\\\/logo\\\/image\\\/\",\"url\":\"https:\\\/\\\/www.jean-got.fr\\\/wp-content\\\/uploads\\\/2019\\\/05\\\/edito-logo-01.jpg\",\"contentUrl\":\"https:\\\/\\\/www.jean-got.fr\\\/wp-content\\\/uploads\\\/2019\\\/05\\\/edito-logo-01.jpg\",\"width\":364,\"height\":409,\"caption\":\"Le Domaine Jean Got : Gite insolite proche de Saint-\u00c9milion\"},\"image\":{\"@id\":\"https:\\\/\\\/www.jean-got.fr\\\/en\\\/#\\\/schema\\\/logo\\\/image\\\/\"},\"sameAs\":[\"https:\\\/\\\/www.facebook.com\\\/DomaineJeanGot\\\/\",\"https:\\\/\\\/www.instagram.com\\\/domainejeangot\\\/\",\"https:\\\/\\\/g.page\\\/DomaineJeanGot\\\/review\"]}]}<\/script>\n<!-- \/ Yoast SEO plugin. -->","yoast_head_json":{"title":"Around the Domain Jean Got : Cottage near Saint-Emilion, massage, Well-being","description":"Around the Domain Jean Got : Cottage at Saint-Emilion. The Southwest offers you multiple possibilities. Gironde : with its temperate climate...","robots":{"index":"index","follow":"follow","max-snippet":"max-snippet:-1","max-image-preview":"max-image-preview:large","max-video-preview":"max-video-preview:-1"},"canonical":"https:\/\/www.jean-got.fr\/en\/around\/","og_locale":"en_US","og_type":"article","og_title":"Around the Domain Jean Got : Cottage near Saint-Emilion, massage, Well-being","og_description":"Around the Domain Jean Got : Cottage at Saint-Emilion. The Southwest offers you multiple possibilities. Gironde : with its temperate climate...","og_url":"https:\/\/www.jean-got.fr\/en\/around\/","og_site_name":"Domaine Jean Got : G\u00eete SPA Bien-\u00eatre Saint-Emilion","article_publisher":"https:\/\/www.facebook.com\/DomaineJeanGot\/","article_modified_time":"2019-12-24T16:08:11+00:00","og_image":[{"width":364,"height":409,"url":"https:\/\/www.jean-got.fr\/wp-content\/uploads\/2019\/05\/edito-logo-01.jpg","type":"image\/jpeg"}],"twitter_card":"summary_large_image","twitter_misc":{"Est. reading time":"3 minutes"},"schema":{"@context":"https:\/\/schema.org","@graph":[{"@type":"WebPage","@id":"https:\/\/www.jean-got.fr\/en\/around\/","url":"https:\/\/www.jean-got.fr\/en\/around\/","name":"Around the Domain Jean Got : Cottage near Saint-Emilion, massage, Well-being","isPartOf":{"@id":"https:\/\/www.jean-got.fr\/en\/#website"},"datePublished":"2019-05-29T11:46:00+00:00","dateModified":"2019-12-24T16:08:11+00:00","description":"Around the Domain Jean Got : Cottage at Saint-Emilion. The Southwest offers you multiple possibilities. Gironde : with its temperate climate...","breadcrumb":{"@id":"https:\/\/www.jean-got.fr\/en\/around\/#breadcrumb"},"inLanguage":"en-US","potentialAction":[{"@type":"ReadAction","target":["https:\/\/www.jean-got.fr\/en\/around\/"]}]},{"@type":"BreadcrumbList","@id":"https:\/\/www.jean-got.fr\/en\/around\/#breadcrumb","itemListElement":[{"@type":"ListItem","position":1,"name":"Accueil","item":"https:\/\/www.jean-got.fr\/en\/"},{"@type":"ListItem","position":2,"name":"Around"}]},{"@type":"WebSite","@id":"https:\/\/www.jean-got.fr\/en\/#website","url":"https:\/\/www.jean-got.fr\/en\/","name":"G\u00eete proche Saint-\u00c9milion : Le Domaine Jean Got, chambres insolites","description":"Chambre insolite \u00e0 Saint-\u00c9milion, G\u00e9ode, SPA et Bien-\u00eatre","publisher":{"@id":"https:\/\/www.jean-got.fr\/en\/#organization"},"alternateName":"Chambres insolites proche de Saint-\u00c9milion : Domaine Jean Got","potentialAction":[{"@type":"SearchAction","target":{"@type":"EntryPoint","urlTemplate":"https:\/\/www.jean-got.fr\/en\/?s={search_term_string}"},"query-input":{"@type":"PropertyValueSpecification","valueRequired":true,"valueName":"search_term_string"}}],"inLanguage":"en-US"},{"@type":"Organization","@id":"https:\/\/www.jean-got.fr\/en\/#organization","name":"Le Domaine Jean Got : Gite insolite proche de Saint-\u00c9milion","alternateName":"Chambres insolites proche de Saint-\u00c9milion : Domaine Jean Got","url":"https:\/\/www.jean-got.fr\/en\/","logo":{"@type":"ImageObject","inLanguage":"en-US","@id":"https:\/\/www.jean-got.fr\/en\/#\/schema\/logo\/image\/","url":"https:\/\/www.jean-got.fr\/wp-content\/uploads\/2019\/05\/edito-logo-01.jpg","contentUrl":"https:\/\/www.jean-got.fr\/wp-content\/uploads\/2019\/05\/edito-logo-01.jpg","width":364,"height":409,"caption":"Le Domaine Jean Got : Gite insolite proche de Saint-\u00c9milion"},"image":{"@id":"https:\/\/www.jean-got.fr\/en\/#\/schema\/logo\/image\/"},"sameAs":["https:\/\/www.facebook.com\/DomaineJeanGot\/","https:\/\/www.instagram.com\/domainejeangot\/","https:\/\/g.page\/DomaineJeanGot\/review"]}]}},"_links":{"self":[{"href":"https:\/\/www.jean-got.fr\/en\/wp-json\/wp\/v2\/pages\/16578","targetHints":{"allow":["GET"]}}],"collection":[{"href":"https:\/\/www.jean-got.fr\/en\/wp-json\/wp\/v2\/pages"}],"about":[{"href":"https:\/\/www.jean-got.fr\/en\/wp-json\/wp\/v2\/types\/page"}],"author":[{"embeddable":true,"href":"https:\/\/www.jean-got.fr\/en\/wp-json\/wp\/v2\/users\/2"}],"replies":[{"embeddable":true,"href":"https:\/\/www.jean-got.fr\/en\/wp-json\/wp\/v2\/comments?post=16578"}],"version-history":[{"count":0,"href":"https:\/\/www.jean-got.fr\/en\/wp-json\/wp\/v2\/pages\/16578\/revisions"}],"wp:attachment":[{"href":"https:\/\/www.jean-got.fr\/en\/wp-json\/wp\/v2\/media?parent=16578"}],"curies":[{"name":"wp","href":"https:\/\/api.w.org\/{rel}","templated":true}]}}