{"id":16584,"date":"2019-05-28T17:23:37","date_gmt":"2019-05-28T15:23:37","guid":{"rendered":"https:\/\/www.jean-got.fr\/hebergement\/"},"modified":"2025-04-01T14:27:53","modified_gmt":"2025-04-01T12:27:53","slug":"house","status":"publish","type":"page","link":"https:\/\/www.jean-got.fr\/en\/house\/","title":{"rendered":"House"},"content":{"rendered":"<div class=\"wpb-content-wrapper\"><p>[vc_row css_animation=&#8221;&#8221; row_type=&#8221;row&#8221; use_row_as_full_screen_section=&#8221;no&#8221; type=&#8221;grid&#8221; angled_section=&#8221;no&#8221; text_align=&#8221;left&#8221; background_image_as_pattern=&#8221;without_pattern&#8221; z_index=&#8221;&#8221; padding_top=&#8221;70&#8243; padding_bottom=&#8221;70&#8243;][vc_column width=&#8221;1\/2&#8243;][vc_column_text]<\/p>\n<h2>Feel at home<\/h2>\n<p>[\/vc_column_text][vc_separator type=&#8221;small&#8221; position=&#8221;left&#8221; up=&#8221;7&#8243; down=&#8221;38&#8243;][vc_column_text]<\/p>\n<h3>Our wish : to create a quiet atmosphere to allow you to forget the stress and spend a holiday &#8220;ultra relaxation&#8221;.<\/h3>\n<p>The houses are tastefully furnished in a &#8220;modern cottage&#8221; style with all comforts: kitchen with ceramic hob with 4 burners, electric oven, fridge with freezer compartment, dishwasher, coffee machine, flat screen TV with international channels and DVD player, wifi high speed internet access (works inside and around houses).<\/p>\n<p>The interior space is non-smoking in the houses.[\/vc_column_text][\/vc_column][vc_column width=&#8221;1\/2&#8243; css=&#8221;.vc_custom_1559921032608{padding-top: 50px !important;}&#8221;][vc_single_image image=&#8221;15033&#8243; img_size=&#8221;full&#8221; alignment=&#8221;center&#8221; qode_css_animation=&#8221;&#8221; transition_delay=&#8221;0.3&#8243;][\/vc_column][\/vc_row][vc_row css_animation=&#8221;&#8221; row_type=&#8221;row&#8221; use_row_as_full_screen_section=&#8221;no&#8221; type=&#8221;grid&#8221; angled_section=&#8221;no&#8221; text_align=&#8221;left&#8221; background_image_as_pattern=&#8221;without_pattern&#8221; z_index=&#8221;&#8221; background_color=&#8221;#ffffff&#8221; padding_top=&#8221;87&#8243; padding_bottom=&#8221;87&#8243;][vc_column][vc_column_text]<\/p>\n<h2 style=\"text-align: center;\">A choice<\/h2>\n<p style=\"text-align: center;\">Houses near Saint-Emilion<\/p>\n<p style=\"text-align: center;\">We offer you a choice between 3 exceptional accommodations and 3 unusual rooms :<\/p>\n<p style=\"text-align: center;\"><a href=\"https:\/\/www.jean-got.fr\/en\/tower\/\">the Tower<\/a>, accommodating two to four people;<\/p>\n<p style=\"text-align: center;\"><a href=\"https:\/\/www.jean-got.fr\/en\/mill\/\">the Mill<\/a>, attached to the mansion where we live, accommodating eight people;<\/p>\n<p style=\"text-align: center;\"><a href=\"https:\/\/www.jean-got.fr\/en\/workshop\/\">the Workshop<\/a>, accomodating four people;<\/p>\n<p style=\"text-align: center;\"><a href=\"https:\/\/www.jean-got.fr\/en\/unusual-rooms-in-the-forest\/\">The Four Unusual Rooms<\/a>, accomodating for two people.<\/p>\n<p>[\/vc_column_text][vc_separator type=&#8221;small&#8221; position=&#8221;center&#8221; down=&#8221;38&#8243; up=&#8221;7&#8243;][vc_row_inner row_type=&#8221;row&#8221; type=&#8221;full_width&#8221; text_align=&#8221;center&#8221; css_animation=&#8221;&#8221; padding_top=&#8221;25px&#8221;][vc_column_inner width=&#8221;1\/3&#8243; css=&#8221;.vc_custom_1559921084958{padding-bottom: 50px !important;}&#8221;][vc_single_image image=&#8221;15138&#8243; img_size=&#8221;350&#215;350&#8243; alignment=&#8221;center&#8221; style=&#8221;vc_box_outline_circle_2&#8243; onclick=&#8221;custom_link&#8221; qode_css_animation=&#8221;element_from_top&#8221; qode_hover_animation=&#8221;zoom_in&#8221; transition_delay=&#8221;0.3&#8243; link=&#8221;https:\/\/www.jean-got.fr\/en\/mill\/&#8221;][vc_empty_space][vc_column_text]<\/p>\n<h2 style=\"text-align: center;\">The Mill<\/h2>\n<h4 style=\"text-align: center;\">From 2 to 6 people<\/h4>\n<p style=\"text-align: center;\"><em>From 177 \u20ac to 289 \u20ac per night for 2 people<\/em><\/p>\n<p>[\/vc_column_text][vc_empty_space]<a  itemprop=\"url\" href=\"https:\/\/www.jean-got.fr\/en\/mill\" target=\"_self\" data-hover-background-color=\"#373737\" data-hover-border-color=\"#373737\" class=\"qbutton  default\" style=\"\">Discover<\/a>[\/vc_column_inner][vc_column_inner width=&#8221;1\/3&#8243;][vc_single_image image=&#8221;18759&#8243; img_size=&#8221;350&#215;350&#8243; alignment=&#8221;center&#8221; style=&#8221;vc_box_outline_circle_2&#8243; onclick=&#8221;custom_link&#8221; qode_css_animation=&#8221;element_from_top&#8221; qode_hover_animation=&#8221;zoom_in&#8221; transition_delay=&#8221;0.3&#8243; link=&#8221;https:\/\/www.jean-got.fr\/en\/tower\/&#8221;][vc_empty_space][vc_column_text]<\/p>\n<h2 style=\"text-align: center;\">The Tower<\/h2>\n<h4 style=\"text-align: center;\">From 2 to 4 people<\/h4>\n<p style=\"text-align: center;\"><em>From 130 \u20ac to 227 \u20ac per night for 2 people<\/em><\/p>\n<p>[\/vc_column_text][vc_empty_space]<a  itemprop=\"url\" href=\"https:\/\/www.jean-got.fr\/en\/tower\" target=\"_self\" data-hover-background-color=\"#373737\" data-hover-border-color=\"#373737\" class=\"qbutton  default\" style=\"\">Discover<\/a>[vc_empty_space height=&#8221;50px&#8221;][\/vc_column_inner][vc_column_inner width=&#8221;1\/3&#8243;][vc_single_image image=&#8221;15973&#8243; img_size=&#8221;350&#215;350&#8243; alignment=&#8221;center&#8221; style=&#8221;vc_box_outline_circle_2&#8243; onclick=&#8221;custom_link&#8221; qode_css_animation=&#8221;element_from_top&#8221; qode_hover_animation=&#8221;zoom_in&#8221; transition_delay=&#8221;0.3&#8243; link=&#8221;https:\/\/www.jean-got.fr\/en\/workshop\/&#8221;][vc_empty_space][vc_column_text]<\/p>\n<h2 style=\"text-align: center;\">The Workshop<\/h2>\n<h4 style=\"text-align: center;\">From 2\u00a0 people<\/h4>\n<p style=\"text-align: center;\"><em>From 95 \u20ac to 175 \u20ac per night for 2 people<\/em><\/p>\n<p>[\/vc_column_text][vc_empty_space]<a  itemprop=\"url\" href=\"https:\/\/www.jean-got.fr\/en\/workshop\" target=\"_self\" data-hover-background-color=\"#373737\" data-hover-border-color=\"#373737\" class=\"qbutton  default\" style=\"\">Discover<\/a>[\/vc_column_inner][\/vc_row_inner][vc_row_inner row_type=&#8221;row&#8221; type=&#8221;full_width&#8221; text_align=&#8221;center&#8221; css_animation=&#8221;&#8221; padding_top=&#8221;25px&#8221;][vc_column_inner width=&#8221;1\/4&#8243;][vc_single_image image=&#8221;18726&#8243; img_size=&#8221;350&#215;350&#8243; alignment=&#8221;center&#8221; style=&#8221;vc_box_outline_circle_2&#8243; onclick=&#8221;custom_link&#8221; qode_css_animation=&#8221;element_from_top&#8221; qode_hover_animation=&#8221;zoom_in&#8221; transition_delay=&#8221;0.3&#8243; link=&#8221;https:\/\/www.jean-got.fr\/en\/unusual-rooms-in-the-forest\/&#8221;][vc_empty_space][vc_column_text]<\/p>\n<h2 style=\"text-align: center;\">Silver poplar<\/h2>\n<h4 style=\"text-align: center;\">From 1 to 2 people<\/h4>\n<p style=\"text-align: center;\"><em>From 165 to 196 \u20ac per night<\/em><\/p>\n<p>[\/vc_column_text][vc_empty_space]<a  itemprop=\"url\" href=\"https:\/\/www.jean-got.fr\/en\/unusual-rooms-in-the-forest\/\" target=\"_self\" data-hover-background-color=\"#373737\" data-hover-border-color=\"#373737\" class=\"qbutton  default\" style=\"\">Discover<\/a>[\/vc_column_inner][vc_column_inner width=&#8221;1\/4&#8243; css=&#8221;.vc_custom_1559921084958{padding-bottom: 50px !important;}&#8221;][vc_single_image image=&#8221;17457&#8243; img_size=&#8221;350&#215;350&#8243; alignment=&#8221;center&#8221; style=&#8221;vc_box_outline_circle_2&#8243; onclick=&#8221;custom_link&#8221; qode_css_animation=&#8221;element_from_top&#8221; qode_hover_animation=&#8221;zoom_in&#8221; transition_delay=&#8221;0.3&#8243; link=&#8221;https:\/\/www.jean-got.fr\/en\/unusual-rooms-in-the-forest\/&#8221;][vc_empty_space][vc_column_text]<\/p>\n<h2 style=\"text-align: center;\">Purple maple<\/h2>\n<h4 style=\"text-align: center;\">From 1 to 2 people<\/h4>\n<p style=\"text-align: center;\"><em>From 165 to 196 \u20ac per night<\/em><\/p>\n<p>[\/vc_column_text][vc_empty_space]<a  itemprop=\"url\" href=\"https:\/\/www.jean-got.fr\/en\/unusual-rooms-in-the-forest\/\" target=\"_self\" data-hover-background-color=\"#373737\" data-hover-border-color=\"#373737\" class=\"qbutton  default\" style=\"\">Discover<\/a>[\/vc_column_inner][vc_column_inner width=&#8221;1\/4&#8243;][vc_single_image image=&#8221;18019&#8243; img_size=&#8221;350&#215;350&#8243; alignment=&#8221;center&#8221; style=&#8221;vc_box_outline_circle_2&#8243; onclick=&#8221;custom_link&#8221; qode_css_animation=&#8221;element_from_top&#8221; qode_hover_animation=&#8221;zoom_in&#8221; transition_delay=&#8221;0.3&#8243; link=&#8221;https:\/\/www.jean-got.fr\/en\/unusual-rooms-in-the-forest\/&#8221;][vc_empty_space][vc_column_text]<\/p>\n<h2 style=\"text-align: center;\">Golden ash<\/h2>\n<h4 style=\"text-align: center;\">From 1 to 2 people<\/h4>\n<p style=\"text-align: center;\"><em>From 165 to 196 \u20ac per night<\/em><\/p>\n<p>[\/vc_column_text][vc_empty_space]<a  itemprop=\"url\" href=\"https:\/\/www.jean-got.fr\/en\/unusual-rooms-in-the-forest\/\" target=\"_self\" data-hover-background-color=\"#373737\" data-hover-border-color=\"#373737\" class=\"qbutton  default\" style=\"\">Discover<\/a>[\/vc_column_inner][vc_column_inner width=&#8221;1\/4&#8243;][vc_single_image image=&#8221;18681&#8243; img_size=&#8221;350&#215;350&#8243; alignment=&#8221;center&#8221; style=&#8221;vc_box_outline_circle_2&#8243; onclick=&#8221;custom_link&#8221; qode_css_animation=&#8221;element_from_top&#8221; qode_hover_animation=&#8221;zoom_in&#8221; transition_delay=&#8221;0.3&#8243; link=&#8221;https:\/\/www.jean-got.fr\/en\/unusual-rooms-in-the-forest\/&#8221;][vc_empty_space][vc_column_text]<\/p>\n<h2 style=\"text-align: center;\">Emerald Oak<\/h2>\n<h4 style=\"text-align: center;\">From 1 to 2 people<\/h4>\n<p style=\"text-align: center;\"><em>From 165 to 196 \u20ac per night<\/em><\/p>\n<p>[\/vc_column_text][vc_empty_space]<a  itemprop=\"url\" href=\"https:\/\/www.jean-got.fr\/en\/unusual-rooms-in-the-forest\/\" target=\"_self\" data-hover-background-color=\"#373737\" data-hover-border-color=\"#373737\" class=\"qbutton  default\" style=\"\">Discover<\/a>[\/vc_column_inner][\/vc_row_inner][\/vc_column][\/vc_row][vc_row css_animation=&#8221;&#8221; row_type=&#8221;row&#8221; use_row_as_full_screen_section=&#8221;no&#8221; type=&#8221;grid&#8221; angled_section=&#8221;no&#8221; text_align=&#8221;left&#8221; background_image_as_pattern=&#8221;without_pattern&#8221; padding_top=&#8221;86&#8243; padding_bottom=&#8221;34&#8243; z_index=&#8221;&#8221;][vc_column][vc_column_text css=&#8221;&#8221;]<\/p>\n<h2 style=\"text-align: center;\">Newsletter<\/h2>\n<p>[\/vc_column_text][vc_separator type=&#8221;small&#8221; position=&#8221;center&#8221; down=&#8221;37&#8243; up=&#8221;7&#8243;][vc_column_text css=&#8221;&#8221;]<\/p>\n<h4 style=\"text-align: center;\">Sign up and stay up to date with our latest news and events.<\/h4>\n<p>&nbsp;<\/p>\n<p style=\"text-align: center;\"><div class=\"tnp tnp-subscription \">\n<form method=\"post\" action=\"https:\/\/www.jean-got.fr\/wp-admin\/admin-ajax.php?action=tnp&amp;na=s\">\n<input type='hidden' name='nl[]' value='2'>\n<input type=\"hidden\" name=\"nlang\" value=\"en\">\n<div class=\"tnp-field tnp-field-firstname\"><label for=\"tnp-1\">Votre nom<\/label>\n<input class=\"tnp-name\" type=\"text\" name=\"nn\" id=\"tnp-1\" value=\"\" placeholder=\"\"><\/div>\n<div class=\"tnp-field tnp-field-email\"><label for=\"tnp-2\">Votre adresse mail<\/label>\n<input class=\"tnp-email\" type=\"email\" name=\"ne\" id=\"tnp-2\" value=\"\" placeholder=\"\" required><\/div>\n<div class=\"tnp-field tnp-privacy-field\"><label><input type=\"checkbox\" name=\"ny\" required class=\"tnp-privacy\"> <a target=\"_blank\" href=\"https:\/\/www.jean-got.fr\/mentions-legales\/\">J&#039;accepte les mentions l\u00e9gales<\/a><\/label><\/div><div class=\"tnp-field tnp-field-button\" style=\"text-align: left\"><input class=\"tnp-submit\" type=\"submit\" value=\"Subscribe\" style=\"\">\n<\/div>\n<\/form>\n<\/div>\n<p>[\/vc_column_text][vc_separator type=&#8221;transparent&#8221; up=&#8221;55&#8243; down=&#8221;0&#8243;][\/vc_column][\/vc_row][vc_row css_animation=&#8221;&#8221; row_type=&#8221;row&#8221; use_row_as_full_screen_section=&#8221;no&#8221; type=&#8221;full_width&#8221; angled_section=&#8221;no&#8221; text_align=&#8221;left&#8221; background_image_as_pattern=&#8221;without_pattern&#8221; z_index=&#8221;&#8221;][vc_column]<div class=\"call_to_action normal\" style=\"background-color: #045048;\"><div class=\"container_inner\"><div class=\"two_columns_75_25 clearfix\"><div class=\"text_wrapper column1\"><div class=\"call_to_action_text \" style=\"\">Interested(s) ? We will be happy to answer all your questions.<\/div><\/div><div class=\"button_wrapper column2\"><a itemprop=\"url\" href=\"https:\/\/www.jean-got.fr\/en\/contact\/\" class=\"qbutton white \" target=\"_self\" style=\"color: #ffffff;border-color: #ffffff;\" data-hover-background-color=#ffffff data-hover-border-color=#ffffff data-hover-color=#045048>CONTACT US<\/a><\/div><\/div><\/div><\/div>[\/vc_column][\/vc_row]<\/p>\n<\/div>","protected":false},"excerpt":{"rendered":"<p>[vc_row css_animation=&#8221;&#8221; row_type=&#8221;row&#8221; use_row_as_full_screen_section=&#8221;no&#8221; type=&#8221;grid&#8221; angled_section=&#8221;no&#8221; text_align=&#8221;left&#8221; background_image_as_pattern=&#8221;without_pattern&#8221; z_index=&#8221;&#8221; padding_top=&#8221;70&#8243; padding_bottom=&#8221;70&#8243;][vc_column width=&#8221;1\/2&#8243;][vc_column_text] Feel at home [\/vc_column_text][vc_separator type=&#8221;small&#8221; position=&#8221;left&#8221; up=&#8221;7&#8243; down=&#8221;38&#8243;][vc_column_text] Our wish : to create a quiet atmosphere to allow you to forget the stress and spend a holiday &#8220;ultra relaxation&#8221;. The houses are tastefully&#8230;<\/p>\n","protected":false},"author":2,"featured_media":0,"parent":0,"menu_order":0,"comment_status":"open","ping_status":"open","template":"full_width.php","meta":{"footnotes":""},"class_list":["post-16584","page","type-page","status-publish","hentry"],"yoast_head":"<!-- This site is optimized with the Yoast SEO plugin v27.3 - https:\/\/yoast.com\/product\/yoast-seo-wordpress\/ -->\n<title>House close to Saint-Emilion - Domain Jean Got : Cottage near Saint-Emilion<\/title>\n<meta name=\"description\" content=\"House near Saint-Emilion : Domain Jean Got offers you several unusual accommodation solutions : the Tower, the Mill, the Workshop in a setting...\" \/>\n<meta name=\"robots\" content=\"index, follow, max-snippet:-1, max-image-preview:large, max-video-preview:-1\" \/>\n<link rel=\"canonical\" href=\"https:\/\/www.jean-got.fr\/en\/house\/\" \/>\n<meta property=\"og:locale\" content=\"en_US\" \/>\n<meta property=\"og:type\" content=\"article\" \/>\n<meta property=\"og:title\" content=\"House close to Saint-Emilion - Domain Jean Got : Cottage near Saint-Emilion\" \/>\n<meta property=\"og:description\" content=\"House near Saint-Emilion : Domain Jean Got offers you several unusual accommodation solutions : the Tower, the Mill, the Workshop in a setting...\" \/>\n<meta property=\"og:url\" content=\"https:\/\/www.jean-got.fr\/en\/house\/\" \/>\n<meta property=\"og:site_name\" content=\"Domaine Jean Got : G\u00eete SPA Bien-\u00eatre Saint-Emilion\" \/>\n<meta property=\"article:publisher\" content=\"https:\/\/www.facebook.com\/DomaineJeanGot\/\" \/>\n<meta property=\"article:modified_time\" content=\"2025-04-01T12:27:53+00:00\" \/>\n<meta property=\"og:image\" content=\"https:\/\/www.jean-got.fr\/wp-content\/uploads\/2019\/05\/edito-logo-01.jpg\" \/>\n\t<meta property=\"og:image:width\" content=\"364\" \/>\n\t<meta property=\"og:image:height\" content=\"409\" \/>\n\t<meta property=\"og:image:type\" content=\"image\/jpeg\" \/>\n<meta name=\"twitter:card\" content=\"summary_large_image\" \/>\n<meta name=\"twitter:label1\" content=\"Est. reading time\" \/>\n\t<meta name=\"twitter:data1\" content=\"3 minutes\" \/>\n<script type=\"application\/ld+json\" class=\"yoast-schema-graph\">{\"@context\":\"https:\\\/\\\/schema.org\",\"@graph\":[{\"@type\":\"WebPage\",\"@id\":\"https:\\\/\\\/www.jean-got.fr\\\/en\\\/house\\\/\",\"url\":\"https:\\\/\\\/www.jean-got.fr\\\/en\\\/house\\\/\",\"name\":\"House close to Saint-Emilion - Domain Jean Got : Cottage near Saint-Emilion\",\"isPartOf\":{\"@id\":\"https:\\\/\\\/www.jean-got.fr\\\/en\\\/#website\"},\"datePublished\":\"2019-05-28T15:23:37+00:00\",\"dateModified\":\"2025-04-01T12:27:53+00:00\",\"description\":\"House near Saint-Emilion : Domain Jean Got offers you several unusual accommodation solutions : the Tower, the Mill, the Workshop in a setting...\",\"breadcrumb\":{\"@id\":\"https:\\\/\\\/www.jean-got.fr\\\/en\\\/house\\\/#breadcrumb\"},\"inLanguage\":\"en-US\",\"potentialAction\":[{\"@type\":\"ReadAction\",\"target\":[\"https:\\\/\\\/www.jean-got.fr\\\/en\\\/house\\\/\"]}]},{\"@type\":\"BreadcrumbList\",\"@id\":\"https:\\\/\\\/www.jean-got.fr\\\/en\\\/house\\\/#breadcrumb\",\"itemListElement\":[{\"@type\":\"ListItem\",\"position\":1,\"name\":\"Accueil\",\"item\":\"https:\\\/\\\/www.jean-got.fr\\\/en\\\/\"},{\"@type\":\"ListItem\",\"position\":2,\"name\":\"House\"}]},{\"@type\":\"WebSite\",\"@id\":\"https:\\\/\\\/www.jean-got.fr\\\/en\\\/#website\",\"url\":\"https:\\\/\\\/www.jean-got.fr\\\/en\\\/\",\"name\":\"G\u00eete proche Saint-\u00c9milion : Le Domaine Jean Got, chambres insolites\",\"description\":\"Chambre insolite \u00e0 Saint-\u00c9milion, G\u00e9ode, SPA et Bien-\u00eatre\",\"publisher\":{\"@id\":\"https:\\\/\\\/www.jean-got.fr\\\/en\\\/#organization\"},\"alternateName\":\"Chambres insolites proche de Saint-\u00c9milion : Domaine Jean Got\",\"potentialAction\":[{\"@type\":\"SearchAction\",\"target\":{\"@type\":\"EntryPoint\",\"urlTemplate\":\"https:\\\/\\\/www.jean-got.fr\\\/en\\\/?s={search_term_string}\"},\"query-input\":{\"@type\":\"PropertyValueSpecification\",\"valueRequired\":true,\"valueName\":\"search_term_string\"}}],\"inLanguage\":\"en-US\"},{\"@type\":\"Organization\",\"@id\":\"https:\\\/\\\/www.jean-got.fr\\\/en\\\/#organization\",\"name\":\"Le Domaine Jean Got : Gite insolite proche de Saint-\u00c9milion\",\"alternateName\":\"Chambres insolites proche de Saint-\u00c9milion : Domaine Jean Got\",\"url\":\"https:\\\/\\\/www.jean-got.fr\\\/en\\\/\",\"logo\":{\"@type\":\"ImageObject\",\"inLanguage\":\"en-US\",\"@id\":\"https:\\\/\\\/www.jean-got.fr\\\/en\\\/#\\\/schema\\\/logo\\\/image\\\/\",\"url\":\"https:\\\/\\\/www.jean-got.fr\\\/wp-content\\\/uploads\\\/2019\\\/05\\\/edito-logo-01.jpg\",\"contentUrl\":\"https:\\\/\\\/www.jean-got.fr\\\/wp-content\\\/uploads\\\/2019\\\/05\\\/edito-logo-01.jpg\",\"width\":364,\"height\":409,\"caption\":\"Le Domaine Jean Got : Gite insolite proche de Saint-\u00c9milion\"},\"image\":{\"@id\":\"https:\\\/\\\/www.jean-got.fr\\\/en\\\/#\\\/schema\\\/logo\\\/image\\\/\"},\"sameAs\":[\"https:\\\/\\\/www.facebook.com\\\/DomaineJeanGot\\\/\",\"https:\\\/\\\/www.instagram.com\\\/domainejeangot\\\/\",\"https:\\\/\\\/g.page\\\/DomaineJeanGot\\\/review\"]}]}<\/script>\n<!-- \/ Yoast SEO plugin. -->","yoast_head_json":{"title":"House close to Saint-Emilion - Domain Jean Got : Cottage near Saint-Emilion","description":"House near Saint-Emilion : Domain Jean Got offers you several unusual accommodation solutions : the Tower, the Mill, the Workshop in a setting...","robots":{"index":"index","follow":"follow","max-snippet":"max-snippet:-1","max-image-preview":"max-image-preview:large","max-video-preview":"max-video-preview:-1"},"canonical":"https:\/\/www.jean-got.fr\/en\/house\/","og_locale":"en_US","og_type":"article","og_title":"House close to Saint-Emilion - Domain Jean Got : Cottage near Saint-Emilion","og_description":"House near Saint-Emilion : Domain Jean Got offers you several unusual accommodation solutions : the Tower, the Mill, the Workshop in a setting...","og_url":"https:\/\/www.jean-got.fr\/en\/house\/","og_site_name":"Domaine Jean Got : G\u00eete SPA Bien-\u00eatre Saint-Emilion","article_publisher":"https:\/\/www.facebook.com\/DomaineJeanGot\/","article_modified_time":"2025-04-01T12:27:53+00:00","og_image":[{"width":364,"height":409,"url":"https:\/\/www.jean-got.fr\/wp-content\/uploads\/2019\/05\/edito-logo-01.jpg","type":"image\/jpeg"}],"twitter_card":"summary_large_image","twitter_misc":{"Est. reading time":"3 minutes"},"schema":{"@context":"https:\/\/schema.org","@graph":[{"@type":"WebPage","@id":"https:\/\/www.jean-got.fr\/en\/house\/","url":"https:\/\/www.jean-got.fr\/en\/house\/","name":"House close to Saint-Emilion - Domain Jean Got : Cottage near Saint-Emilion","isPartOf":{"@id":"https:\/\/www.jean-got.fr\/en\/#website"},"datePublished":"2019-05-28T15:23:37+00:00","dateModified":"2025-04-01T12:27:53+00:00","description":"House near Saint-Emilion : Domain Jean Got offers you several unusual accommodation solutions : the Tower, the Mill, the Workshop in a setting...","breadcrumb":{"@id":"https:\/\/www.jean-got.fr\/en\/house\/#breadcrumb"},"inLanguage":"en-US","potentialAction":[{"@type":"ReadAction","target":["https:\/\/www.jean-got.fr\/en\/house\/"]}]},{"@type":"BreadcrumbList","@id":"https:\/\/www.jean-got.fr\/en\/house\/#breadcrumb","itemListElement":[{"@type":"ListItem","position":1,"name":"Accueil","item":"https:\/\/www.jean-got.fr\/en\/"},{"@type":"ListItem","position":2,"name":"House"}]},{"@type":"WebSite","@id":"https:\/\/www.jean-got.fr\/en\/#website","url":"https:\/\/www.jean-got.fr\/en\/","name":"G\u00eete proche Saint-\u00c9milion : Le Domaine Jean Got, chambres insolites","description":"Chambre insolite \u00e0 Saint-\u00c9milion, G\u00e9ode, SPA et Bien-\u00eatre","publisher":{"@id":"https:\/\/www.jean-got.fr\/en\/#organization"},"alternateName":"Chambres insolites proche de Saint-\u00c9milion : Domaine Jean Got","potentialAction":[{"@type":"SearchAction","target":{"@type":"EntryPoint","urlTemplate":"https:\/\/www.jean-got.fr\/en\/?s={search_term_string}"},"query-input":{"@type":"PropertyValueSpecification","valueRequired":true,"valueName":"search_term_string"}}],"inLanguage":"en-US"},{"@type":"Organization","@id":"https:\/\/www.jean-got.fr\/en\/#organization","name":"Le Domaine Jean Got : Gite insolite proche de Saint-\u00c9milion","alternateName":"Chambres insolites proche de Saint-\u00c9milion : Domaine Jean Got","url":"https:\/\/www.jean-got.fr\/en\/","logo":{"@type":"ImageObject","inLanguage":"en-US","@id":"https:\/\/www.jean-got.fr\/en\/#\/schema\/logo\/image\/","url":"https:\/\/www.jean-got.fr\/wp-content\/uploads\/2019\/05\/edito-logo-01.jpg","contentUrl":"https:\/\/www.jean-got.fr\/wp-content\/uploads\/2019\/05\/edito-logo-01.jpg","width":364,"height":409,"caption":"Le Domaine Jean Got : Gite insolite proche de Saint-\u00c9milion"},"image":{"@id":"https:\/\/www.jean-got.fr\/en\/#\/schema\/logo\/image\/"},"sameAs":["https:\/\/www.facebook.com\/DomaineJeanGot\/","https:\/\/www.instagram.com\/domainejeangot\/","https:\/\/g.page\/DomaineJeanGot\/review"]}]}},"_links":{"self":[{"href":"https:\/\/www.jean-got.fr\/en\/wp-json\/wp\/v2\/pages\/16584","targetHints":{"allow":["GET"]}}],"collection":[{"href":"https:\/\/www.jean-got.fr\/en\/wp-json\/wp\/v2\/pages"}],"about":[{"href":"https:\/\/www.jean-got.fr\/en\/wp-json\/wp\/v2\/types\/page"}],"author":[{"embeddable":true,"href":"https:\/\/www.jean-got.fr\/en\/wp-json\/wp\/v2\/users\/2"}],"replies":[{"embeddable":true,"href":"https:\/\/www.jean-got.fr\/en\/wp-json\/wp\/v2\/comments?post=16584"}],"version-history":[{"count":0,"href":"https:\/\/www.jean-got.fr\/en\/wp-json\/wp\/v2\/pages\/16584\/revisions"}],"wp:attachment":[{"href":"https:\/\/www.jean-got.fr\/en\/wp-json\/wp\/v2\/media?parent=16584"}],"curies":[{"name":"wp","href":"https:\/\/api.w.org\/{rel}","templated":true}]}}