{"id":16588,"date":"2019-08-27T09:25:29","date_gmt":"2019-08-27T07:25:29","guid":{"rendered":"https:\/\/www.jean-got.fr\/atelier\/"},"modified":"2026-01-29T15:03:30","modified_gmt":"2026-01-29T14:03:30","slug":"workshop","status":"publish","type":"page","link":"https:\/\/www.jean-got.fr\/en\/workshop\/","title":{"rendered":"The Workshop"},"content":{"rendered":"<div class=\"wpb-content-wrapper\"><p>[vc_row css_animation=&#8221;&#8221; row_type=&#8221;row&#8221; use_row_as_full_screen_section=&#8221;no&#8221; type=&#8221;grid&#8221; angled_section=&#8221;no&#8221; text_align=&#8221;left&#8221; background_image_as_pattern=&#8221;without_pattern&#8221; z_index=&#8221;&#8221; padding_top=&#8221;70&#8243; padding_bottom=&#8221;70&#8243;][vc_column width=&#8221;1\/2&#8243;][vc_column_text]<\/p>\n<h2>The Workshop<\/h2>\n<p>[\/vc_column_text][vc_separator type=&#8221;small&#8221; position=&#8221;left&#8221; up=&#8221;7&#8243; down=&#8221;38&#8243;][vc_column_text]The Workshop is as its name suggests an old workshop and even before a barn adjoining the mill. <strong>Its renovation and transformation into a cottage was completed in 2019.<\/strong><\/p>\n<p>With an area of \u200b\u200b26 m\u00b2, <strong>this house has it all<\/strong>, with all the necessities of a small house. A main room with a comfortable sofa bed and a dining area and an open kitchen with dishwasher, kettle, coffee maker, fridge, freezer&#8230; a separate toilet and a bathroom with large shower and washing machine and a separate bedroom 9 m\u00b2 overlooking a large terrace of 20 m\u00b2.<\/p>\n<p><strong>The terrace on the edge of the forest and the meadow of our friends the sheep of Ouessant<\/strong> will enchant you for moments of relaxation at the sound of Fontadas stream flowing peacefully.[\/vc_column_text][vc_row_inner row_type=&#8221;row&#8221; type=&#8221;full_width&#8221; text_align=&#8221;left&#8221; css_animation=&#8221;&#8221;][vc_column_inner width=&#8221;1\/2&#8243;]<a  itemprop=\"url\" href=\"#prices\" target=\"_self\"  class=\"qbutton  default\" style=\"margin: 10px 0px 0px 0px; \">Check prices<\/a>[\/vc_column_inner][vc_column_inner width=&#8221;1\/2&#8243;]<a  itemprop=\"url\" href=\"https:\/\/domaine-jean-got.amenitiz.io\/en\/booking\/room\" target=\"_blank\"  class=\"qbutton  default\" style=\"margin: 10px 0px 0px 0px; \">Book<\/a>[\/vc_column_inner][\/vc_row_inner][\/vc_column][vc_column width=&#8221;1\/2&#8243;][vc_single_image image=&#8221;15970&#8243; img_size=&#8221;full&#8221; alignment=&#8221;center&#8221; style=&#8221;vc_box_circle_2&#8243; css=&#8221;.vc_custom_1566891231866{padding-top: 25px !important;}&#8221; qode_css_animation=&#8221;&#8221; transition_delay=&#8221;0.3&#8243;][\/vc_column][\/vc_row][vc_row css_animation=&#8221;&#8221; row_type=&#8221;row&#8221; use_row_as_full_screen_section=&#8221;no&#8221; type=&#8221;grid&#8221; angled_section=&#8221;no&#8221; text_align=&#8221;left&#8221; background_image_as_pattern=&#8221;without_pattern&#8221; z_index=&#8221;&#8221; background_color=&#8221;#ffffff&#8221; padding_top=&#8221;87&#8243; padding_bottom=&#8221;87&#8243;][vc_column][vc_column_text]<\/p>\n<h2 style=\"text-align: center;\">The Workshop in pictures<\/h2>\n<p>[\/vc_column_text][vc_separator type=&#8221;small&#8221; position=&#8221;center&#8221; down=&#8221;38&#8243; up=&#8221;7&#8243;][vc_gallery type=&#8221;image_grid&#8221; images=&#8221;15973,15974,15975,15976,15977,15978,15979,15980,15981,15982,15983,15984,15985,15986&#8243; img_size=&#8221;300&#215;300&#8243; column_number=&#8221;4&#8243; grayscale=&#8221;yes&#8221; images_space=&#8221;gallery_without_space&#8221;][\/vc_column][\/vc_row][vc_row css_animation=&#8221;&#8221; row_type=&#8221;row&#8221; use_row_as_full_screen_section=&#8221;no&#8221; type=&#8221;grid&#8221; angled_section=&#8221;no&#8221; text_align=&#8221;left&#8221; background_image_as_pattern=&#8221;without_pattern&#8221; padding_top=&#8221;87&#8243; padding_bottom=&#8221;15&#8243; z_index=&#8221;&#8221; anchor=&#8221;prices&#8221;][vc_column][vc_column_text]<\/p>\n<h2 style=\"text-align: center;\">Prices<\/h2>\n<p>[\/vc_column_text][vc_separator type=&#8221;small&#8221; position=&#8221;center&#8221; down=&#8221;38&#8243; up=&#8221;7&#8243;][vc_column_text]<\/p>\n<h4 style=\"text-align: center;\">Price for 2 people<\/h4>\n<p style=\"text-align: center;\"><em>(including electricity, hot water, blankets and bed linen, towels, free internet access, central heating in low season and winter)<\/em><\/p>\n<p>[\/vc_column_text][vc_separator type=&#8221;transparent&#8221; up=&#8221;68&#8243; down=&#8221;39&#8243;][qode_pricing_tables columns=&#8221;three_columns&#8221;][qode_pricing_table title=&#8221;High season&#8221; title_tag_standard=&#8221;&#8221; show_button=&#8221;yes&#8221; target=&#8221;_blank&#8221; active=&#8221;no&#8221; price=&#8221;140&#8243; currency=&#8221;\u20ac&#8221; price_period=&#8221;\/ Night&#8221; link=&#8221;https:\/\/domaine-jean-got.amenitiz.io\/en\/booking\/room&#8221; button_text=&#8221;Book&#8221;]<\/p>\n<ul>\n<li><mark>From July 01 to August 31, 2024<\/mark><\/li>\n<li>Possibility of rent from <strong>2 nights minimum<\/strong><\/li>\n<li>6 \u20ac per extra person over 2 people<\/li>\n<li>Tourist tax :<br \/>\n\u20ac 2,09 per person, per night<\/li>\n<li>Cleaning : 35 \u20ac<\/li>\n<\/ul>\n<p>[\/qode_pricing_table][qode_pricing_table title=&#8221;Low season&#8221; title_tag_standard=&#8221;&#8221; show_button=&#8221;yes&#8221; target=&#8221;_blank&#8221; active=&#8221;no&#8221; price=&#8221;117&#8243; currency=&#8221;\u20ac&#8221; price_period=&#8221;\/ Night&#8221; link=&#8221;https:\/\/domaine-jean-got.amenitiz.io\/en\/booking\/room&#8221; button_text=&#8221;Book&#8221;]<\/p>\n<ul>\n<li><mark>From April 01 to June 30, 2024<\/mark><\/li>\n<li><mark>From September 01 to October 31, 2024<\/mark><\/li>\n<li>Possibility of rent from <strong>2 nights minimum<\/strong><\/li>\n<li>6 \u20ac per extra person over 2 people<\/li>\n<li>Tourist tax :<br \/>\n\u20ac 2,09 per person, per night<\/li>\n<li>Cleaning : 35 \u20ac<\/li>\n<\/ul>\n<p>[\/qode_pricing_table][qode_pricing_table title=&#8221;Winter&#8221; title_tag_standard=&#8221;&#8221; show_button=&#8221;yes&#8221; target=&#8221;_blank&#8221; active=&#8221;yes&#8221; price=&#8221;98&#8243; currency=&#8221;\u20ac&#8221; price_period=&#8221;\/ Night&#8221; link=&#8221;https:\/\/domaine-jean-got.amenitiz.io\/en\/booking\/room&#8221; active_text=&#8221;Best price&#8221; button_text=&#8221;Book&#8221;]<\/p>\n<ul>\n<li><mark>From January 01, 2023 to March 31, 2023<\/mark><\/li>\n<li><mark>From November 01, 2023 to December 31, 2023\u00a0<\/mark><\/li>\n<li>Possibility of rent from <strong>2 nights minimum<\/strong><\/li>\n<li>6 \u20ac per extra person over 2 people<\/li>\n<li>Tourist tax :<br \/>\n\u20ac 1,1 per person, per night<\/li>\n<li>Cleaning : 40 \u20ac<\/li>\n<\/ul>\n<p>[\/qode_pricing_table][\/qode_pricing_tables][vc_separator type=&#8221;transparent&#8221; up=&#8221;20&#8243; down=&#8221;39&#8243;][vc_column_text css=&#8221;&#8221;]<\/p>\n<p style=\"text-align: center;\"><em>Updated July 02, 2025 &#8211; Subject to change without notice.<\/em><\/p>\n<p>[\/vc_column_text][vc_separator type=&#8221;transparent&#8221; up=&#8221;68&#8243; down=&#8221;39&#8243;][\/vc_column][\/vc_row][vc_row css_animation=&#8221;&#8221; row_type=&#8221;row&#8221; use_row_as_full_screen_section=&#8221;no&#8221; type=&#8221;grid&#8221; angled_section=&#8221;no&#8221; text_align=&#8221;left&#8221; background_image_as_pattern=&#8221;without_pattern&#8221; z_index=&#8221;&#8221; padding_top=&#8221;87&#8243; padding_bottom=&#8221;87&#8243;][vc_column width=&#8221;1\/2&#8243; css=&#8221;.vc_custom_1559924073464{padding-bottom: 25px !important;}&#8221;][vc_column_text]<strong>We also provide you with :<\/strong><\/p>\n<ul>\n<li>Common swimming pool (10 x 5 m)<\/li>\n<li>Garden furniture, relax<\/li>\n<li>Assortment of games (Balls, Volleyball, Badminton)<\/li>\n<li>Barbecue<\/li>\n<li>Washing machine and drying rack<\/li>\n<li>Baby seat, cot and baby bath (on request)<\/li>\n<\/ul>\n<p>[\/vc_column_text][vc_separator type=&#8221;transparent&#8221; up=&#8221;10&#8243; down=&#8221;10&#8243;]<a  itemprop=\"url\" href=\"https:\/\/www.jean-got.fr\/en\/services\" target=\"_self\" data-hover-background-color=\"#373737\" data-hover-border-color=\"#373737\" class=\"qbutton  default\" style=\"\">Read more<\/a>[\/vc_column][vc_column width=&#8221;1\/2&#8243;][vc_column_text css=&#8221;&#8221;]<strong><span data-type=\"normal\"  class=\"qode_icon_shortcode  q_font_awsome_icon fa-2x  \" style=\" \"><i class=\"qode_icon_font_awesome fa fa-info-circle qode_icon_element\" style=\"color: #373737;\" ><\/i><\/span>\u00a0Practical info<\/strong><\/p>\n<p>Cleaning : 35 \u20ac<\/p>\n<p>Shops, Pharmacy and Doctors at Branne (at 1.5 km).<\/p>\n<p><a href=\"https:\/\/www.jean-got.fr\/en\/around\/\">Activities and leisures around<\/a> : Wine tastings, hiking, cycling, tennis, golf, rowing on the Dordogne, fishing, horse riding&#8230;[\/vc_column_text][vc_separator type=&#8221;transparent&#8221; up=&#8221;10&#8243; down=&#8221;10&#8243;][vc_row_inner row_type=&#8221;row&#8221; type=&#8221;full_width&#8221; text_align=&#8221;center&#8221; css_animation=&#8221;&#8221;][vc_column_inner width=&#8221;1\/2&#8243;][vc_column_text]<strong>3 star ranking<\/strong> by<\/p>\n<p><img loading=\"lazy\" decoding=\"async\" class=\"alignnone size-medium wp-image-15990\" src=\"https:\/\/www.jean-got.fr\/wp-content\/uploads\/2019\/08\/etoiles-de-france-01-300x78.jpg\" alt=\"\u00c9toiles de France : Tourist furnished ranking\" width=\"300\" height=\"78\" \/>[\/vc_column_text][\/vc_column_inner][vc_column_inner width=&#8221;1\/2&#8243;][vc_column_text]<strong>Booking.com<br \/>\n<\/strong>Traveller Review Awards 2020<\/p>\n<p><img loading=\"lazy\" decoding=\"async\" class=\"alignnone size-full wp-image-16937\" src=\"https:\/\/www.jean-got.fr\/wp-content\/uploads\/2020\/01\/note-booking-01.png\" alt=\"Booking.com Traveller Review Awards 2020\" width=\"150\" height=\"150\" \/>[\/vc_column_text][\/vc_column_inner][\/vc_row_inner][\/vc_column][\/vc_row][vc_row css_animation=&#8221;&#8221; row_type=&#8221;row&#8221; use_row_as_full_screen_section=&#8221;no&#8221; type=&#8221;full_width&#8221; angled_section=&#8221;no&#8221; text_align=&#8221;left&#8221; background_image_as_pattern=&#8221;without_pattern&#8221;][vc_column]<div class=\"call_to_action normal\" style=\"background-color: #045048;\"><div class=\"container_inner\"><div class=\"two_columns_75_25 clearfix\"><div class=\"text_wrapper column1\"><div class=\"call_to_action_text \" style=\"\">Interested(s) ? Book your dates online now !<\/div><\/div><div class=\"button_wrapper column2\"><a itemprop=\"url\" href=\"https:\/\/domaine-jean-got.amenitiz.io\/en\/booking\/room\" class=\"qbutton white \" target=\"_blank\" style=\"color: #ffffff;border-color: #ffffff;\" data-hover-background-color=#ffffff data-hover-border-color=#ffffff data-hover-color=#045048>I book<\/a><\/div><\/div><\/div><\/div>[\/vc_column][\/vc_row]<\/p>\n<\/div>","protected":false},"excerpt":{"rendered":"<p>[vc_row css_animation=&#8221;&#8221; row_type=&#8221;row&#8221; use_row_as_full_screen_section=&#8221;no&#8221; type=&#8221;grid&#8221; angled_section=&#8221;no&#8221; text_align=&#8221;left&#8221; background_image_as_pattern=&#8221;without_pattern&#8221; z_index=&#8221;&#8221; padding_top=&#8221;70&#8243; padding_bottom=&#8221;70&#8243;][vc_column width=&#8221;1\/2&#8243;][vc_column_text] The Workshop [\/vc_column_text][vc_separator type=&#8221;small&#8221; position=&#8221;left&#8221; up=&#8221;7&#8243; down=&#8221;38&#8243;][vc_column_text]The Workshop is as its name suggests an old workshop and even before a barn adjoining the mill. Its renovation and transformation into a cottage was completed&#8230;<\/p>\n","protected":false},"author":2,"featured_media":16822,"parent":0,"menu_order":0,"comment_status":"open","ping_status":"open","template":"full_width.php","meta":{"footnotes":""},"class_list":["post-16588","page","type-page","status-publish","has-post-thumbnail","hentry"],"yoast_head":"<!-- This site is optimized with the Yoast SEO plugin v27.3 - https:\/\/yoast.com\/product\/yoast-seo-wordpress\/ -->\n<title>The Workshop of Domain Jean Got : Cottage near Saint-Emilion<\/title>\n<meta name=\"description\" content=\"The Workshop of Domain Jean Got is an old workshop and even before a barn attached to the mill. Its renovation and transformation into a cottage...\" \/>\n<meta name=\"robots\" content=\"index, follow, max-snippet:-1, max-image-preview:large, max-video-preview:-1\" \/>\n<link rel=\"canonical\" href=\"https:\/\/www.jean-got.fr\/en\/workshop\/\" \/>\n<meta property=\"og:locale\" content=\"en_US\" \/>\n<meta property=\"og:type\" content=\"article\" \/>\n<meta property=\"og:title\" content=\"The Workshop of Domain Jean Got : Cottage near Saint-Emilion\" \/>\n<meta property=\"og:description\" content=\"The Workshop of Domain Jean Got is an old workshop and even before a barn attached to the mill. Its renovation and transformation into a cottage...\" \/>\n<meta property=\"og:url\" content=\"https:\/\/www.jean-got.fr\/en\/workshop\/\" \/>\n<meta property=\"og:site_name\" content=\"Domaine Jean Got : G\u00eete SPA Bien-\u00eatre Saint-Emilion\" \/>\n<meta property=\"article:publisher\" content=\"https:\/\/www.facebook.com\/DomaineJeanGot\/\" \/>\n<meta property=\"article:modified_time\" content=\"2026-01-29T14:03:30+00:00\" \/>\n<meta property=\"og:image\" content=\"https:\/\/www.jean-got.fr\/wp-content\/uploads\/2019\/11\/Terrasse2-copie.jpg\" \/>\n\t<meta property=\"og:image:width\" content=\"2048\" \/>\n\t<meta property=\"og:image:height\" content=\"1366\" \/>\n\t<meta property=\"og:image:type\" content=\"image\/jpeg\" \/>\n<meta name=\"twitter:card\" content=\"summary_large_image\" \/>\n<meta name=\"twitter:label1\" content=\"Est. reading time\" \/>\n\t<meta name=\"twitter:data1\" content=\"7 minutes\" \/>\n<script type=\"application\/ld+json\" class=\"yoast-schema-graph\">{\"@context\":\"https:\\\/\\\/schema.org\",\"@graph\":[{\"@type\":\"WebPage\",\"@id\":\"https:\\\/\\\/www.jean-got.fr\\\/en\\\/workshop\\\/\",\"url\":\"https:\\\/\\\/www.jean-got.fr\\\/en\\\/workshop\\\/\",\"name\":\"The Workshop of Domain Jean Got : Cottage near Saint-Emilion\",\"isPartOf\":{\"@id\":\"https:\\\/\\\/www.jean-got.fr\\\/en\\\/#website\"},\"primaryImageOfPage\":{\"@id\":\"https:\\\/\\\/www.jean-got.fr\\\/en\\\/workshop\\\/#primaryimage\"},\"image\":{\"@id\":\"https:\\\/\\\/www.jean-got.fr\\\/en\\\/workshop\\\/#primaryimage\"},\"thumbnailUrl\":\"https:\\\/\\\/www.jean-got.fr\\\/wp-content\\\/uploads\\\/2019\\\/11\\\/Terrasse2-copie.jpg\",\"datePublished\":\"2019-08-27T07:25:29+00:00\",\"dateModified\":\"2026-01-29T14:03:30+00:00\",\"description\":\"The Workshop of Domain Jean Got is an old workshop and even before a barn attached to the mill. Its renovation and transformation into a cottage...\",\"breadcrumb\":{\"@id\":\"https:\\\/\\\/www.jean-got.fr\\\/en\\\/workshop\\\/#breadcrumb\"},\"inLanguage\":\"en-US\",\"potentialAction\":[{\"@type\":\"ReadAction\",\"target\":[\"https:\\\/\\\/www.jean-got.fr\\\/en\\\/workshop\\\/\"]}]},{\"@type\":\"ImageObject\",\"inLanguage\":\"en-US\",\"@id\":\"https:\\\/\\\/www.jean-got.fr\\\/en\\\/workshop\\\/#primaryimage\",\"url\":\"https:\\\/\\\/www.jean-got.fr\\\/wp-content\\\/uploads\\\/2019\\\/11\\\/Terrasse2-copie.jpg\",\"contentUrl\":\"https:\\\/\\\/www.jean-got.fr\\\/wp-content\\\/uploads\\\/2019\\\/11\\\/Terrasse2-copie.jpg\",\"width\":2048,\"height\":1366,\"caption\":\"L'Atelier du Domaine Jean Got : Terrasse\"},{\"@type\":\"BreadcrumbList\",\"@id\":\"https:\\\/\\\/www.jean-got.fr\\\/en\\\/workshop\\\/#breadcrumb\",\"itemListElement\":[{\"@type\":\"ListItem\",\"position\":1,\"name\":\"Accueil\",\"item\":\"https:\\\/\\\/www.jean-got.fr\\\/en\\\/\"},{\"@type\":\"ListItem\",\"position\":2,\"name\":\"The Workshop\"}]},{\"@type\":\"WebSite\",\"@id\":\"https:\\\/\\\/www.jean-got.fr\\\/en\\\/#website\",\"url\":\"https:\\\/\\\/www.jean-got.fr\\\/en\\\/\",\"name\":\"G\u00eete proche Saint-\u00c9milion : Le Domaine Jean Got, chambres insolites\",\"description\":\"Chambre insolite \u00e0 Saint-\u00c9milion, G\u00e9ode, SPA et Bien-\u00eatre\",\"publisher\":{\"@id\":\"https:\\\/\\\/www.jean-got.fr\\\/en\\\/#organization\"},\"alternateName\":\"Chambres insolites proche de Saint-\u00c9milion : Domaine Jean Got\",\"potentialAction\":[{\"@type\":\"SearchAction\",\"target\":{\"@type\":\"EntryPoint\",\"urlTemplate\":\"https:\\\/\\\/www.jean-got.fr\\\/en\\\/?s={search_term_string}\"},\"query-input\":{\"@type\":\"PropertyValueSpecification\",\"valueRequired\":true,\"valueName\":\"search_term_string\"}}],\"inLanguage\":\"en-US\"},{\"@type\":\"Organization\",\"@id\":\"https:\\\/\\\/www.jean-got.fr\\\/en\\\/#organization\",\"name\":\"Le Domaine Jean Got : Gite insolite proche de Saint-\u00c9milion\",\"alternateName\":\"Chambres insolites proche de Saint-\u00c9milion : Domaine Jean Got\",\"url\":\"https:\\\/\\\/www.jean-got.fr\\\/en\\\/\",\"logo\":{\"@type\":\"ImageObject\",\"inLanguage\":\"en-US\",\"@id\":\"https:\\\/\\\/www.jean-got.fr\\\/en\\\/#\\\/schema\\\/logo\\\/image\\\/\",\"url\":\"https:\\\/\\\/www.jean-got.fr\\\/wp-content\\\/uploads\\\/2019\\\/05\\\/edito-logo-01.jpg\",\"contentUrl\":\"https:\\\/\\\/www.jean-got.fr\\\/wp-content\\\/uploads\\\/2019\\\/05\\\/edito-logo-01.jpg\",\"width\":364,\"height\":409,\"caption\":\"Le Domaine Jean Got : Gite insolite proche de Saint-\u00c9milion\"},\"image\":{\"@id\":\"https:\\\/\\\/www.jean-got.fr\\\/en\\\/#\\\/schema\\\/logo\\\/image\\\/\"},\"sameAs\":[\"https:\\\/\\\/www.facebook.com\\\/DomaineJeanGot\\\/\",\"https:\\\/\\\/www.instagram.com\\\/domainejeangot\\\/\",\"https:\\\/\\\/g.page\\\/DomaineJeanGot\\\/review\"]}]}<\/script>\n<!-- \/ Yoast SEO plugin. -->","yoast_head_json":{"title":"The Workshop of Domain Jean Got : Cottage near Saint-Emilion","description":"The Workshop of Domain Jean Got is an old workshop and even before a barn attached to the mill. Its renovation and transformation into a cottage...","robots":{"index":"index","follow":"follow","max-snippet":"max-snippet:-1","max-image-preview":"max-image-preview:large","max-video-preview":"max-video-preview:-1"},"canonical":"https:\/\/www.jean-got.fr\/en\/workshop\/","og_locale":"en_US","og_type":"article","og_title":"The Workshop of Domain Jean Got : Cottage near Saint-Emilion","og_description":"The Workshop of Domain Jean Got is an old workshop and even before a barn attached to the mill. Its renovation and transformation into a cottage...","og_url":"https:\/\/www.jean-got.fr\/en\/workshop\/","og_site_name":"Domaine Jean Got : G\u00eete SPA Bien-\u00eatre Saint-Emilion","article_publisher":"https:\/\/www.facebook.com\/DomaineJeanGot\/","article_modified_time":"2026-01-29T14:03:30+00:00","og_image":[{"width":2048,"height":1366,"url":"https:\/\/www.jean-got.fr\/wp-content\/uploads\/2019\/11\/Terrasse2-copie.jpg","type":"image\/jpeg"}],"twitter_card":"summary_large_image","twitter_misc":{"Est. reading time":"7 minutes"},"schema":{"@context":"https:\/\/schema.org","@graph":[{"@type":"WebPage","@id":"https:\/\/www.jean-got.fr\/en\/workshop\/","url":"https:\/\/www.jean-got.fr\/en\/workshop\/","name":"The Workshop of Domain Jean Got : Cottage near Saint-Emilion","isPartOf":{"@id":"https:\/\/www.jean-got.fr\/en\/#website"},"primaryImageOfPage":{"@id":"https:\/\/www.jean-got.fr\/en\/workshop\/#primaryimage"},"image":{"@id":"https:\/\/www.jean-got.fr\/en\/workshop\/#primaryimage"},"thumbnailUrl":"https:\/\/www.jean-got.fr\/wp-content\/uploads\/2019\/11\/Terrasse2-copie.jpg","datePublished":"2019-08-27T07:25:29+00:00","dateModified":"2026-01-29T14:03:30+00:00","description":"The Workshop of Domain Jean Got is an old workshop and even before a barn attached to the mill. Its renovation and transformation into a cottage...","breadcrumb":{"@id":"https:\/\/www.jean-got.fr\/en\/workshop\/#breadcrumb"},"inLanguage":"en-US","potentialAction":[{"@type":"ReadAction","target":["https:\/\/www.jean-got.fr\/en\/workshop\/"]}]},{"@type":"ImageObject","inLanguage":"en-US","@id":"https:\/\/www.jean-got.fr\/en\/workshop\/#primaryimage","url":"https:\/\/www.jean-got.fr\/wp-content\/uploads\/2019\/11\/Terrasse2-copie.jpg","contentUrl":"https:\/\/www.jean-got.fr\/wp-content\/uploads\/2019\/11\/Terrasse2-copie.jpg","width":2048,"height":1366,"caption":"L'Atelier du Domaine Jean Got : Terrasse"},{"@type":"BreadcrumbList","@id":"https:\/\/www.jean-got.fr\/en\/workshop\/#breadcrumb","itemListElement":[{"@type":"ListItem","position":1,"name":"Accueil","item":"https:\/\/www.jean-got.fr\/en\/"},{"@type":"ListItem","position":2,"name":"The Workshop"}]},{"@type":"WebSite","@id":"https:\/\/www.jean-got.fr\/en\/#website","url":"https:\/\/www.jean-got.fr\/en\/","name":"G\u00eete proche Saint-\u00c9milion : Le Domaine Jean Got, chambres insolites","description":"Chambre insolite \u00e0 Saint-\u00c9milion, G\u00e9ode, SPA et Bien-\u00eatre","publisher":{"@id":"https:\/\/www.jean-got.fr\/en\/#organization"},"alternateName":"Chambres insolites proche de Saint-\u00c9milion : Domaine Jean Got","potentialAction":[{"@type":"SearchAction","target":{"@type":"EntryPoint","urlTemplate":"https:\/\/www.jean-got.fr\/en\/?s={search_term_string}"},"query-input":{"@type":"PropertyValueSpecification","valueRequired":true,"valueName":"search_term_string"}}],"inLanguage":"en-US"},{"@type":"Organization","@id":"https:\/\/www.jean-got.fr\/en\/#organization","name":"Le Domaine Jean Got : Gite insolite proche de Saint-\u00c9milion","alternateName":"Chambres insolites proche de Saint-\u00c9milion : Domaine Jean Got","url":"https:\/\/www.jean-got.fr\/en\/","logo":{"@type":"ImageObject","inLanguage":"en-US","@id":"https:\/\/www.jean-got.fr\/en\/#\/schema\/logo\/image\/","url":"https:\/\/www.jean-got.fr\/wp-content\/uploads\/2019\/05\/edito-logo-01.jpg","contentUrl":"https:\/\/www.jean-got.fr\/wp-content\/uploads\/2019\/05\/edito-logo-01.jpg","width":364,"height":409,"caption":"Le Domaine Jean Got : Gite insolite proche de Saint-\u00c9milion"},"image":{"@id":"https:\/\/www.jean-got.fr\/en\/#\/schema\/logo\/image\/"},"sameAs":["https:\/\/www.facebook.com\/DomaineJeanGot\/","https:\/\/www.instagram.com\/domainejeangot\/","https:\/\/g.page\/DomaineJeanGot\/review"]}]}},"_links":{"self":[{"href":"https:\/\/www.jean-got.fr\/en\/wp-json\/wp\/v2\/pages\/16588","targetHints":{"allow":["GET"]}}],"collection":[{"href":"https:\/\/www.jean-got.fr\/en\/wp-json\/wp\/v2\/pages"}],"about":[{"href":"https:\/\/www.jean-got.fr\/en\/wp-json\/wp\/v2\/types\/page"}],"author":[{"embeddable":true,"href":"https:\/\/www.jean-got.fr\/en\/wp-json\/wp\/v2\/users\/2"}],"replies":[{"embeddable":true,"href":"https:\/\/www.jean-got.fr\/en\/wp-json\/wp\/v2\/comments?post=16588"}],"version-history":[{"count":0,"href":"https:\/\/www.jean-got.fr\/en\/wp-json\/wp\/v2\/pages\/16588\/revisions"}],"wp:featuredmedia":[{"embeddable":true,"href":"https:\/\/www.jean-got.fr\/en\/wp-json\/wp\/v2\/media\/16822"}],"wp:attachment":[{"href":"https:\/\/www.jean-got.fr\/en\/wp-json\/wp\/v2\/media?parent=16588"}],"curies":[{"name":"wp","href":"https:\/\/api.w.org\/{rel}","templated":true}]}}