{"id":16596,"date":"2019-06-15T17:49:07","date_gmt":"2019-06-15T15:49:07","guid":{"rendered":"https:\/\/www.jean-got.fr\/reserver\/"},"modified":"2026-01-29T14:54:29","modified_gmt":"2026-01-29T13:54:29","slug":"booking","status":"publish","type":"page","link":"https:\/\/www.jean-got.fr\/en\/booking\/","title":{"rendered":"Booking"},"content":{"rendered":"<div class=\"wpb-content-wrapper\"><p>[vc_row css_animation=&#8221;&#8221; row_type=&#8221;row&#8221; use_row_as_full_screen_section=&#8221;no&#8221; type=&#8221;grid&#8221; angled_section=&#8221;no&#8221; text_align=&#8221;center&#8221; background_image_as_pattern=&#8221;without_pattern&#8221; z_index=&#8221;&#8221; padding_top=&#8221;87&#8243;][vc_column][vc_column_text]<\/p>\n<h2 style=\"text-align: center;\">Book online<\/h2>\n<p style=\"text-align: center;\">Or by contacting us directly by phone at <a href=\"tel:0557559374\">05 57 55 93 74<\/a>.<br \/>\nWe will be happy to check with you your availability and welcome you at the Domain Jean Got.<\/p>\n<p style=\"text-align: center;\">We speak French, German, English and Spanish.<\/p>\n<p style=\"text-align: center;\"><em>Once your reservation request has been validated,<\/em><br \/>\n<em>a 33% deposit will be requested more than 1 month before your arrival date.<\/em><\/p>\n<p>[\/vc_column_text][vc_separator type=&#8221;small&#8221; position=&#8221;center&#8221; color=&#8221;#373737&#8243; up=&#8221;7&#8243; down=&#8221;38&#8243;]<a  itemprop=\"url\" href=\"https:\/\/domaine-jean-got.amenitiz.io\/en\/booking\/room\" target=\"_blank\"  class=\"qbutton  default\" style=\"margin: 10px 0px 50px 0px; \">I book<\/a>[\/vc_column][\/vc_row]<\/p>\n<\/div>","protected":false},"excerpt":{"rendered":"<p>[vc_row css_animation=&#8221;&#8221; row_type=&#8221;row&#8221; use_row_as_full_screen_section=&#8221;no&#8221; type=&#8221;grid&#8221; angled_section=&#8221;no&#8221; text_align=&#8221;center&#8221; background_image_as_pattern=&#8221;without_pattern&#8221; z_index=&#8221;&#8221; padding_top=&#8221;87&#8243;][vc_column][vc_column_text] Book online Or by contacting us directly by phone at 05 57 55 93 74. We will be happy to check with you your availability and welcome you at the Domain Jean Got. We speak&#8230;<\/p>\n","protected":false},"author":2,"featured_media":18717,"parent":0,"menu_order":0,"comment_status":"open","ping_status":"open","template":"full_width.php","meta":{"footnotes":""},"class_list":["post-16596","page","type-page","status-publish","has-post-thumbnail","hentry"],"yoast_head":"<!-- This site is optimized with the Yoast SEO plugin v27.3 - https:\/\/yoast.com\/product\/yoast-seo-wordpress\/ -->\n<title>Booking Cottage near Saint-Emilion : Domain Jean Got, unusual room<\/title>\n<meta name=\"description\" content=\"Booking a cottage near Saint-Emilion : Domain Jean Got. Book directly online with our form or by phone. We will be happy to...\" \/>\n<meta name=\"robots\" content=\"index, follow, max-snippet:-1, max-image-preview:large, max-video-preview:-1\" \/>\n<link rel=\"canonical\" href=\"https:\/\/www.jean-got.fr\/en\/booking\/\" \/>\n<meta property=\"og:locale\" content=\"en_US\" \/>\n<meta property=\"og:type\" content=\"article\" \/>\n<meta property=\"og:title\" content=\"Booking Cottage near Saint-Emilion : Domain Jean Got, unusual room\" \/>\n<meta property=\"og:description\" content=\"Booking a cottage near Saint-Emilion : Domain Jean Got. Book directly online with our form or by phone. We will be happy to...\" \/>\n<meta property=\"og:url\" content=\"https:\/\/www.jean-got.fr\/en\/booking\/\" \/>\n<meta property=\"og:site_name\" content=\"Domaine Jean Got : G\u00eete SPA Bien-\u00eatre Saint-Emilion\" \/>\n<meta property=\"article:publisher\" content=\"https:\/\/www.facebook.com\/DomaineJeanGot\/\" \/>\n<meta property=\"article:modified_time\" content=\"2026-01-29T13:54:29+00:00\" \/>\n<meta property=\"og:image\" content=\"https:\/\/www.jean-got.fr\/wp-content\/uploads\/2023\/06\/dji_fly_20230513_194738_928_1684000134318_pano-scaled.jpg\" \/>\n\t<meta property=\"og:image:width\" content=\"1440\" \/>\n\t<meta property=\"og:image:height\" content=\"2560\" \/>\n\t<meta property=\"og:image:type\" content=\"image\/jpeg\" \/>\n<meta name=\"twitter:card\" content=\"summary_large_image\" \/>\n<meta name=\"twitter:label1\" content=\"Est. reading time\" \/>\n\t<meta name=\"twitter:data1\" content=\"1 minute\" \/>\n<script type=\"application\/ld+json\" class=\"yoast-schema-graph\">{\"@context\":\"https:\\\/\\\/schema.org\",\"@graph\":[{\"@type\":\"WebPage\",\"@id\":\"https:\\\/\\\/www.jean-got.fr\\\/en\\\/booking\\\/\",\"url\":\"https:\\\/\\\/www.jean-got.fr\\\/en\\\/booking\\\/\",\"name\":\"Booking Cottage near Saint-Emilion : Domain Jean Got, unusual room\",\"isPartOf\":{\"@id\":\"https:\\\/\\\/www.jean-got.fr\\\/en\\\/#website\"},\"primaryImageOfPage\":{\"@id\":\"https:\\\/\\\/www.jean-got.fr\\\/en\\\/booking\\\/#primaryimage\"},\"image\":{\"@id\":\"https:\\\/\\\/www.jean-got.fr\\\/en\\\/booking\\\/#primaryimage\"},\"thumbnailUrl\":\"https:\\\/\\\/www.jean-got.fr\\\/wp-content\\\/uploads\\\/2023\\\/06\\\/dji_fly_20230513_194738_928_1684000134318_pano-scaled.jpg\",\"datePublished\":\"2019-06-15T15:49:07+00:00\",\"dateModified\":\"2026-01-29T13:54:29+00:00\",\"description\":\"Booking a cottage near Saint-Emilion : Domain Jean Got. Book directly online with our form or by phone. We will be happy to...\",\"breadcrumb\":{\"@id\":\"https:\\\/\\\/www.jean-got.fr\\\/en\\\/booking\\\/#breadcrumb\"},\"inLanguage\":\"en-US\",\"potentialAction\":[{\"@type\":\"ReadAction\",\"target\":[\"https:\\\/\\\/www.jean-got.fr\\\/en\\\/booking\\\/\"]}]},{\"@type\":\"ImageObject\",\"inLanguage\":\"en-US\",\"@id\":\"https:\\\/\\\/www.jean-got.fr\\\/en\\\/booking\\\/#primaryimage\",\"url\":\"https:\\\/\\\/www.jean-got.fr\\\/wp-content\\\/uploads\\\/2023\\\/06\\\/dji_fly_20230513_194738_928_1684000134318_pano-scaled.jpg\",\"contentUrl\":\"https:\\\/\\\/www.jean-got.fr\\\/wp-content\\\/uploads\\\/2023\\\/06\\\/dji_fly_20230513_194738_928_1684000134318_pano-scaled.jpg\",\"width\":1440,\"height\":2560,\"caption\":\"default\"},{\"@type\":\"BreadcrumbList\",\"@id\":\"https:\\\/\\\/www.jean-got.fr\\\/en\\\/booking\\\/#breadcrumb\",\"itemListElement\":[{\"@type\":\"ListItem\",\"position\":1,\"name\":\"Accueil\",\"item\":\"https:\\\/\\\/www.jean-got.fr\\\/en\\\/\"},{\"@type\":\"ListItem\",\"position\":2,\"name\":\"Booking\"}]},{\"@type\":\"WebSite\",\"@id\":\"https:\\\/\\\/www.jean-got.fr\\\/en\\\/#website\",\"url\":\"https:\\\/\\\/www.jean-got.fr\\\/en\\\/\",\"name\":\"G\u00eete proche Saint-\u00c9milion : Le Domaine Jean Got, chambres insolites\",\"description\":\"Chambre insolite \u00e0 Saint-\u00c9milion, G\u00e9ode, SPA et Bien-\u00eatre\",\"publisher\":{\"@id\":\"https:\\\/\\\/www.jean-got.fr\\\/en\\\/#organization\"},\"alternateName\":\"Chambres insolites proche de Saint-\u00c9milion : Domaine Jean Got\",\"potentialAction\":[{\"@type\":\"SearchAction\",\"target\":{\"@type\":\"EntryPoint\",\"urlTemplate\":\"https:\\\/\\\/www.jean-got.fr\\\/en\\\/?s={search_term_string}\"},\"query-input\":{\"@type\":\"PropertyValueSpecification\",\"valueRequired\":true,\"valueName\":\"search_term_string\"}}],\"inLanguage\":\"en-US\"},{\"@type\":\"Organization\",\"@id\":\"https:\\\/\\\/www.jean-got.fr\\\/en\\\/#organization\",\"name\":\"Le Domaine Jean Got : Gite insolite proche de Saint-\u00c9milion\",\"alternateName\":\"Chambres insolites proche de Saint-\u00c9milion : Domaine Jean Got\",\"url\":\"https:\\\/\\\/www.jean-got.fr\\\/en\\\/\",\"logo\":{\"@type\":\"ImageObject\",\"inLanguage\":\"en-US\",\"@id\":\"https:\\\/\\\/www.jean-got.fr\\\/en\\\/#\\\/schema\\\/logo\\\/image\\\/\",\"url\":\"https:\\\/\\\/www.jean-got.fr\\\/wp-content\\\/uploads\\\/2019\\\/05\\\/edito-logo-01.jpg\",\"contentUrl\":\"https:\\\/\\\/www.jean-got.fr\\\/wp-content\\\/uploads\\\/2019\\\/05\\\/edito-logo-01.jpg\",\"width\":364,\"height\":409,\"caption\":\"Le Domaine Jean Got : Gite insolite proche de Saint-\u00c9milion\"},\"image\":{\"@id\":\"https:\\\/\\\/www.jean-got.fr\\\/en\\\/#\\\/schema\\\/logo\\\/image\\\/\"},\"sameAs\":[\"https:\\\/\\\/www.facebook.com\\\/DomaineJeanGot\\\/\",\"https:\\\/\\\/www.instagram.com\\\/domainejeangot\\\/\",\"https:\\\/\\\/g.page\\\/DomaineJeanGot\\\/review\"]}]}<\/script>\n<!-- \/ Yoast SEO plugin. -->","yoast_head_json":{"title":"Booking Cottage near Saint-Emilion : Domain Jean Got, unusual room","description":"Booking a cottage near Saint-Emilion : Domain Jean Got. Book directly online with our form or by phone. We will be happy to...","robots":{"index":"index","follow":"follow","max-snippet":"max-snippet:-1","max-image-preview":"max-image-preview:large","max-video-preview":"max-video-preview:-1"},"canonical":"https:\/\/www.jean-got.fr\/en\/booking\/","og_locale":"en_US","og_type":"article","og_title":"Booking Cottage near Saint-Emilion : Domain Jean Got, unusual room","og_description":"Booking a cottage near Saint-Emilion : Domain Jean Got. Book directly online with our form or by phone. We will be happy to...","og_url":"https:\/\/www.jean-got.fr\/en\/booking\/","og_site_name":"Domaine Jean Got : G\u00eete SPA Bien-\u00eatre Saint-Emilion","article_publisher":"https:\/\/www.facebook.com\/DomaineJeanGot\/","article_modified_time":"2026-01-29T13:54:29+00:00","og_image":[{"width":1440,"height":2560,"url":"https:\/\/www.jean-got.fr\/wp-content\/uploads\/2023\/06\/dji_fly_20230513_194738_928_1684000134318_pano-scaled.jpg","type":"image\/jpeg"}],"twitter_card":"summary_large_image","twitter_misc":{"Est. reading time":"1 minute"},"schema":{"@context":"https:\/\/schema.org","@graph":[{"@type":"WebPage","@id":"https:\/\/www.jean-got.fr\/en\/booking\/","url":"https:\/\/www.jean-got.fr\/en\/booking\/","name":"Booking Cottage near Saint-Emilion : Domain Jean Got, unusual room","isPartOf":{"@id":"https:\/\/www.jean-got.fr\/en\/#website"},"primaryImageOfPage":{"@id":"https:\/\/www.jean-got.fr\/en\/booking\/#primaryimage"},"image":{"@id":"https:\/\/www.jean-got.fr\/en\/booking\/#primaryimage"},"thumbnailUrl":"https:\/\/www.jean-got.fr\/wp-content\/uploads\/2023\/06\/dji_fly_20230513_194738_928_1684000134318_pano-scaled.jpg","datePublished":"2019-06-15T15:49:07+00:00","dateModified":"2026-01-29T13:54:29+00:00","description":"Booking a cottage near Saint-Emilion : Domain Jean Got. Book directly online with our form or by phone. We will be happy to...","breadcrumb":{"@id":"https:\/\/www.jean-got.fr\/en\/booking\/#breadcrumb"},"inLanguage":"en-US","potentialAction":[{"@type":"ReadAction","target":["https:\/\/www.jean-got.fr\/en\/booking\/"]}]},{"@type":"ImageObject","inLanguage":"en-US","@id":"https:\/\/www.jean-got.fr\/en\/booking\/#primaryimage","url":"https:\/\/www.jean-got.fr\/wp-content\/uploads\/2023\/06\/dji_fly_20230513_194738_928_1684000134318_pano-scaled.jpg","contentUrl":"https:\/\/www.jean-got.fr\/wp-content\/uploads\/2023\/06\/dji_fly_20230513_194738_928_1684000134318_pano-scaled.jpg","width":1440,"height":2560,"caption":"default"},{"@type":"BreadcrumbList","@id":"https:\/\/www.jean-got.fr\/en\/booking\/#breadcrumb","itemListElement":[{"@type":"ListItem","position":1,"name":"Accueil","item":"https:\/\/www.jean-got.fr\/en\/"},{"@type":"ListItem","position":2,"name":"Booking"}]},{"@type":"WebSite","@id":"https:\/\/www.jean-got.fr\/en\/#website","url":"https:\/\/www.jean-got.fr\/en\/","name":"G\u00eete proche Saint-\u00c9milion : Le Domaine Jean Got, chambres insolites","description":"Chambre insolite \u00e0 Saint-\u00c9milion, G\u00e9ode, SPA et Bien-\u00eatre","publisher":{"@id":"https:\/\/www.jean-got.fr\/en\/#organization"},"alternateName":"Chambres insolites proche de Saint-\u00c9milion : Domaine Jean Got","potentialAction":[{"@type":"SearchAction","target":{"@type":"EntryPoint","urlTemplate":"https:\/\/www.jean-got.fr\/en\/?s={search_term_string}"},"query-input":{"@type":"PropertyValueSpecification","valueRequired":true,"valueName":"search_term_string"}}],"inLanguage":"en-US"},{"@type":"Organization","@id":"https:\/\/www.jean-got.fr\/en\/#organization","name":"Le Domaine Jean Got : Gite insolite proche de Saint-\u00c9milion","alternateName":"Chambres insolites proche de Saint-\u00c9milion : Domaine Jean Got","url":"https:\/\/www.jean-got.fr\/en\/","logo":{"@type":"ImageObject","inLanguage":"en-US","@id":"https:\/\/www.jean-got.fr\/en\/#\/schema\/logo\/image\/","url":"https:\/\/www.jean-got.fr\/wp-content\/uploads\/2019\/05\/edito-logo-01.jpg","contentUrl":"https:\/\/www.jean-got.fr\/wp-content\/uploads\/2019\/05\/edito-logo-01.jpg","width":364,"height":409,"caption":"Le Domaine Jean Got : Gite insolite proche de Saint-\u00c9milion"},"image":{"@id":"https:\/\/www.jean-got.fr\/en\/#\/schema\/logo\/image\/"},"sameAs":["https:\/\/www.facebook.com\/DomaineJeanGot\/","https:\/\/www.instagram.com\/domainejeangot\/","https:\/\/g.page\/DomaineJeanGot\/review"]}]}},"_links":{"self":[{"href":"https:\/\/www.jean-got.fr\/en\/wp-json\/wp\/v2\/pages\/16596","targetHints":{"allow":["GET"]}}],"collection":[{"href":"https:\/\/www.jean-got.fr\/en\/wp-json\/wp\/v2\/pages"}],"about":[{"href":"https:\/\/www.jean-got.fr\/en\/wp-json\/wp\/v2\/types\/page"}],"author":[{"embeddable":true,"href":"https:\/\/www.jean-got.fr\/en\/wp-json\/wp\/v2\/users\/2"}],"replies":[{"embeddable":true,"href":"https:\/\/www.jean-got.fr\/en\/wp-json\/wp\/v2\/comments?post=16596"}],"version-history":[{"count":0,"href":"https:\/\/www.jean-got.fr\/en\/wp-json\/wp\/v2\/pages\/16596\/revisions"}],"wp:featuredmedia":[{"embeddable":true,"href":"https:\/\/www.jean-got.fr\/en\/wp-json\/wp\/v2\/media\/18717"}],"wp:attachment":[{"href":"https:\/\/www.jean-got.fr\/en\/wp-json\/wp\/v2\/media?parent=16596"}],"curies":[{"name":"wp","href":"https:\/\/api.w.org\/{rel}","templated":true}]}}