{"id":16602,"date":"2019-05-28T15:21:10","date_gmt":"2019-05-28T13:21:10","guid":{"rendered":"https:\/\/www.jean-got.fr\/moulin\/"},"modified":"2026-01-29T15:02:39","modified_gmt":"2026-01-29T14:02:39","slug":"mill","status":"publish","type":"page","link":"https:\/\/www.jean-got.fr\/en\/mill\/","title":{"rendered":"The Mill"},"content":{"rendered":"<div class=\"wpb-content-wrapper\"><p>[vc_row css_animation=&#8221;&#8221; row_type=&#8221;row&#8221; use_row_as_full_screen_section=&#8221;no&#8221; type=&#8221;grid&#8221; angled_section=&#8221;no&#8221; text_align=&#8221;left&#8221; background_image_as_pattern=&#8221;without_pattern&#8221; z_index=&#8221;&#8221; padding_top=&#8221;70&#8243; padding_bottom=&#8221;70&#8243;][vc_column width=&#8221;1\/2&#8243;][vc_column_text]<\/p>\n<h2>The Mill<\/h2>\n<p>[\/vc_column_text][vc_separator type=&#8221;small&#8221; position=&#8221;left&#8221; up=&#8221;7&#8243; down=&#8221;38&#8243;][vc_column_text]<strong>Completely renovated<\/strong> in 1996 and upgraded in 2009, Le Moulin offers a <strong>peaceful atmosphere<\/strong> in a modern <strong>cottage style<\/strong> for your comfort.<\/p>\n<p>Inside, on the ground floor, you&#8217;ll find a <strong>spacious living-dining room<\/strong> with an<strong> open-plan kitchen<\/strong>, a double bedroom and a shower room and toilet. Upstairs, two large bedrooms, one with its own private shower room and toilet, await you.<\/p>\n<p>The vast courtyard features a <strong>40 m\u00b2 covered terrace<\/strong>, inviting you to spend pleasant moments here from morning until evening, and why not until late at night. Take advantage of this space to <strong>relax and recharge your batteries<\/strong>, surrounded by the surrounding nature.<\/p>\n<p>Set in idyllic surroundings, Le Moulin is the ideal place for a <strong>relaxing holiday<\/strong>. Book your stay now and enjoy all the facilities and comforts offered by our modern cottage.[\/vc_column_text][vc_row_inner row_type=&#8221;row&#8221; type=&#8221;full_width&#8221; text_align=&#8221;left&#8221; css_animation=&#8221;&#8221;][vc_column_inner width=&#8221;1\/2&#8243;]<a  itemprop=\"url\" href=\"#prices\" target=\"_self\"  class=\"qbutton  default\" style=\"margin: 10px 0px 0px 0px; \">Check prices<\/a>[\/vc_column_inner][vc_column_inner width=&#8221;1\/2&#8243;]<a  itemprop=\"url\" href=\"https:\/\/domaine-jean-got.amenitiz.io\/en\/booking\/room\" target=\"_blank\"  class=\"qbutton  default\" style=\"margin: 10px 0px 0px 0px; \">Book<\/a>[\/vc_column_inner][\/vc_row_inner][\/vc_column][vc_column width=&#8221;1\/2&#8243;][vc_single_image image=&#8221;15854&#8243; img_size=&#8221;full&#8221; alignment=&#8221;center&#8221; css=&#8221;.vc_custom_1563977848211{padding-top: 25px !important;}&#8221; qode_css_animation=&#8221;&#8221; transition_delay=&#8221;0.3&#8243;][\/vc_column][\/vc_row][vc_row css_animation=&#8221;&#8221; row_type=&#8221;row&#8221; use_row_as_full_screen_section=&#8221;no&#8221; type=&#8221;grid&#8221; angled_section=&#8221;no&#8221; text_align=&#8221;left&#8221; background_image_as_pattern=&#8221;without_pattern&#8221; z_index=&#8221;&#8221; background_color=&#8221;#ffffff&#8221; padding_top=&#8221;87&#8243; padding_bottom=&#8221;87&#8243;][vc_column][vc_column_text]<\/p>\n<h2 style=\"text-align: center;\">The Mill in pictures<\/h2>\n<p>[\/vc_column_text][vc_separator type=&#8221;small&#8221; position=&#8221;center&#8221; down=&#8221;38&#8243; up=&#8221;7&#8243;][vc_gallery type=&#8221;image_grid&#8221; images=&#8221;15138,15141,15142,18771,18038,18040,18036,18743,18729,18733,18731,18737,18739,18735,18745,18741&#8243; img_size=&#8221;300&#215;300&#8243; column_number=&#8221;4&#8243; grayscale=&#8221;yes&#8221; images_space=&#8221;gallery_without_space&#8221;][\/vc_column][\/vc_row][vc_row css_animation=&#8221;&#8221; row_type=&#8221;row&#8221; use_row_as_full_screen_section=&#8221;no&#8221; type=&#8221;grid&#8221; angled_section=&#8221;no&#8221; text_align=&#8221;left&#8221; background_image_as_pattern=&#8221;without_pattern&#8221; padding_top=&#8221;87&#8243; padding_bottom=&#8221;15&#8243; z_index=&#8221;&#8221; anchor=&#8221;prices&#8221;][vc_column][vc_column_text]<\/p>\n<h2 style=\"text-align: center;\">Prices<\/h2>\n<p>[\/vc_column_text][vc_separator type=&#8221;small&#8221; position=&#8221;center&#8221; down=&#8221;38&#8243; up=&#8221;7&#8243;][vc_column_text]<\/p>\n<h4 style=\"text-align: center;\">Price for 2 people<\/h4>\n<p style=\"text-align: center;\"><em>(including electricity, hot water, blankets and bed linen, towels, free internet access, oil central heating in low season and winter)<\/em><\/p>\n<p>[\/vc_column_text][vc_separator type=&#8221;transparent&#8221; up=&#8221;68&#8243; down=&#8221;39&#8243;][qode_pricing_tables columns=&#8221;three_columns&#8221;][qode_pricing_table title=&#8221;High season&#8221; title_tag_standard=&#8221;&#8221; show_button=&#8221;yes&#8221; target=&#8221;_blank&#8221; active=&#8221;no&#8221; price=&#8221;250&#8243; currency=&#8221;\u20ac&#8221; price_period=&#8221;\/Night&#8221; link=&#8221;https:\/\/domaine-jean-got.amenitiz.io\/en\/booking\/room&#8221; button_text=&#8221;Book&#8221;]<\/p>\n<ul>\n<li><mark>From July 01 to August 31, 2024<\/mark><\/li>\n<li>Possibility of rent from\u00a0<strong>2 nights minimum<\/strong><\/li>\n<li>8 \u20ac per extra person over 2 people<\/li>\n<li>Tourist tax :<br \/>\n\u20ac 2,09 per person, per night<\/li>\n<li>Cleaning : 65 \u20ac<\/li>\n<\/ul>\n<p>[\/qode_pricing_table][qode_pricing_table title=&#8221;Low season&#8221; title_tag_standard=&#8221;&#8221; show_button=&#8221;yes&#8221; target=&#8221;_blank&#8221; active=&#8221;no&#8221; price=&#8221;199&#8243; currency=&#8221;\u20ac&#8221; price_period=&#8221;\/ night&#8221; link=&#8221;https:\/\/domaine-jean-got.amenitiz.io\/en\/booking\/room&#8221; button_text=&#8221;Book&#8221;]<\/p>\n<ul>\n<li><mark>From April 01 to June 30, 2024<\/mark><\/li>\n<li><mark>From September 01 to October 31, 2024<\/mark><\/li>\n<li>Possibility of rent from <strong>2 nights minimum<\/strong><\/li>\n<li>8 \u20ac per extra person over 2 people<\/li>\n<li>Tourist tax :<br \/>\n\u20ac 2,09 per person, per night<\/li>\n<li>Cleaning : 65 \u20ac<\/li>\n<\/ul>\n<p>[\/qode_pricing_table][qode_pricing_table title=&#8221;Winter&#8221; title_tag_standard=&#8221;&#8221; show_button=&#8221;yes&#8221; target=&#8221;_blank&#8221; active=&#8221;yes&#8221; price=&#8221;177&#8243; currency=&#8221;\u20ac&#8221; price_period=&#8221;\/ Night&#8221; link=&#8221;https:\/\/domaine-jean-got.amenitiz.io\/en\/booking\/room&#8221; active_text=&#8221;Best price&#8221; button_text=&#8221;Book&#8221;]<\/p>\n<ul>\n<li><mark>From January 01, 2023 to March 31, 2024<\/mark><\/li>\n<li><mark>From November 01, 2023 to December 31, 2024<\/mark><\/li>\n<li>Possibility of rent from <strong>2 nights minimum<\/strong><\/li>\n<li>8 \u20ac per extra person over 2 people<\/li>\n<li>Tourist tax :<br \/>\n\u20ac 2,09 per person, per night<\/li>\n<li>Cleaning : 65 \u20ac<\/li>\n<\/ul>\n<p>[\/qode_pricing_table][\/qode_pricing_tables][vc_separator type=&#8221;transparent&#8221; up=&#8221;20&#8243; down=&#8221;39&#8243;][vc_column_text css=&#8221;&#8221;]<\/p>\n<p style=\"text-align: center;\"><em>Updated July 02, 2025 &#8211; Subject to change without notice.<\/em><\/p>\n<p>[\/vc_column_text][vc_separator type=&#8221;transparent&#8221; up=&#8221;68&#8243; down=&#8221;39&#8243;][\/vc_column][\/vc_row][vc_row css_animation=&#8221;&#8221; row_type=&#8221;row&#8221; use_row_as_full_screen_section=&#8221;no&#8221; type=&#8221;grid&#8221; angled_section=&#8221;no&#8221; text_align=&#8221;left&#8221; background_image_as_pattern=&#8221;without_pattern&#8221; z_index=&#8221;&#8221; padding_top=&#8221;87&#8243; padding_bottom=&#8221;87&#8243;][vc_column width=&#8221;1\/2&#8243; css=&#8221;.vc_custom_1559924253394{padding-bottom: 25px !important;}&#8221;][vc_column_text]<strong>We also provide you with :<\/strong><\/p>\n<ul>\n<li>Common swimming pool (10 x 5 m)<\/li>\n<li>Garden furniture, relax<\/li>\n<li>Assortment of games (Balls, Volleyball, Badminton)<\/li>\n<li>Barbecue<\/li>\n<li>Washing machine and drying rack<\/li>\n<li>Baby seat; cot, baby bath (on request)<\/li>\n<\/ul>\n<p>[\/vc_column_text][vc_separator type=&#8221;transparent&#8221; up=&#8221;10&#8243; down=&#8221;10&#8243;]<a  itemprop=\"url\" href=\"https:\/\/www.jean-got.fr\/en\/services\/\" target=\"_self\" data-hover-background-color=\"#373737\" data-hover-border-color=\"#373737\" class=\"qbutton  default\" style=\"\">Read more<\/a>[\/vc_column][vc_column width=&#8221;1\/2&#8243;][vc_column_text css=&#8221;&#8221;]<strong><span data-type=\"normal\"  class=\"qode_icon_shortcode  q_font_awsome_icon fa-2x  \" style=\" \"><i class=\"qode_icon_font_awesome fa fa-info-circle qode_icon_element\" style=\"color: #373737;\" ><\/i><\/span><br \/>\nPractical information<\/strong><\/p>\n<p>Cleaning : 65 \u20ac<\/p>\n<p>Shops, Pharmacy and Doctors in Branne (at 1.5 km).<\/p>\n<p><a href=\"https:\/\/www.jean-got.fr\/en\/around\/\"><br \/>\nActivities and leisures around<\/a> : Wine tastings, hiking, cycling, tennis, golf, rowing on the Dordogne, fishing, horse riding&#8230;[\/vc_column_text][vc_separator type=&#8221;transparent&#8221; up=&#8221;10&#8243; down=&#8221;10&#8243;][vc_row_inner row_type=&#8221;row&#8221; type=&#8221;full_width&#8221; text_align=&#8221;center&#8221; css_animation=&#8221;&#8221;][vc_column_inner width=&#8221;1\/2&#8243;][vc_column_text]<strong>3 stars rating<\/strong> by<\/p>\n<p>&nbsp;<\/p>\n<p><img loading=\"lazy\" decoding=\"async\" class=\"alignnone size-medium wp-image-15990\" src=\"https:\/\/www.jean-got.fr\/wp-content\/uploads\/2019\/08\/etoiles-de-france-01-300x78.jpg\" alt=\"\u00c9toiles de France : Tourist furnished ranking\" width=\"300\" height=\"78\" \/>[\/vc_column_text][\/vc_column_inner][vc_column_inner width=&#8221;1\/2&#8243;][vc_column_text]<strong>Booking.com<br \/>\n<\/strong>Traveller Review Awards 2020<\/p>\n<p><img loading=\"lazy\" decoding=\"async\" class=\"alignnone size-full wp-image-16937\" src=\"https:\/\/www.jean-got.fr\/wp-content\/uploads\/2020\/01\/note-booking-01.png\" alt=\"Booking.com Traveller Review Awards 2020\" width=\"150\" height=\"150\" \/>[\/vc_column_text][\/vc_column_inner][\/vc_row_inner][\/vc_column][\/vc_row][vc_row css_animation=&#8221;&#8221; row_type=&#8221;row&#8221; use_row_as_full_screen_section=&#8221;no&#8221; type=&#8221;full_width&#8221; angled_section=&#8221;no&#8221; text_align=&#8221;left&#8221; background_image_as_pattern=&#8221;without_pattern&#8221;][vc_column]<div class=\"call_to_action normal\" style=\"background-color: #045048;\"><div class=\"container_inner\"><div class=\"two_columns_75_25 clearfix\"><div class=\"text_wrapper column1\"><div class=\"call_to_action_text \" style=\"\">Interested(s) ? Book your dates online now !<\/div><\/div><div class=\"button_wrapper column2\"><a itemprop=\"url\" href=\"https:\/\/domaine-jean-got.amenitiz.io\/en\/booking\/room\" class=\"qbutton white \" target=\"_blank\" style=\"color: #ffffff;border-color: #ffffff;\" data-hover-background-color=#ffffff data-hover-border-color=#ffffff data-hover-color=#045048>I book<\/a><\/div><\/div><\/div><\/div>[\/vc_column][\/vc_row]<\/p>\n<\/div>","protected":false},"excerpt":{"rendered":"<p>[vc_row css_animation=&#8221;&#8221; row_type=&#8221;row&#8221; use_row_as_full_screen_section=&#8221;no&#8221; type=&#8221;grid&#8221; angled_section=&#8221;no&#8221; text_align=&#8221;left&#8221; background_image_as_pattern=&#8221;without_pattern&#8221; z_index=&#8221;&#8221; padding_top=&#8221;70&#8243; padding_bottom=&#8221;70&#8243;][vc_column width=&#8221;1\/2&#8243;][vc_column_text] The Mill [\/vc_column_text][vc_separator type=&#8221;small&#8221; position=&#8221;left&#8221; up=&#8221;7&#8243; down=&#8221;38&#8243;][vc_column_text]Completely renovated in 1996 and upgraded in 2009, Le Moulin offers a peaceful atmosphere in a modern cottage style for your comfort. Inside, on the ground floor,&#8230;<\/p>\n","protected":false},"author":2,"featured_media":16271,"parent":0,"menu_order":0,"comment_status":"open","ping_status":"open","template":"full_width.php","meta":{"footnotes":""},"class_list":["post-16602","page","type-page","status-publish","has-post-thumbnail","hentry"],"yoast_head":"<!-- This site is optimized with the Yoast SEO plugin v27.3 - https:\/\/yoast.com\/product\/yoast-seo-wordpress\/ -->\n<title>The Mill of Domain Jean Got : Cottage near Saint-Emilion, unusual room<\/title>\n<meta name=\"description\" content=\"The Mill of Domain Jean-Got : The Mill was renovated in 1996 and redesigned in 2009. Here again, we sought to create a peaceful atmosphere...\" \/>\n<meta name=\"robots\" content=\"index, follow, max-snippet:-1, max-image-preview:large, max-video-preview:-1\" \/>\n<link rel=\"canonical\" href=\"https:\/\/www.jean-got.fr\/en\/mill\/\" \/>\n<meta property=\"og:locale\" content=\"en_US\" \/>\n<meta property=\"og:type\" content=\"article\" \/>\n<meta property=\"og:title\" content=\"The Mill of Domain Jean Got : Cottage near Saint-Emilion, unusual room\" \/>\n<meta property=\"og:description\" content=\"The Mill of Domain Jean-Got : The Mill was renovated in 1996 and redesigned in 2009. Here again, we sought to create a peaceful atmosphere...\" \/>\n<meta property=\"og:url\" content=\"https:\/\/www.jean-got.fr\/en\/mill\/\" \/>\n<meta property=\"og:site_name\" content=\"Domaine Jean Got : G\u00eete SPA Bien-\u00eatre Saint-Emilion\" \/>\n<meta property=\"article:publisher\" content=\"https:\/\/www.facebook.com\/DomaineJeanGot\/\" \/>\n<meta property=\"article:modified_time\" content=\"2026-01-29T14:02:39+00:00\" \/>\n<meta property=\"og:image\" content=\"https:\/\/www.jean-got.fr\/wp-content\/uploads\/2019\/05\/moulin-galerie-02.jpg\" \/>\n\t<meta property=\"og:image:width\" content=\"1393\" \/>\n\t<meta property=\"og:image:height\" content=\"1000\" \/>\n\t<meta property=\"og:image:type\" content=\"image\/jpeg\" \/>\n<meta name=\"twitter:card\" content=\"summary_large_image\" \/>\n<meta name=\"twitter:label1\" content=\"Est. reading time\" \/>\n\t<meta name=\"twitter:data1\" content=\"7 minutes\" \/>\n<script type=\"application\/ld+json\" class=\"yoast-schema-graph\">{\"@context\":\"https:\\\/\\\/schema.org\",\"@graph\":[{\"@type\":\"WebPage\",\"@id\":\"https:\\\/\\\/www.jean-got.fr\\\/en\\\/mill\\\/\",\"url\":\"https:\\\/\\\/www.jean-got.fr\\\/en\\\/mill\\\/\",\"name\":\"The Mill of Domain Jean Got : Cottage near Saint-Emilion, unusual room\",\"isPartOf\":{\"@id\":\"https:\\\/\\\/www.jean-got.fr\\\/en\\\/#website\"},\"primaryImageOfPage\":{\"@id\":\"https:\\\/\\\/www.jean-got.fr\\\/en\\\/mill\\\/#primaryimage\"},\"image\":{\"@id\":\"https:\\\/\\\/www.jean-got.fr\\\/en\\\/mill\\\/#primaryimage\"},\"thumbnailUrl\":\"https:\\\/\\\/www.jean-got.fr\\\/wp-content\\\/uploads\\\/2019\\\/05\\\/moulin-galerie-02.jpg\",\"datePublished\":\"2019-05-28T13:21:10+00:00\",\"dateModified\":\"2026-01-29T14:02:39+00:00\",\"description\":\"The Mill of Domain Jean-Got : The Mill was renovated in 1996 and redesigned in 2009. Here again, we sought to create a peaceful atmosphere...\",\"breadcrumb\":{\"@id\":\"https:\\\/\\\/www.jean-got.fr\\\/en\\\/mill\\\/#breadcrumb\"},\"inLanguage\":\"en-US\",\"potentialAction\":[{\"@type\":\"ReadAction\",\"target\":[\"https:\\\/\\\/www.jean-got.fr\\\/en\\\/mill\\\/\"]}]},{\"@type\":\"ImageObject\",\"inLanguage\":\"en-US\",\"@id\":\"https:\\\/\\\/www.jean-got.fr\\\/en\\\/mill\\\/#primaryimage\",\"url\":\"https:\\\/\\\/www.jean-got.fr\\\/wp-content\\\/uploads\\\/2019\\\/05\\\/moulin-galerie-02.jpg\",\"contentUrl\":\"https:\\\/\\\/www.jean-got.fr\\\/wp-content\\\/uploads\\\/2019\\\/05\\\/moulin-galerie-02.jpg\",\"width\":1393,\"height\":1000},{\"@type\":\"BreadcrumbList\",\"@id\":\"https:\\\/\\\/www.jean-got.fr\\\/en\\\/mill\\\/#breadcrumb\",\"itemListElement\":[{\"@type\":\"ListItem\",\"position\":1,\"name\":\"Accueil\",\"item\":\"https:\\\/\\\/www.jean-got.fr\\\/en\\\/\"},{\"@type\":\"ListItem\",\"position\":2,\"name\":\"The Mill\"}]},{\"@type\":\"WebSite\",\"@id\":\"https:\\\/\\\/www.jean-got.fr\\\/en\\\/#website\",\"url\":\"https:\\\/\\\/www.jean-got.fr\\\/en\\\/\",\"name\":\"G\u00eete proche Saint-\u00c9milion : Le Domaine Jean Got, chambres insolites\",\"description\":\"Chambre insolite \u00e0 Saint-\u00c9milion, G\u00e9ode, SPA et Bien-\u00eatre\",\"publisher\":{\"@id\":\"https:\\\/\\\/www.jean-got.fr\\\/en\\\/#organization\"},\"alternateName\":\"Chambres insolites proche de Saint-\u00c9milion : Domaine Jean Got\",\"potentialAction\":[{\"@type\":\"SearchAction\",\"target\":{\"@type\":\"EntryPoint\",\"urlTemplate\":\"https:\\\/\\\/www.jean-got.fr\\\/en\\\/?s={search_term_string}\"},\"query-input\":{\"@type\":\"PropertyValueSpecification\",\"valueRequired\":true,\"valueName\":\"search_term_string\"}}],\"inLanguage\":\"en-US\"},{\"@type\":\"Organization\",\"@id\":\"https:\\\/\\\/www.jean-got.fr\\\/en\\\/#organization\",\"name\":\"Le Domaine Jean Got : Gite insolite proche de Saint-\u00c9milion\",\"alternateName\":\"Chambres insolites proche de Saint-\u00c9milion : Domaine Jean Got\",\"url\":\"https:\\\/\\\/www.jean-got.fr\\\/en\\\/\",\"logo\":{\"@type\":\"ImageObject\",\"inLanguage\":\"en-US\",\"@id\":\"https:\\\/\\\/www.jean-got.fr\\\/en\\\/#\\\/schema\\\/logo\\\/image\\\/\",\"url\":\"https:\\\/\\\/www.jean-got.fr\\\/wp-content\\\/uploads\\\/2019\\\/05\\\/edito-logo-01.jpg\",\"contentUrl\":\"https:\\\/\\\/www.jean-got.fr\\\/wp-content\\\/uploads\\\/2019\\\/05\\\/edito-logo-01.jpg\",\"width\":364,\"height\":409,\"caption\":\"Le Domaine Jean Got : Gite insolite proche de Saint-\u00c9milion\"},\"image\":{\"@id\":\"https:\\\/\\\/www.jean-got.fr\\\/en\\\/#\\\/schema\\\/logo\\\/image\\\/\"},\"sameAs\":[\"https:\\\/\\\/www.facebook.com\\\/DomaineJeanGot\\\/\",\"https:\\\/\\\/www.instagram.com\\\/domainejeangot\\\/\",\"https:\\\/\\\/g.page\\\/DomaineJeanGot\\\/review\"]}]}<\/script>\n<!-- \/ Yoast SEO plugin. -->","yoast_head_json":{"title":"The Mill of Domain Jean Got : Cottage near Saint-Emilion, unusual room","description":"The Mill of Domain Jean-Got : The Mill was renovated in 1996 and redesigned in 2009. Here again, we sought to create a peaceful atmosphere...","robots":{"index":"index","follow":"follow","max-snippet":"max-snippet:-1","max-image-preview":"max-image-preview:large","max-video-preview":"max-video-preview:-1"},"canonical":"https:\/\/www.jean-got.fr\/en\/mill\/","og_locale":"en_US","og_type":"article","og_title":"The Mill of Domain Jean Got : Cottage near Saint-Emilion, unusual room","og_description":"The Mill of Domain Jean-Got : The Mill was renovated in 1996 and redesigned in 2009. Here again, we sought to create a peaceful atmosphere...","og_url":"https:\/\/www.jean-got.fr\/en\/mill\/","og_site_name":"Domaine Jean Got : G\u00eete SPA Bien-\u00eatre Saint-Emilion","article_publisher":"https:\/\/www.facebook.com\/DomaineJeanGot\/","article_modified_time":"2026-01-29T14:02:39+00:00","og_image":[{"width":1393,"height":1000,"url":"https:\/\/www.jean-got.fr\/wp-content\/uploads\/2019\/05\/moulin-galerie-02.jpg","type":"image\/jpeg"}],"twitter_card":"summary_large_image","twitter_misc":{"Est. reading time":"7 minutes"},"schema":{"@context":"https:\/\/schema.org","@graph":[{"@type":"WebPage","@id":"https:\/\/www.jean-got.fr\/en\/mill\/","url":"https:\/\/www.jean-got.fr\/en\/mill\/","name":"The Mill of Domain Jean Got : Cottage near Saint-Emilion, unusual room","isPartOf":{"@id":"https:\/\/www.jean-got.fr\/en\/#website"},"primaryImageOfPage":{"@id":"https:\/\/www.jean-got.fr\/en\/mill\/#primaryimage"},"image":{"@id":"https:\/\/www.jean-got.fr\/en\/mill\/#primaryimage"},"thumbnailUrl":"https:\/\/www.jean-got.fr\/wp-content\/uploads\/2019\/05\/moulin-galerie-02.jpg","datePublished":"2019-05-28T13:21:10+00:00","dateModified":"2026-01-29T14:02:39+00:00","description":"The Mill of Domain Jean-Got : The Mill was renovated in 1996 and redesigned in 2009. Here again, we sought to create a peaceful atmosphere...","breadcrumb":{"@id":"https:\/\/www.jean-got.fr\/en\/mill\/#breadcrumb"},"inLanguage":"en-US","potentialAction":[{"@type":"ReadAction","target":["https:\/\/www.jean-got.fr\/en\/mill\/"]}]},{"@type":"ImageObject","inLanguage":"en-US","@id":"https:\/\/www.jean-got.fr\/en\/mill\/#primaryimage","url":"https:\/\/www.jean-got.fr\/wp-content\/uploads\/2019\/05\/moulin-galerie-02.jpg","contentUrl":"https:\/\/www.jean-got.fr\/wp-content\/uploads\/2019\/05\/moulin-galerie-02.jpg","width":1393,"height":1000},{"@type":"BreadcrumbList","@id":"https:\/\/www.jean-got.fr\/en\/mill\/#breadcrumb","itemListElement":[{"@type":"ListItem","position":1,"name":"Accueil","item":"https:\/\/www.jean-got.fr\/en\/"},{"@type":"ListItem","position":2,"name":"The Mill"}]},{"@type":"WebSite","@id":"https:\/\/www.jean-got.fr\/en\/#website","url":"https:\/\/www.jean-got.fr\/en\/","name":"G\u00eete proche Saint-\u00c9milion : Le Domaine Jean Got, chambres insolites","description":"Chambre insolite \u00e0 Saint-\u00c9milion, G\u00e9ode, SPA et Bien-\u00eatre","publisher":{"@id":"https:\/\/www.jean-got.fr\/en\/#organization"},"alternateName":"Chambres insolites proche de Saint-\u00c9milion : Domaine Jean Got","potentialAction":[{"@type":"SearchAction","target":{"@type":"EntryPoint","urlTemplate":"https:\/\/www.jean-got.fr\/en\/?s={search_term_string}"},"query-input":{"@type":"PropertyValueSpecification","valueRequired":true,"valueName":"search_term_string"}}],"inLanguage":"en-US"},{"@type":"Organization","@id":"https:\/\/www.jean-got.fr\/en\/#organization","name":"Le Domaine Jean Got : Gite insolite proche de Saint-\u00c9milion","alternateName":"Chambres insolites proche de Saint-\u00c9milion : Domaine Jean Got","url":"https:\/\/www.jean-got.fr\/en\/","logo":{"@type":"ImageObject","inLanguage":"en-US","@id":"https:\/\/www.jean-got.fr\/en\/#\/schema\/logo\/image\/","url":"https:\/\/www.jean-got.fr\/wp-content\/uploads\/2019\/05\/edito-logo-01.jpg","contentUrl":"https:\/\/www.jean-got.fr\/wp-content\/uploads\/2019\/05\/edito-logo-01.jpg","width":364,"height":409,"caption":"Le Domaine Jean Got : Gite insolite proche de Saint-\u00c9milion"},"image":{"@id":"https:\/\/www.jean-got.fr\/en\/#\/schema\/logo\/image\/"},"sameAs":["https:\/\/www.facebook.com\/DomaineJeanGot\/","https:\/\/www.instagram.com\/domainejeangot\/","https:\/\/g.page\/DomaineJeanGot\/review"]}]}},"_links":{"self":[{"href":"https:\/\/www.jean-got.fr\/en\/wp-json\/wp\/v2\/pages\/16602","targetHints":{"allow":["GET"]}}],"collection":[{"href":"https:\/\/www.jean-got.fr\/en\/wp-json\/wp\/v2\/pages"}],"about":[{"href":"https:\/\/www.jean-got.fr\/en\/wp-json\/wp\/v2\/types\/page"}],"author":[{"embeddable":true,"href":"https:\/\/www.jean-got.fr\/en\/wp-json\/wp\/v2\/users\/2"}],"replies":[{"embeddable":true,"href":"https:\/\/www.jean-got.fr\/en\/wp-json\/wp\/v2\/comments?post=16602"}],"version-history":[{"count":0,"href":"https:\/\/www.jean-got.fr\/en\/wp-json\/wp\/v2\/pages\/16602\/revisions"}],"wp:featuredmedia":[{"embeddable":true,"href":"https:\/\/www.jean-got.fr\/en\/wp-json\/wp\/v2\/media\/16271"}],"wp:attachment":[{"href":"https:\/\/www.jean-got.fr\/en\/wp-json\/wp\/v2\/media?parent=16602"}],"curies":[{"name":"wp","href":"https:\/\/api.w.org\/{rel}","templated":true}]}}