{"id":16608,"date":"2019-05-31T16:55:17","date_gmt":"2019-05-31T14:55:17","guid":{"rendered":"https:\/\/www.jean-got.fr\/services\/"},"modified":"2019-12-24T17:17:33","modified_gmt":"2019-12-24T16:17:33","slug":"services","status":"publish","type":"page","link":"https:\/\/www.jean-got.fr\/en\/services\/","title":{"rendered":"Services"},"content":{"rendered":"<div class=\"wpb-content-wrapper\"><p>[vc_row css_animation=&#8221;&#8221; row_type=&#8221;row&#8221; use_row_as_full_screen_section=&#8221;no&#8221; type=&#8221;grid&#8221; angled_section=&#8221;no&#8221; text_align=&#8221;left&#8221; background_image_as_pattern=&#8221;without_pattern&#8221; z_index=&#8221;&#8221; padding_top=&#8221;70&#8243; padding_bottom=&#8221;70&#8243;][vc_column width=&#8221;1\/2&#8243;][vc_column_text]<\/p>\n<h2>Our services<\/h2>\n<p>[\/vc_column_text][vc_separator type=&#8221;small&#8221; position=&#8221;left&#8221; up=&#8221;7&#8243; down=&#8221;38&#8243;][vc_column_text]We offer you :<\/p>\n<ul>\n<li>Shared heated pool (10 x 5 m) <em>(for a respect of the nature and your body, the water is treated with magnesium with only 1% of salt thanks to the process <a href=\"https:\/\/www.walabyconcept.com\/\" target=\"_blank\" rel=\"noopener noreferrer\">WalabyConcept<\/a>)<\/em><\/li>\n<li>Garden furniture, relax<\/li>\n<li>Assortment of games (Balls, Volleyball, Badminton)<\/li>\n<li>Barbecue<\/li>\n<li>Each cottage is equipped with its washing machine and its drying rack<\/li>\n<li>Baby seat (on request)<\/li>\n<li>Cot with mattress and fitted sheet (on request)<\/li>\n<li>Baby bath (on request)<\/li>\n<li>Sheets and towels included in the service<\/li>\n<\/ul>\n<p>[\/vc_column_text][\/vc_column][vc_column width=&#8221;1\/2&#8243;][vc_single_image image=&#8221;15296&#8243; img_size=&#8221;full&#8221; alignment=&#8221;center&#8221; qode_css_animation=&#8221;&#8221; transition_delay=&#8221;0.3&#8243;][\/vc_column][\/vc_row][vc_row css_animation=&#8221;&#8221; row_type=&#8221;row&#8221; use_row_as_full_screen_section=&#8221;no&#8221; type=&#8221;grid&#8221; angled_section=&#8221;no&#8221; text_align=&#8221;left&#8221; background_image_as_pattern=&#8221;without_pattern&#8221; z_index=&#8221;&#8221; padding_top=&#8221;87&#8243; padding_bottom=&#8221;87&#8243; background_color=&#8221;#ffffff&#8221;][vc_column][vc_column_text]<\/p>\n<h2 style=\"text-align: center;\">Our services in pictures<\/h2>\n<p>[\/vc_column_text][vc_separator type=&#8221;small&#8221; position=&#8221;center&#8221; down=&#8221;38&#8243; up=&#8221;7&#8243;][vc_gallery type=&#8221;image_grid&#8221; images=&#8221;15863,15864,15865,15866&#8243; img_size=&#8221;300&#215;300&#8243; column_number=&#8221;4&#8243; grayscale=&#8221;yes&#8221; images_space=&#8221;gallery_without_space&#8221;][\/vc_column][\/vc_row][vc_row css_animation=&#8221;&#8221; row_type=&#8221;row&#8221; use_row_as_full_screen_section=&#8221;no&#8221; type=&#8221;full_width&#8221; angled_section=&#8221;no&#8221; text_align=&#8221;left&#8221; background_image_as_pattern=&#8221;without_pattern&#8221;][vc_column]<div class=\"call_to_action normal\" style=\"background-color: #045048;\"><div class=\"container_inner\"><div class=\"two_columns_75_25 clearfix\"><div class=\"text_wrapper column1\"><div class=\"call_to_action_text \" style=\"\">Interested(s) ? Book your dates online now !<\/div><\/div><div class=\"button_wrapper column2\"><a itemprop=\"url\" href=\"https:\/\/www.jean-got.fr\/en\/booking\" class=\"qbutton white \" target=\"_self\" style=\"color: #ffffff;border-color: #ffffff;\" data-hover-background-color=#ffffff data-hover-border-color=#ffffff data-hover-color=#045048>I book<\/a><\/div><\/div><\/div><\/div>[\/vc_column][\/vc_row]<\/p>\n<\/div>","protected":false},"excerpt":{"rendered":"<p>[vc_row css_animation=&#8221;&#8221; row_type=&#8221;row&#8221; use_row_as_full_screen_section=&#8221;no&#8221; type=&#8221;grid&#8221; angled_section=&#8221;no&#8221; text_align=&#8221;left&#8221; background_image_as_pattern=&#8221;without_pattern&#8221; z_index=&#8221;&#8221; padding_top=&#8221;70&#8243; padding_bottom=&#8221;70&#8243;][vc_column width=&#8221;1\/2&#8243;][vc_column_text] Our services [\/vc_column_text][vc_separator type=&#8221;small&#8221; position=&#8221;left&#8221; up=&#8221;7&#8243; down=&#8221;38&#8243;][vc_column_text]We offer you : Shared heated pool (10 x 5 m) (for a respect of the nature and your body, the water is treated with magnesium with&#8230;<\/p>\n","protected":false},"author":2,"featured_media":0,"parent":0,"menu_order":0,"comment_status":"closed","ping_status":"closed","template":"full_width.php","meta":{"footnotes":""},"class_list":["post-16608","page","type-page","status-publish","hentry"],"yoast_head":"<!-- This site is optimized with the Yoast SEO plugin v27.3 - https:\/\/yoast.com\/product\/yoast-seo-wordpress\/ -->\n<title>Services of the cottage near Saint-Emilion : Domain Jean Got, unusual room<\/title>\n<meta name=\"description\" content=\"Services of the cottage near Saint-Emilion : We put at your disposal communal swimming pool, garden furniture, relax, assortment of games, grill...\" \/>\n<meta name=\"robots\" content=\"index, follow, max-snippet:-1, max-image-preview:large, max-video-preview:-1\" \/>\n<link rel=\"canonical\" href=\"https:\/\/www.jean-got.fr\/en\/services\/\" \/>\n<meta property=\"og:locale\" content=\"en_US\" \/>\n<meta property=\"og:type\" content=\"article\" \/>\n<meta property=\"og:title\" content=\"Services of the cottage near Saint-Emilion : Domain Jean Got, unusual room\" \/>\n<meta property=\"og:description\" content=\"Services of the cottage near Saint-Emilion : We put at your disposal communal swimming pool, garden furniture, relax, assortment of games, grill...\" \/>\n<meta property=\"og:url\" content=\"https:\/\/www.jean-got.fr\/en\/services\/\" \/>\n<meta property=\"og:site_name\" content=\"Domaine Jean Got : G\u00eete SPA Bien-\u00eatre Saint-Emilion\" \/>\n<meta property=\"article:publisher\" content=\"https:\/\/www.facebook.com\/DomaineJeanGot\/\" \/>\n<meta property=\"article:modified_time\" content=\"2019-12-24T16:17:33+00:00\" \/>\n<meta property=\"og:image\" content=\"https:\/\/www.jean-got.fr\/wp-content\/uploads\/2019\/05\/edito-logo-01.jpg\" \/>\n\t<meta property=\"og:image:width\" content=\"364\" \/>\n\t<meta property=\"og:image:height\" content=\"409\" \/>\n\t<meta property=\"og:image:type\" content=\"image\/jpeg\" \/>\n<meta name=\"twitter:card\" content=\"summary_large_image\" \/>\n<meta name=\"twitter:label1\" content=\"Est. reading time\" \/>\n\t<meta name=\"twitter:data1\" content=\"2 minutes\" \/>\n<script type=\"application\/ld+json\" class=\"yoast-schema-graph\">{\"@context\":\"https:\\\/\\\/schema.org\",\"@graph\":[{\"@type\":\"WebPage\",\"@id\":\"https:\\\/\\\/www.jean-got.fr\\\/en\\\/services\\\/\",\"url\":\"https:\\\/\\\/www.jean-got.fr\\\/en\\\/services\\\/\",\"name\":\"Services of the cottage near Saint-Emilion : Domain Jean Got, unusual room\",\"isPartOf\":{\"@id\":\"https:\\\/\\\/www.jean-got.fr\\\/en\\\/#website\"},\"datePublished\":\"2019-05-31T14:55:17+00:00\",\"dateModified\":\"2019-12-24T16:17:33+00:00\",\"description\":\"Services of the cottage near Saint-Emilion : We put at your disposal communal swimming pool, garden furniture, relax, assortment of games, grill...\",\"breadcrumb\":{\"@id\":\"https:\\\/\\\/www.jean-got.fr\\\/en\\\/services\\\/#breadcrumb\"},\"inLanguage\":\"en-US\",\"potentialAction\":[{\"@type\":\"ReadAction\",\"target\":[\"https:\\\/\\\/www.jean-got.fr\\\/en\\\/services\\\/\"]}]},{\"@type\":\"BreadcrumbList\",\"@id\":\"https:\\\/\\\/www.jean-got.fr\\\/en\\\/services\\\/#breadcrumb\",\"itemListElement\":[{\"@type\":\"ListItem\",\"position\":1,\"name\":\"Accueil\",\"item\":\"https:\\\/\\\/www.jean-got.fr\\\/en\\\/\"},{\"@type\":\"ListItem\",\"position\":2,\"name\":\"Services\"}]},{\"@type\":\"WebSite\",\"@id\":\"https:\\\/\\\/www.jean-got.fr\\\/en\\\/#website\",\"url\":\"https:\\\/\\\/www.jean-got.fr\\\/en\\\/\",\"name\":\"G\u00eete proche Saint-\u00c9milion : Le Domaine Jean Got, chambres insolites\",\"description\":\"Chambre insolite \u00e0 Saint-\u00c9milion, G\u00e9ode, SPA et Bien-\u00eatre\",\"publisher\":{\"@id\":\"https:\\\/\\\/www.jean-got.fr\\\/en\\\/#organization\"},\"alternateName\":\"Chambres insolites proche de Saint-\u00c9milion : Domaine Jean Got\",\"potentialAction\":[{\"@type\":\"SearchAction\",\"target\":{\"@type\":\"EntryPoint\",\"urlTemplate\":\"https:\\\/\\\/www.jean-got.fr\\\/en\\\/?s={search_term_string}\"},\"query-input\":{\"@type\":\"PropertyValueSpecification\",\"valueRequired\":true,\"valueName\":\"search_term_string\"}}],\"inLanguage\":\"en-US\"},{\"@type\":\"Organization\",\"@id\":\"https:\\\/\\\/www.jean-got.fr\\\/en\\\/#organization\",\"name\":\"Le Domaine Jean Got : Gite insolite proche de Saint-\u00c9milion\",\"alternateName\":\"Chambres insolites proche de Saint-\u00c9milion : Domaine Jean Got\",\"url\":\"https:\\\/\\\/www.jean-got.fr\\\/en\\\/\",\"logo\":{\"@type\":\"ImageObject\",\"inLanguage\":\"en-US\",\"@id\":\"https:\\\/\\\/www.jean-got.fr\\\/en\\\/#\\\/schema\\\/logo\\\/image\\\/\",\"url\":\"https:\\\/\\\/www.jean-got.fr\\\/wp-content\\\/uploads\\\/2019\\\/05\\\/edito-logo-01.jpg\",\"contentUrl\":\"https:\\\/\\\/www.jean-got.fr\\\/wp-content\\\/uploads\\\/2019\\\/05\\\/edito-logo-01.jpg\",\"width\":364,\"height\":409,\"caption\":\"Le Domaine Jean Got : Gite insolite proche de Saint-\u00c9milion\"},\"image\":{\"@id\":\"https:\\\/\\\/www.jean-got.fr\\\/en\\\/#\\\/schema\\\/logo\\\/image\\\/\"},\"sameAs\":[\"https:\\\/\\\/www.facebook.com\\\/DomaineJeanGot\\\/\",\"https:\\\/\\\/www.instagram.com\\\/domainejeangot\\\/\",\"https:\\\/\\\/g.page\\\/DomaineJeanGot\\\/review\"]}]}<\/script>\n<!-- \/ Yoast SEO plugin. -->","yoast_head_json":{"title":"Services of the cottage near Saint-Emilion : Domain Jean Got, unusual room","description":"Services of the cottage near Saint-Emilion : We put at your disposal communal swimming pool, garden furniture, relax, assortment of games, grill...","robots":{"index":"index","follow":"follow","max-snippet":"max-snippet:-1","max-image-preview":"max-image-preview:large","max-video-preview":"max-video-preview:-1"},"canonical":"https:\/\/www.jean-got.fr\/en\/services\/","og_locale":"en_US","og_type":"article","og_title":"Services of the cottage near Saint-Emilion : Domain Jean Got, unusual room","og_description":"Services of the cottage near Saint-Emilion : We put at your disposal communal swimming pool, garden furniture, relax, assortment of games, grill...","og_url":"https:\/\/www.jean-got.fr\/en\/services\/","og_site_name":"Domaine Jean Got : G\u00eete SPA Bien-\u00eatre Saint-Emilion","article_publisher":"https:\/\/www.facebook.com\/DomaineJeanGot\/","article_modified_time":"2019-12-24T16:17:33+00:00","og_image":[{"width":364,"height":409,"url":"https:\/\/www.jean-got.fr\/wp-content\/uploads\/2019\/05\/edito-logo-01.jpg","type":"image\/jpeg"}],"twitter_card":"summary_large_image","twitter_misc":{"Est. reading time":"2 minutes"},"schema":{"@context":"https:\/\/schema.org","@graph":[{"@type":"WebPage","@id":"https:\/\/www.jean-got.fr\/en\/services\/","url":"https:\/\/www.jean-got.fr\/en\/services\/","name":"Services of the cottage near Saint-Emilion : Domain Jean Got, unusual room","isPartOf":{"@id":"https:\/\/www.jean-got.fr\/en\/#website"},"datePublished":"2019-05-31T14:55:17+00:00","dateModified":"2019-12-24T16:17:33+00:00","description":"Services of the cottage near Saint-Emilion : We put at your disposal communal swimming pool, garden furniture, relax, assortment of games, grill...","breadcrumb":{"@id":"https:\/\/www.jean-got.fr\/en\/services\/#breadcrumb"},"inLanguage":"en-US","potentialAction":[{"@type":"ReadAction","target":["https:\/\/www.jean-got.fr\/en\/services\/"]}]},{"@type":"BreadcrumbList","@id":"https:\/\/www.jean-got.fr\/en\/services\/#breadcrumb","itemListElement":[{"@type":"ListItem","position":1,"name":"Accueil","item":"https:\/\/www.jean-got.fr\/en\/"},{"@type":"ListItem","position":2,"name":"Services"}]},{"@type":"WebSite","@id":"https:\/\/www.jean-got.fr\/en\/#website","url":"https:\/\/www.jean-got.fr\/en\/","name":"G\u00eete proche Saint-\u00c9milion : Le Domaine Jean Got, chambres insolites","description":"Chambre insolite \u00e0 Saint-\u00c9milion, G\u00e9ode, SPA et Bien-\u00eatre","publisher":{"@id":"https:\/\/www.jean-got.fr\/en\/#organization"},"alternateName":"Chambres insolites proche de Saint-\u00c9milion : Domaine Jean Got","potentialAction":[{"@type":"SearchAction","target":{"@type":"EntryPoint","urlTemplate":"https:\/\/www.jean-got.fr\/en\/?s={search_term_string}"},"query-input":{"@type":"PropertyValueSpecification","valueRequired":true,"valueName":"search_term_string"}}],"inLanguage":"en-US"},{"@type":"Organization","@id":"https:\/\/www.jean-got.fr\/en\/#organization","name":"Le Domaine Jean Got : Gite insolite proche de Saint-\u00c9milion","alternateName":"Chambres insolites proche de Saint-\u00c9milion : Domaine Jean Got","url":"https:\/\/www.jean-got.fr\/en\/","logo":{"@type":"ImageObject","inLanguage":"en-US","@id":"https:\/\/www.jean-got.fr\/en\/#\/schema\/logo\/image\/","url":"https:\/\/www.jean-got.fr\/wp-content\/uploads\/2019\/05\/edito-logo-01.jpg","contentUrl":"https:\/\/www.jean-got.fr\/wp-content\/uploads\/2019\/05\/edito-logo-01.jpg","width":364,"height":409,"caption":"Le Domaine Jean Got : Gite insolite proche de Saint-\u00c9milion"},"image":{"@id":"https:\/\/www.jean-got.fr\/en\/#\/schema\/logo\/image\/"},"sameAs":["https:\/\/www.facebook.com\/DomaineJeanGot\/","https:\/\/www.instagram.com\/domainejeangot\/","https:\/\/g.page\/DomaineJeanGot\/review"]}]}},"_links":{"self":[{"href":"https:\/\/www.jean-got.fr\/en\/wp-json\/wp\/v2\/pages\/16608","targetHints":{"allow":["GET"]}}],"collection":[{"href":"https:\/\/www.jean-got.fr\/en\/wp-json\/wp\/v2\/pages"}],"about":[{"href":"https:\/\/www.jean-got.fr\/en\/wp-json\/wp\/v2\/types\/page"}],"author":[{"embeddable":true,"href":"https:\/\/www.jean-got.fr\/en\/wp-json\/wp\/v2\/users\/2"}],"replies":[{"embeddable":true,"href":"https:\/\/www.jean-got.fr\/en\/wp-json\/wp\/v2\/comments?post=16608"}],"version-history":[{"count":0,"href":"https:\/\/www.jean-got.fr\/en\/wp-json\/wp\/v2\/pages\/16608\/revisions"}],"wp:attachment":[{"href":"https:\/\/www.jean-got.fr\/en\/wp-json\/wp\/v2\/media?parent=16608"}],"curies":[{"name":"wp","href":"https:\/\/api.w.org\/{rel}","templated":true}]}}