{"id":16611,"date":"2019-05-29T18:18:09","date_gmt":"2019-05-29T16:18:09","guid":{"rendered":"https:\/\/www.jean-got.fr\/soins-bien-etre\/"},"modified":"2023-08-21T16:41:49","modified_gmt":"2023-08-21T14:41:49","slug":"wellness","status":"publish","type":"page","link":"https:\/\/www.jean-got.fr\/en\/wellness\/","title":{"rendered":"Wellness"},"content":{"rendered":"<div class=\"wpb-content-wrapper\"><p>[vc_row css_animation=&#8221;&#8221; row_type=&#8221;row&#8221; use_row_as_full_screen_section=&#8221;no&#8221; type=&#8221;grid&#8221; angled_section=&#8221;no&#8221; text_align=&#8221;left&#8221; background_image_as_pattern=&#8221;without_pattern&#8221; z_index=&#8221;&#8221; padding_top=&#8221;70&#8243; padding_bottom=&#8221;70&#8243;][vc_column width=&#8221;1\/2&#8243;][vc_column_text]<\/p>\n<h2>Wellness<\/h2>\n<p>[\/vc_column_text][vc_separator type=&#8221;small&#8221; position=&#8221;left&#8221; up=&#8221;7&#8243; down=&#8221;38&#8243;][vc_column_text]Stress, tired, nervousness, noise, nothing beats a moment of rest and relaxation at Domain Jean Got.<\/p>\n<p>In addition to <strong>the exceptional, natural and quiet and soothing<\/strong>, we offer with our partners <strong>care and modeling tailored to your desires<\/strong>. These services can be done directly inside the accommodation or why not on the banks of the stream, in the park in the sun or in the shade of a tree to fully enjoy nature and the estate.[\/vc_column_text][\/vc_column][vc_column width=&#8221;1\/2&#8243;][vc_single_image image=&#8221;15272&#8243; img_size=&#8221;full&#8221; alignment=&#8221;center&#8221; qode_css_animation=&#8221;&#8221; transition_delay=&#8221;0.3&#8243;][\/vc_column][\/vc_row][vc_row css_animation=&#8221;&#8221; row_type=&#8221;row&#8221; use_row_as_full_screen_section=&#8221;no&#8221; type=&#8221;grid&#8221; angled_section=&#8221;no&#8221; text_align=&#8221;left&#8221; background_image_as_pattern=&#8221;without_pattern&#8221; padding_top=&#8221;87&#8243; padding_bottom=&#8221;69&#8243; z_index=&#8221;&#8221; background_color=&#8221;#ffffff&#8221;][vc_column][vc_column_text]<\/p>\n<h2 style=\"text-align: center;\">Our cares<\/h2>\n<p>[\/vc_column_text][vc_separator type=&#8221;small&#8221; position=&#8221;center&#8221; down=&#8221;7&#8243; up=&#8221;7&#8243;][vc_column_text]<\/p>\n<blockquote>\n<p style=\"text-align: center;\">Pleasant sensation provided by the satisfaction of physical needs, the absence of worries.<br \/>\nChoose between numerous energetic, relaxing treatments or sports activities.<br \/>\nWe will be happy to arrange the service for you.<\/p>\n<\/blockquote>\n<p>[\/vc_column_text][vc_separator type=&#8221;transparent&#8221; up=&#8221;15&#8243; down=&#8221;15&#8243;][vc_row_inner row_type=&#8221;row&#8221; type=&#8221;grid&#8221; text_align=&#8221;center&#8221; css_animation=&#8221;&#8221;][vc_column_inner width=&#8221;1\/3&#8243;][vc_single_image image=&#8221;18207&#8243; img_size=&#8221;350&#215;350&#8243; style=&#8221;vc_box_outline_circle_2&#8243; onclick=&#8221;custom_link&#8221; qode_css_animation=&#8221;element_from_top&#8221; qode_hover_animation=&#8221;zoom_in&#8221; link=&#8221;https:\/\/www.jean-got.fr\/en\/wellness-area\/&#8221; transition_delay=&#8221;0.3&#8243;][vc_empty_space][vc_column_text]<\/p>\n<h2 style=\"text-align: center;\">Wellness area<\/h2>\n<p>[\/vc_column_text][vc_empty_space]<a  itemprop=\"url\" href=\"https:\/\/www.jean-got.fr\/en\/wellness-area\/\" target=\"_self\" data-hover-background-color=\"#373737\" data-hover-border-color=\"#373737\" class=\"qbutton  default\" style=\"\">Discover<\/a>[vc_empty_space][\/vc_column_inner][vc_column_inner width=&#8221;1\/3&#8243;][vc_single_image image=&#8221;18000&#8243; img_size=&#8221;350&#215;350&#8243; style=&#8221;vc_box_outline_circle_2&#8243; onclick=&#8221;custom_link&#8221; qode_css_animation=&#8221;element_from_top&#8221; qode_hover_animation=&#8221;zoom_in&#8221; link=&#8221;https:\/\/www.jean-got.fr\/en\/food\/&#8221; transition_delay=&#8221;0.3&#8243;][vc_empty_space][vc_column_text]<\/p>\n<h2 style=\"text-align: center;\">Food<\/h2>\n<p>[\/vc_column_text][vc_empty_space]<a  itemprop=\"url\" href=\"https:\/\/www.jean-got.fr\/en\/food\/\" target=\"_self\" data-hover-background-color=\"#373737\" data-hover-border-color=\"#373737\" class=\"qbutton  default\" style=\"\">Discover<\/a>[vc_empty_space][\/vc_column_inner][vc_column_inner width=&#8221;1\/3&#8243;][vc_single_image image=&#8221;17037&#8243; img_size=&#8221;350&#215;350&#8243; style=&#8221;vc_box_outline_circle_2&#8243; onclick=&#8221;custom_link&#8221; qode_css_animation=&#8221;element_from_top&#8221; qode_hover_animation=&#8221;zoom_in&#8221; link=&#8221;https:\/\/www.jean-got.fr\/en\/care&#8221; transition_delay=&#8221;0.3&#8243;][vc_empty_space][vc_column_text]<\/p>\n<h2 style=\"text-align: center;\">Care<\/h2>\n<p>[\/vc_column_text][vc_empty_space]<a  itemprop=\"url\" href=\"https:\/\/www.jean-got.fr\/en\/care\" target=\"_self\" data-hover-background-color=\"#373737\" data-hover-border-color=\"#373737\" class=\"qbutton  default\" style=\"\">Discover<\/a>[\/vc_column_inner][\/vc_row_inner][vc_row_inner row_type=&#8221;row&#8221; type=&#8221;grid&#8221; text_align=&#8221;center&#8221; css_animation=&#8221;&#8221;][vc_column_inner width=&#8221;1\/3&#8243;][vc_single_image image=&#8221;18799&#8243; img_size=&#8221;350&#215;350&#8243; style=&#8221;vc_box_outline_circle_2&#8243; onclick=&#8221;custom_link&#8221; qode_css_animation=&#8221;element_from_top&#8221; qode_hover_animation=&#8221;zoom_in&#8221; link=&#8221;https:\/\/www.jean-got.fr\/en\/wellness-area\/&#8221; transition_delay=&#8221;0.3&#8243;][vc_empty_space][vc_column_text]<\/p>\n<h2 style=\"text-align: center;\">Gift card<\/h2>\n<p>[\/vc_column_text][vc_empty_space]<a  itemprop=\"url\" href=\"https:\/\/www.jean-got.fr\/en\/gift-card\/\" target=\"_self\" data-hover-background-color=\"#373737\" data-hover-border-color=\"#373737\" class=\"qbutton  default\" style=\"\">Discover<\/a>[vc_empty_space][\/vc_column_inner][vc_column_inner width=&#8221;1\/3&#8243;][\/vc_column_inner][vc_column_inner width=&#8221;1\/3&#8243;][vc_single_image image=&#8221;17694&#8243; img_size=&#8221;350&#215;350&#8243; style=&#8221;vc_box_outline_circle_2&#8243; onclick=&#8221;custom_link&#8221; qode_css_animation=&#8221;element_from_top&#8221; qode_hover_animation=&#8221;zoom_in&#8221; link=&#8221;https:\/\/www.jean-got.fr\/en\/care&#8221; transition_delay=&#8221;0.3&#8243;][vc_empty_space][vc_column_text]<\/p>\n<h2 style=\"text-align: center;\">Weekend and theme day<\/h2>\n<p>[\/vc_column_text][vc_empty_space]<a  itemprop=\"url\" href=\"https:\/\/www.jean-got.fr\/en\/theme-day-or-weekend\/\" target=\"_self\" data-hover-background-color=\"#373737\" data-hover-border-color=\"#373737\" class=\"qbutton  default\" style=\"\">Discover<\/a>[\/vc_column_inner][\/vc_row_inner][\/vc_column][\/vc_row][vc_row css_animation=&#8221;&#8221; row_type=&#8221;row&#8221; use_row_as_full_screen_section=&#8221;no&#8221; type=&#8221;full_width&#8221; angled_section=&#8221;no&#8221; text_align=&#8221;left&#8221; background_image_as_pattern=&#8221;without_pattern&#8221;][vc_column]<div class=\"call_to_action normal\" style=\"background-color: #045048;\"><div class=\"container_inner\"><div class=\"two_columns_75_25 clearfix\"><div class=\"text_wrapper column1\"><div class=\"call_to_action_text \" style=\"\">For any reservation of treatments, please contact us.<\/div><\/div><div class=\"button_wrapper column2\"><a itemprop=\"url\" href=\"https:\/\/www.jean-got.fr\/en\/contact\/\" class=\"qbutton white \" target=\"_self\" style=\"color: #ffffff;border-color: #ffffff;\" data-hover-background-color=#ffffff data-hover-border-color=#ffffff data-hover-color=#045048>I book a care<\/a><\/div><\/div><\/div><\/div>[\/vc_column][\/vc_row]<\/p>\n<\/div>","protected":false},"excerpt":{"rendered":"<p>[vc_row css_animation=&#8221;&#8221; row_type=&#8221;row&#8221; use_row_as_full_screen_section=&#8221;no&#8221; type=&#8221;grid&#8221; angled_section=&#8221;no&#8221; text_align=&#8221;left&#8221; background_image_as_pattern=&#8221;without_pattern&#8221; z_index=&#8221;&#8221; padding_top=&#8221;70&#8243; padding_bottom=&#8221;70&#8243;][vc_column width=&#8221;1\/2&#8243;][vc_column_text] Wellness [\/vc_column_text][vc_separator type=&#8221;small&#8221; position=&#8221;left&#8221; up=&#8221;7&#8243; down=&#8221;38&#8243;][vc_column_text]Stress, tired, nervousness, noise, nothing beats a moment of rest and relaxation at Domain Jean Got. In addition to the exceptional, natural and quiet and soothing, we offer&#8230;<\/p>\n","protected":false},"author":2,"featured_media":0,"parent":0,"menu_order":0,"comment_status":"open","ping_status":"open","template":"full_width.php","meta":{"footnotes":""},"class_list":["post-16611","page","type-page","status-publish","hentry"],"yoast_head":"<!-- This site is optimized with the Yoast SEO plugin v27.3 - https:\/\/yoast.com\/product\/yoast-seo-wordpress\/ -->\n<title>Wellness near Saint-Emilion : Domain Jean Got, Cottage, Massage<\/title>\n<meta name=\"description\" content=\"Wellness close to Saint-Emilion at Domain Jean Got : Pleasant sensation provided by the satisfaction of physical needs, the absence of worries.\" \/>\n<meta name=\"robots\" content=\"index, follow, max-snippet:-1, max-image-preview:large, max-video-preview:-1\" \/>\n<link rel=\"canonical\" href=\"https:\/\/www.jean-got.fr\/en\/wellness\/\" \/>\n<meta property=\"og:locale\" content=\"en_US\" \/>\n<meta property=\"og:type\" content=\"article\" \/>\n<meta property=\"og:title\" content=\"Wellness near Saint-Emilion : Domain Jean Got, Cottage, Massage\" \/>\n<meta property=\"og:description\" content=\"Wellness close to Saint-Emilion at Domain Jean Got : Pleasant sensation provided by the satisfaction of physical needs, the absence of worries.\" \/>\n<meta property=\"og:url\" content=\"https:\/\/www.jean-got.fr\/en\/wellness\/\" \/>\n<meta property=\"og:site_name\" content=\"Domaine Jean Got : G\u00eete SPA Bien-\u00eatre Saint-Emilion\" \/>\n<meta property=\"article:publisher\" content=\"https:\/\/www.facebook.com\/DomaineJeanGot\/\" \/>\n<meta property=\"article:modified_time\" content=\"2023-08-21T14:41:49+00:00\" \/>\n<meta property=\"og:image\" content=\"https:\/\/www.jean-got.fr\/wp-content\/uploads\/2019\/05\/edito-logo-01.jpg\" \/>\n\t<meta property=\"og:image:width\" content=\"364\" \/>\n\t<meta property=\"og:image:height\" content=\"409\" \/>\n\t<meta property=\"og:image:type\" content=\"image\/jpeg\" \/>\n<meta name=\"twitter:card\" content=\"summary_large_image\" \/>\n<meta name=\"twitter:label1\" content=\"Est. reading time\" \/>\n\t<meta name=\"twitter:data1\" content=\"2 minutes\" \/>\n<script type=\"application\/ld+json\" class=\"yoast-schema-graph\">{\"@context\":\"https:\\\/\\\/schema.org\",\"@graph\":[{\"@type\":\"WebPage\",\"@id\":\"https:\\\/\\\/www.jean-got.fr\\\/en\\\/wellness\\\/\",\"url\":\"https:\\\/\\\/www.jean-got.fr\\\/en\\\/wellness\\\/\",\"name\":\"Wellness near Saint-Emilion : Domain Jean Got, Cottage, Massage\",\"isPartOf\":{\"@id\":\"https:\\\/\\\/www.jean-got.fr\\\/en\\\/#website\"},\"datePublished\":\"2019-05-29T16:18:09+00:00\",\"dateModified\":\"2023-08-21T14:41:49+00:00\",\"description\":\"Wellness close to Saint-Emilion at Domain Jean Got : Pleasant sensation provided by the satisfaction of physical needs, the absence of worries.\",\"breadcrumb\":{\"@id\":\"https:\\\/\\\/www.jean-got.fr\\\/en\\\/wellness\\\/#breadcrumb\"},\"inLanguage\":\"en-US\",\"potentialAction\":[{\"@type\":\"ReadAction\",\"target\":[\"https:\\\/\\\/www.jean-got.fr\\\/en\\\/wellness\\\/\"]}]},{\"@type\":\"BreadcrumbList\",\"@id\":\"https:\\\/\\\/www.jean-got.fr\\\/en\\\/wellness\\\/#breadcrumb\",\"itemListElement\":[{\"@type\":\"ListItem\",\"position\":1,\"name\":\"Accueil\",\"item\":\"https:\\\/\\\/www.jean-got.fr\\\/en\\\/\"},{\"@type\":\"ListItem\",\"position\":2,\"name\":\"Wellness\"}]},{\"@type\":\"WebSite\",\"@id\":\"https:\\\/\\\/www.jean-got.fr\\\/en\\\/#website\",\"url\":\"https:\\\/\\\/www.jean-got.fr\\\/en\\\/\",\"name\":\"G\u00eete proche Saint-\u00c9milion : Le Domaine Jean Got, chambres insolites\",\"description\":\"Chambre insolite \u00e0 Saint-\u00c9milion, G\u00e9ode, SPA et Bien-\u00eatre\",\"publisher\":{\"@id\":\"https:\\\/\\\/www.jean-got.fr\\\/en\\\/#organization\"},\"alternateName\":\"Chambres insolites proche de Saint-\u00c9milion : Domaine Jean Got\",\"potentialAction\":[{\"@type\":\"SearchAction\",\"target\":{\"@type\":\"EntryPoint\",\"urlTemplate\":\"https:\\\/\\\/www.jean-got.fr\\\/en\\\/?s={search_term_string}\"},\"query-input\":{\"@type\":\"PropertyValueSpecification\",\"valueRequired\":true,\"valueName\":\"search_term_string\"}}],\"inLanguage\":\"en-US\"},{\"@type\":\"Organization\",\"@id\":\"https:\\\/\\\/www.jean-got.fr\\\/en\\\/#organization\",\"name\":\"Le Domaine Jean Got : Gite insolite proche de Saint-\u00c9milion\",\"alternateName\":\"Chambres insolites proche de Saint-\u00c9milion : Domaine Jean Got\",\"url\":\"https:\\\/\\\/www.jean-got.fr\\\/en\\\/\",\"logo\":{\"@type\":\"ImageObject\",\"inLanguage\":\"en-US\",\"@id\":\"https:\\\/\\\/www.jean-got.fr\\\/en\\\/#\\\/schema\\\/logo\\\/image\\\/\",\"url\":\"https:\\\/\\\/www.jean-got.fr\\\/wp-content\\\/uploads\\\/2019\\\/05\\\/edito-logo-01.jpg\",\"contentUrl\":\"https:\\\/\\\/www.jean-got.fr\\\/wp-content\\\/uploads\\\/2019\\\/05\\\/edito-logo-01.jpg\",\"width\":364,\"height\":409,\"caption\":\"Le Domaine Jean Got : Gite insolite proche de Saint-\u00c9milion\"},\"image\":{\"@id\":\"https:\\\/\\\/www.jean-got.fr\\\/en\\\/#\\\/schema\\\/logo\\\/image\\\/\"},\"sameAs\":[\"https:\\\/\\\/www.facebook.com\\\/DomaineJeanGot\\\/\",\"https:\\\/\\\/www.instagram.com\\\/domainejeangot\\\/\",\"https:\\\/\\\/g.page\\\/DomaineJeanGot\\\/review\"]}]}<\/script>\n<!-- \/ Yoast SEO plugin. -->","yoast_head_json":{"title":"Wellness near Saint-Emilion : Domain Jean Got, Cottage, Massage","description":"Wellness close to Saint-Emilion at Domain Jean Got : Pleasant sensation provided by the satisfaction of physical needs, the absence of worries.","robots":{"index":"index","follow":"follow","max-snippet":"max-snippet:-1","max-image-preview":"max-image-preview:large","max-video-preview":"max-video-preview:-1"},"canonical":"https:\/\/www.jean-got.fr\/en\/wellness\/","og_locale":"en_US","og_type":"article","og_title":"Wellness near Saint-Emilion : Domain Jean Got, Cottage, Massage","og_description":"Wellness close to Saint-Emilion at Domain Jean Got : Pleasant sensation provided by the satisfaction of physical needs, the absence of worries.","og_url":"https:\/\/www.jean-got.fr\/en\/wellness\/","og_site_name":"Domaine Jean Got : G\u00eete SPA Bien-\u00eatre Saint-Emilion","article_publisher":"https:\/\/www.facebook.com\/DomaineJeanGot\/","article_modified_time":"2023-08-21T14:41:49+00:00","og_image":[{"width":364,"height":409,"url":"https:\/\/www.jean-got.fr\/wp-content\/uploads\/2019\/05\/edito-logo-01.jpg","type":"image\/jpeg"}],"twitter_card":"summary_large_image","twitter_misc":{"Est. reading time":"2 minutes"},"schema":{"@context":"https:\/\/schema.org","@graph":[{"@type":"WebPage","@id":"https:\/\/www.jean-got.fr\/en\/wellness\/","url":"https:\/\/www.jean-got.fr\/en\/wellness\/","name":"Wellness near Saint-Emilion : Domain Jean Got, Cottage, Massage","isPartOf":{"@id":"https:\/\/www.jean-got.fr\/en\/#website"},"datePublished":"2019-05-29T16:18:09+00:00","dateModified":"2023-08-21T14:41:49+00:00","description":"Wellness close to Saint-Emilion at Domain Jean Got : Pleasant sensation provided by the satisfaction of physical needs, the absence of worries.","breadcrumb":{"@id":"https:\/\/www.jean-got.fr\/en\/wellness\/#breadcrumb"},"inLanguage":"en-US","potentialAction":[{"@type":"ReadAction","target":["https:\/\/www.jean-got.fr\/en\/wellness\/"]}]},{"@type":"BreadcrumbList","@id":"https:\/\/www.jean-got.fr\/en\/wellness\/#breadcrumb","itemListElement":[{"@type":"ListItem","position":1,"name":"Accueil","item":"https:\/\/www.jean-got.fr\/en\/"},{"@type":"ListItem","position":2,"name":"Wellness"}]},{"@type":"WebSite","@id":"https:\/\/www.jean-got.fr\/en\/#website","url":"https:\/\/www.jean-got.fr\/en\/","name":"G\u00eete proche Saint-\u00c9milion : Le Domaine Jean Got, chambres insolites","description":"Chambre insolite \u00e0 Saint-\u00c9milion, G\u00e9ode, SPA et Bien-\u00eatre","publisher":{"@id":"https:\/\/www.jean-got.fr\/en\/#organization"},"alternateName":"Chambres insolites proche de Saint-\u00c9milion : Domaine Jean Got","potentialAction":[{"@type":"SearchAction","target":{"@type":"EntryPoint","urlTemplate":"https:\/\/www.jean-got.fr\/en\/?s={search_term_string}"},"query-input":{"@type":"PropertyValueSpecification","valueRequired":true,"valueName":"search_term_string"}}],"inLanguage":"en-US"},{"@type":"Organization","@id":"https:\/\/www.jean-got.fr\/en\/#organization","name":"Le Domaine Jean Got : Gite insolite proche de Saint-\u00c9milion","alternateName":"Chambres insolites proche de Saint-\u00c9milion : Domaine Jean Got","url":"https:\/\/www.jean-got.fr\/en\/","logo":{"@type":"ImageObject","inLanguage":"en-US","@id":"https:\/\/www.jean-got.fr\/en\/#\/schema\/logo\/image\/","url":"https:\/\/www.jean-got.fr\/wp-content\/uploads\/2019\/05\/edito-logo-01.jpg","contentUrl":"https:\/\/www.jean-got.fr\/wp-content\/uploads\/2019\/05\/edito-logo-01.jpg","width":364,"height":409,"caption":"Le Domaine Jean Got : Gite insolite proche de Saint-\u00c9milion"},"image":{"@id":"https:\/\/www.jean-got.fr\/en\/#\/schema\/logo\/image\/"},"sameAs":["https:\/\/www.facebook.com\/DomaineJeanGot\/","https:\/\/www.instagram.com\/domainejeangot\/","https:\/\/g.page\/DomaineJeanGot\/review"]}]}},"_links":{"self":[{"href":"https:\/\/www.jean-got.fr\/en\/wp-json\/wp\/v2\/pages\/16611","targetHints":{"allow":["GET"]}}],"collection":[{"href":"https:\/\/www.jean-got.fr\/en\/wp-json\/wp\/v2\/pages"}],"about":[{"href":"https:\/\/www.jean-got.fr\/en\/wp-json\/wp\/v2\/types\/page"}],"author":[{"embeddable":true,"href":"https:\/\/www.jean-got.fr\/en\/wp-json\/wp\/v2\/users\/2"}],"replies":[{"embeddable":true,"href":"https:\/\/www.jean-got.fr\/en\/wp-json\/wp\/v2\/comments?post=16611"}],"version-history":[{"count":0,"href":"https:\/\/www.jean-got.fr\/en\/wp-json\/wp\/v2\/pages\/16611\/revisions"}],"wp:attachment":[{"href":"https:\/\/www.jean-got.fr\/en\/wp-json\/wp\/v2\/media?parent=16611"}],"curies":[{"name":"wp","href":"https:\/\/api.w.org\/{rel}","templated":true}]}}