{"id":17794,"date":"2020-12-22T17:26:47","date_gmt":"2020-12-22T16:26:47","guid":{"rendered":"https:\/\/www.jean-got.fr\/?page_id=17794"},"modified":"2026-01-29T15:06:47","modified_gmt":"2026-01-29T14:06:47","slug":"gift-card","status":"publish","type":"page","link":"https:\/\/www.jean-got.fr\/en\/gift-card\/","title":{"rendered":"Gift card"},"content":{"rendered":"<div class=\"wpb-content-wrapper\"><p>[vc_row css_animation=&#8221;&#8221; row_type=&#8221;row&#8221; use_row_as_full_screen_section=&#8221;no&#8221; type=&#8221;grid&#8221; angled_section=&#8221;no&#8221; text_align=&#8221;center&#8221; background_image_as_pattern=&#8221;without_pattern&#8221; z_index=&#8221;&#8221; padding_top=&#8221;50&#8243;][vc_column][vc_column_text]<\/p>\n<h2 style=\"text-align: center;\">Gift card Unusual Room<\/h2>\n<h3 style=\"text-align: center;\">Pleased to offer<\/h3>\n<p style=\"text-align: center;\">Spend a night nestled in the forest of Domaine Jean Got.<br \/>\nMay all your wishes and dreams come true !<\/p>\n<p>[\/vc_column_text][vc_separator type=&#8221;small&#8221; position=&#8221;center&#8221; color=&#8221;#373737&#8243; up=&#8221;7&#8243; down=&#8221;38&#8243;][vc_single_image image=&#8221;17823&#8243; img_size=&#8221;full&#8221; alignment=&#8221;center&#8221; qode_css_animation=&#8221;&#8221;][vc_column_text css=&#8221;.vc_custom_1609959530465{padding-top: 10px !important;}&#8221;]<\/p>\n<p style=\"text-align: center;\"><strong>Do you want to offer a wonderful stay in our unusual rooms ?<\/strong><\/p>\n<p style=\"text-align: center;\">Nothing could be simpler ! Please fill out this form. Upon receipt of this, we will send you a quote by email to be returned to us signed with the mention &#8220;Good for agreement&#8221; as well as our bank details to make the transfer. As soon as the transfer is received, we will send you the invoice by email and the gift card either by email to be printed or by post in a nice envelope, in square format and in photo printing according to your choice.<\/p>\n<p style=\"text-align: center;\"><em>You choose the &#8220;Winter&#8221; Season Tariff. Your beneficiary wishes to come during the low season or the high season! Don&#8217;t worry! He will simply pay us the difference.<\/em><\/p>\n<p>[\/vc_column_text][\/vc_column][\/vc_row][vc_row css_animation=&#8221;&#8221; row_type=&#8221;row&#8221; use_row_as_full_screen_section=&#8221;no&#8221; type=&#8221;grid&#8221; angled_section=&#8221;no&#8221; text_align=&#8221;center&#8221; background_image_as_pattern=&#8221;without_pattern&#8221; z_index=&#8221;&#8221; padding_top=&#8221;50&#8243;][vc_column][vc_column_text]<\/p>\n<h2 style=\"text-align: center;\">Gift card Welness Area<\/h2>\n<h3 style=\"text-align: center;\">Pleased to offer<\/h3>\n<p style=\"text-align: center;\">Spend an unforgettable moment in our wellness area with jacuzzi and sauna at Domaine Jean Got.<br \/>\nMay all your wishes and dreams come true!<\/p>\n<p>[\/vc_column_text][vc_separator type=&#8221;small&#8221; position=&#8221;center&#8221; color=&#8221;#373737&#8243; up=&#8221;7&#8243; down=&#8221;38&#8243;][vc_single_image image=&#8221;18893&#8243; img_size=&#8221;full&#8221; alignment=&#8221;center&#8221; qode_css_animation=&#8221;&#8221;][vc_column_text css=&#8221;.vc_custom_1702066604962{padding-top: 10px !important;}&#8221;]<\/p>\n<p style=\"text-align: center;\"><strong>Would you like to offer a wonderful moment of relaxation in our Welness Area ?<\/strong><\/p>\n<p style=\"text-align: center;\">Nothing could be easier ! Choose the gift card you&#8217;d like from our booking engine below by moving your mouse to the left. We&#8217;ll send you the gift card by email for you to print out.<\/p>\n<p style=\"text-align: center;\">Once you&#8217;ve received your gift card, simply click <a href=\"https:\/\/www.jean-got.fr\/en\/wellness-area\/#reserver\">here<\/a> to book your appointment. In the comments, please indicate the reference number of your gift card.<\/p>\n<p>[\/vc_column_text]<a  itemprop=\"url\" href=\"https:\/\/domaine-jean-got.amenitiz.io\/en\/booking\/room\" target=\"_blank\"  class=\"qbutton  default\" style=\"margin: 20px 0px 50px 0px; \">Booking<\/a>[\/vc_column][\/vc_row]<\/p>\n<\/div>","protected":false},"excerpt":{"rendered":"<p>[vc_row css_animation=&#8221;&#8221; row_type=&#8221;row&#8221; use_row_as_full_screen_section=&#8221;no&#8221; type=&#8221;grid&#8221; angled_section=&#8221;no&#8221; text_align=&#8221;center&#8221; background_image_as_pattern=&#8221;without_pattern&#8221; z_index=&#8221;&#8221; padding_top=&#8221;50&#8243;][vc_column][vc_column_text] Gift card Unusual Room Pleased to offer Spend a night nestled in the forest of Domaine Jean Got. May all your wishes and dreams come true ! [\/vc_column_text][vc_separator type=&#8221;small&#8221; position=&#8221;center&#8221; color=&#8221;#373737&#8243; up=&#8221;7&#8243; down=&#8221;38&#8243;][vc_single_image image=&#8221;17823&#8243; img_size=&#8221;full&#8221;&#8230;<\/p>\n","protected":false},"author":2,"featured_media":18799,"parent":0,"menu_order":0,"comment_status":"open","ping_status":"open","template":"full_width.php","meta":{"footnotes":""},"class_list":["post-17794","page","type-page","status-publish","has-post-thumbnail","hentry"],"yoast_head":"<!-- This site is optimized with the Yoast SEO plugin v27.3 - https:\/\/yoast.com\/product\/yoast-seo-wordpress\/ -->\n<title>Gift card from Domaine Jean Got : Pleasure of giving - Unusual g\u00eete<\/title>\n<meta name=\"description\" content=\"Gift card from Domaine Jean Got : Spend a night nestled in the forest of Domaine Jean Got. May all your wishes and dreams come true!\" \/>\n<meta name=\"robots\" content=\"index, follow, max-snippet:-1, max-image-preview:large, max-video-preview:-1\" \/>\n<link rel=\"canonical\" href=\"https:\/\/www.jean-got.fr\/en\/gift-card\/\" \/>\n<meta property=\"og:locale\" content=\"en_US\" \/>\n<meta property=\"og:type\" content=\"article\" \/>\n<meta property=\"og:title\" content=\"Gift card from Domaine Jean Got : Pleasure of giving - Unusual g\u00eete\" \/>\n<meta property=\"og:description\" content=\"Gift card from Domaine Jean Got : Spend a night nestled in the forest of Domaine Jean Got. May all your wishes and dreams come true!\" \/>\n<meta property=\"og:url\" content=\"https:\/\/www.jean-got.fr\/en\/gift-card\/\" \/>\n<meta property=\"og:site_name\" content=\"Domaine Jean Got : G\u00eete SPA Bien-\u00eatre Saint-Emilion\" \/>\n<meta property=\"article:publisher\" content=\"https:\/\/www.facebook.com\/DomaineJeanGot\/\" \/>\n<meta property=\"article:modified_time\" content=\"2026-01-29T14:06:47+00:00\" \/>\n<meta property=\"og:image\" content=\"https:\/\/www.jean-got.fr\/wp-content\/uploads\/2023\/06\/Modele-Carte-Cadeau.jpg\" \/>\n\t<meta property=\"og:image:width\" content=\"1126\" \/>\n\t<meta property=\"og:image:height\" content=\"944\" \/>\n\t<meta property=\"og:image:type\" content=\"image\/jpeg\" \/>\n<meta name=\"twitter:card\" content=\"summary_large_image\" \/>\n<meta name=\"twitter:label1\" content=\"Est. reading time\" \/>\n\t<meta name=\"twitter:data1\" content=\"2 minutes\" \/>\n<script type=\"application\/ld+json\" class=\"yoast-schema-graph\">{\"@context\":\"https:\\\/\\\/schema.org\",\"@graph\":[{\"@type\":\"WebPage\",\"@id\":\"https:\\\/\\\/www.jean-got.fr\\\/en\\\/gift-card\\\/\",\"url\":\"https:\\\/\\\/www.jean-got.fr\\\/en\\\/gift-card\\\/\",\"name\":\"Gift card from Domaine Jean Got : Pleasure of giving - Unusual g\u00eete\",\"isPartOf\":{\"@id\":\"https:\\\/\\\/www.jean-got.fr\\\/en\\\/#website\"},\"primaryImageOfPage\":{\"@id\":\"https:\\\/\\\/www.jean-got.fr\\\/en\\\/gift-card\\\/#primaryimage\"},\"image\":{\"@id\":\"https:\\\/\\\/www.jean-got.fr\\\/en\\\/gift-card\\\/#primaryimage\"},\"thumbnailUrl\":\"https:\\\/\\\/www.jean-got.fr\\\/wp-content\\\/uploads\\\/2023\\\/06\\\/Modele-Carte-Cadeau.jpg\",\"datePublished\":\"2020-12-22T16:26:47+00:00\",\"dateModified\":\"2026-01-29T14:06:47+00:00\",\"description\":\"Gift card from Domaine Jean Got : Spend a night nestled in the forest of Domaine Jean Got. May all your wishes and dreams come true!\",\"breadcrumb\":{\"@id\":\"https:\\\/\\\/www.jean-got.fr\\\/en\\\/gift-card\\\/#breadcrumb\"},\"inLanguage\":\"en-US\",\"potentialAction\":[{\"@type\":\"ReadAction\",\"target\":[\"https:\\\/\\\/www.jean-got.fr\\\/en\\\/gift-card\\\/\"]}]},{\"@type\":\"ImageObject\",\"inLanguage\":\"en-US\",\"@id\":\"https:\\\/\\\/www.jean-got.fr\\\/en\\\/gift-card\\\/#primaryimage\",\"url\":\"https:\\\/\\\/www.jean-got.fr\\\/wp-content\\\/uploads\\\/2023\\\/06\\\/Modele-Carte-Cadeau.jpg\",\"contentUrl\":\"https:\\\/\\\/www.jean-got.fr\\\/wp-content\\\/uploads\\\/2023\\\/06\\\/Modele-Carte-Cadeau.jpg\",\"width\":1126,\"height\":944,\"caption\":\"Plaisir d'offrir carte cadeau Domaine Jean Got Chambre insolite proche de Saint Emilion\"},{\"@type\":\"BreadcrumbList\",\"@id\":\"https:\\\/\\\/www.jean-got.fr\\\/en\\\/gift-card\\\/#breadcrumb\",\"itemListElement\":[{\"@type\":\"ListItem\",\"position\":1,\"name\":\"Accueil\",\"item\":\"https:\\\/\\\/www.jean-got.fr\\\/en\\\/\"},{\"@type\":\"ListItem\",\"position\":2,\"name\":\"Gift card\"}]},{\"@type\":\"WebSite\",\"@id\":\"https:\\\/\\\/www.jean-got.fr\\\/en\\\/#website\",\"url\":\"https:\\\/\\\/www.jean-got.fr\\\/en\\\/\",\"name\":\"G\u00eete proche Saint-\u00c9milion : Le Domaine Jean Got, chambres insolites\",\"description\":\"Chambre insolite \u00e0 Saint-\u00c9milion, G\u00e9ode, SPA et Bien-\u00eatre\",\"publisher\":{\"@id\":\"https:\\\/\\\/www.jean-got.fr\\\/en\\\/#organization\"},\"alternateName\":\"Chambres insolites proche de Saint-\u00c9milion : Domaine Jean Got\",\"potentialAction\":[{\"@type\":\"SearchAction\",\"target\":{\"@type\":\"EntryPoint\",\"urlTemplate\":\"https:\\\/\\\/www.jean-got.fr\\\/en\\\/?s={search_term_string}\"},\"query-input\":{\"@type\":\"PropertyValueSpecification\",\"valueRequired\":true,\"valueName\":\"search_term_string\"}}],\"inLanguage\":\"en-US\"},{\"@type\":\"Organization\",\"@id\":\"https:\\\/\\\/www.jean-got.fr\\\/en\\\/#organization\",\"name\":\"Le Domaine Jean Got : Gite insolite proche de Saint-\u00c9milion\",\"alternateName\":\"Chambres insolites proche de Saint-\u00c9milion : Domaine Jean Got\",\"url\":\"https:\\\/\\\/www.jean-got.fr\\\/en\\\/\",\"logo\":{\"@type\":\"ImageObject\",\"inLanguage\":\"en-US\",\"@id\":\"https:\\\/\\\/www.jean-got.fr\\\/en\\\/#\\\/schema\\\/logo\\\/image\\\/\",\"url\":\"https:\\\/\\\/www.jean-got.fr\\\/wp-content\\\/uploads\\\/2019\\\/05\\\/edito-logo-01.jpg\",\"contentUrl\":\"https:\\\/\\\/www.jean-got.fr\\\/wp-content\\\/uploads\\\/2019\\\/05\\\/edito-logo-01.jpg\",\"width\":364,\"height\":409,\"caption\":\"Le Domaine Jean Got : Gite insolite proche de Saint-\u00c9milion\"},\"image\":{\"@id\":\"https:\\\/\\\/www.jean-got.fr\\\/en\\\/#\\\/schema\\\/logo\\\/image\\\/\"},\"sameAs\":[\"https:\\\/\\\/www.facebook.com\\\/DomaineJeanGot\\\/\",\"https:\\\/\\\/www.instagram.com\\\/domainejeangot\\\/\",\"https:\\\/\\\/g.page\\\/DomaineJeanGot\\\/review\"]}]}<\/script>\n<!-- \/ Yoast SEO plugin. -->","yoast_head_json":{"title":"Gift card from Domaine Jean Got : Pleasure of giving - Unusual g\u00eete","description":"Gift card from Domaine Jean Got : Spend a night nestled in the forest of Domaine Jean Got. May all your wishes and dreams come true!","robots":{"index":"index","follow":"follow","max-snippet":"max-snippet:-1","max-image-preview":"max-image-preview:large","max-video-preview":"max-video-preview:-1"},"canonical":"https:\/\/www.jean-got.fr\/en\/gift-card\/","og_locale":"en_US","og_type":"article","og_title":"Gift card from Domaine Jean Got : Pleasure of giving - Unusual g\u00eete","og_description":"Gift card from Domaine Jean Got : Spend a night nestled in the forest of Domaine Jean Got. May all your wishes and dreams come true!","og_url":"https:\/\/www.jean-got.fr\/en\/gift-card\/","og_site_name":"Domaine Jean Got : G\u00eete SPA Bien-\u00eatre Saint-Emilion","article_publisher":"https:\/\/www.facebook.com\/DomaineJeanGot\/","article_modified_time":"2026-01-29T14:06:47+00:00","og_image":[{"width":1126,"height":944,"url":"https:\/\/www.jean-got.fr\/wp-content\/uploads\/2023\/06\/Modele-Carte-Cadeau.jpg","type":"image\/jpeg"}],"twitter_card":"summary_large_image","twitter_misc":{"Est. reading time":"2 minutes"},"schema":{"@context":"https:\/\/schema.org","@graph":[{"@type":"WebPage","@id":"https:\/\/www.jean-got.fr\/en\/gift-card\/","url":"https:\/\/www.jean-got.fr\/en\/gift-card\/","name":"Gift card from Domaine Jean Got : Pleasure of giving - Unusual g\u00eete","isPartOf":{"@id":"https:\/\/www.jean-got.fr\/en\/#website"},"primaryImageOfPage":{"@id":"https:\/\/www.jean-got.fr\/en\/gift-card\/#primaryimage"},"image":{"@id":"https:\/\/www.jean-got.fr\/en\/gift-card\/#primaryimage"},"thumbnailUrl":"https:\/\/www.jean-got.fr\/wp-content\/uploads\/2023\/06\/Modele-Carte-Cadeau.jpg","datePublished":"2020-12-22T16:26:47+00:00","dateModified":"2026-01-29T14:06:47+00:00","description":"Gift card from Domaine Jean Got : Spend a night nestled in the forest of Domaine Jean Got. May all your wishes and dreams come true!","breadcrumb":{"@id":"https:\/\/www.jean-got.fr\/en\/gift-card\/#breadcrumb"},"inLanguage":"en-US","potentialAction":[{"@type":"ReadAction","target":["https:\/\/www.jean-got.fr\/en\/gift-card\/"]}]},{"@type":"ImageObject","inLanguage":"en-US","@id":"https:\/\/www.jean-got.fr\/en\/gift-card\/#primaryimage","url":"https:\/\/www.jean-got.fr\/wp-content\/uploads\/2023\/06\/Modele-Carte-Cadeau.jpg","contentUrl":"https:\/\/www.jean-got.fr\/wp-content\/uploads\/2023\/06\/Modele-Carte-Cadeau.jpg","width":1126,"height":944,"caption":"Plaisir d'offrir carte cadeau Domaine Jean Got Chambre insolite proche de Saint Emilion"},{"@type":"BreadcrumbList","@id":"https:\/\/www.jean-got.fr\/en\/gift-card\/#breadcrumb","itemListElement":[{"@type":"ListItem","position":1,"name":"Accueil","item":"https:\/\/www.jean-got.fr\/en\/"},{"@type":"ListItem","position":2,"name":"Gift card"}]},{"@type":"WebSite","@id":"https:\/\/www.jean-got.fr\/en\/#website","url":"https:\/\/www.jean-got.fr\/en\/","name":"G\u00eete proche Saint-\u00c9milion : Le Domaine Jean Got, chambres insolites","description":"Chambre insolite \u00e0 Saint-\u00c9milion, G\u00e9ode, SPA et Bien-\u00eatre","publisher":{"@id":"https:\/\/www.jean-got.fr\/en\/#organization"},"alternateName":"Chambres insolites proche de Saint-\u00c9milion : Domaine Jean Got","potentialAction":[{"@type":"SearchAction","target":{"@type":"EntryPoint","urlTemplate":"https:\/\/www.jean-got.fr\/en\/?s={search_term_string}"},"query-input":{"@type":"PropertyValueSpecification","valueRequired":true,"valueName":"search_term_string"}}],"inLanguage":"en-US"},{"@type":"Organization","@id":"https:\/\/www.jean-got.fr\/en\/#organization","name":"Le Domaine Jean Got : Gite insolite proche de Saint-\u00c9milion","alternateName":"Chambres insolites proche de Saint-\u00c9milion : Domaine Jean Got","url":"https:\/\/www.jean-got.fr\/en\/","logo":{"@type":"ImageObject","inLanguage":"en-US","@id":"https:\/\/www.jean-got.fr\/en\/#\/schema\/logo\/image\/","url":"https:\/\/www.jean-got.fr\/wp-content\/uploads\/2019\/05\/edito-logo-01.jpg","contentUrl":"https:\/\/www.jean-got.fr\/wp-content\/uploads\/2019\/05\/edito-logo-01.jpg","width":364,"height":409,"caption":"Le Domaine Jean Got : Gite insolite proche de Saint-\u00c9milion"},"image":{"@id":"https:\/\/www.jean-got.fr\/en\/#\/schema\/logo\/image\/"},"sameAs":["https:\/\/www.facebook.com\/DomaineJeanGot\/","https:\/\/www.instagram.com\/domainejeangot\/","https:\/\/g.page\/DomaineJeanGot\/review"]}]}},"_links":{"self":[{"href":"https:\/\/www.jean-got.fr\/en\/wp-json\/wp\/v2\/pages\/17794","targetHints":{"allow":["GET"]}}],"collection":[{"href":"https:\/\/www.jean-got.fr\/en\/wp-json\/wp\/v2\/pages"}],"about":[{"href":"https:\/\/www.jean-got.fr\/en\/wp-json\/wp\/v2\/types\/page"}],"author":[{"embeddable":true,"href":"https:\/\/www.jean-got.fr\/en\/wp-json\/wp\/v2\/users\/2"}],"replies":[{"embeddable":true,"href":"https:\/\/www.jean-got.fr\/en\/wp-json\/wp\/v2\/comments?post=17794"}],"version-history":[{"count":0,"href":"https:\/\/www.jean-got.fr\/en\/wp-json\/wp\/v2\/pages\/17794\/revisions"}],"wp:featuredmedia":[{"embeddable":true,"href":"https:\/\/www.jean-got.fr\/en\/wp-json\/wp\/v2\/media\/18799"}],"wp:attachment":[{"href":"https:\/\/www.jean-got.fr\/en\/wp-json\/wp\/v2\/media?parent=17794"}],"curies":[{"name":"wp","href":"https:\/\/api.w.org\/{rel}","templated":true}]}}