{"id":18158,"date":"2022-01-18T11:32:06","date_gmt":"2022-01-18T10:32:06","guid":{"rendered":"https:\/\/www.jean-got.fr\/?page_id=18158"},"modified":"2024-01-05T16:25:04","modified_gmt":"2024-01-05T15:25:04","slug":"wellness-area","status":"publish","type":"page","link":"https:\/\/www.jean-got.fr\/en\/wellness-area\/","title":{"rendered":"Wellness area"},"content":{"rendered":"<div class=\"wpb-content-wrapper\"><p>[vc_row css_animation=&#8221;&#8221; row_type=&#8221;row&#8221; use_row_as_full_screen_section=&#8221;no&#8221; type=&#8221;grid&#8221; angled_section=&#8221;no&#8221; text_align=&#8221;left&#8221; background_image_as_pattern=&#8221;without_pattern&#8221; z_index=&#8221;&#8221; padding_top=&#8221;70&#8243; padding_bottom=&#8221;70&#8243;][vc_column width=&#8221;1\/2&#8243;][vc_row_inner row_type=&#8221;row&#8221; type=&#8221;full_width&#8221; text_align=&#8221;left&#8221; css_animation=&#8221;&#8221;][vc_column_inner width=&#8221;1\/2&#8243;][vc_column_text]<\/p>\n<h2>Wellness area<\/h2>\n<p>[\/vc_column_text][\/vc_column_inner][vc_column_inner width=&#8221;1\/2&#8243;][vc_column_text]<\/p>\n<h3 style=\"text-align: right;\">75 \u20ac with Jacuzzi &amp; Sauna or 55\u20ac with only Jacuzzy<br \/>\n1h for 2 people<\/h3>\n<p style=\"text-align: right;\">10 \u20ac \/ additional person for a maximum of 4<\/p>\n<p>[\/vc_column_text][\/vc_column_inner][\/vc_row_inner][vc_separator type=&#8221;small&#8221; position=&#8221;left&#8221; up=&#8221;7&#8243; down=&#8221;38&#8243;][vc_column_text]Discover the invigorating benefits of our wellness area at Domaine Jean Got. Plunge into deep relaxation in our 4-seater jacuzzi with massaging jets for total relaxation. Free your body of toxins with our 2-seater dry sauna, offering soothing, purifying heat. Complete your experience with our herbal tea area, where hydrating drinks await to nourish your body. Treat yourself to a moment of ultimate rejuvenation at Domaine Jean Got, a true haven of tranquillity and well-being. Book now and let yourself be swept away by an unforgettable relaxing experience.[\/vc_column_text][vc_column_text css=&#8221;.vc_custom_1685466645201{padding-top: 20px !important;}&#8221;]This space dedicated to wellness is a place outside the various accommodations that we offer at Domaine Jean Got. It is available by reservation\u00a0 from 10 a.m. to 12 p.m. and from 2 p.m. to 6 p.m. for slots of 1 hour recommended.[\/vc_column_text][\/vc_column][vc_column width=&#8221;1\/2&#8243;][vc_single_image image=&#8221;18699&#8243; img_size=&#8221;400&#215;400&#8243; alignment=&#8221;center&#8221; style=&#8221;vc_box_outline_circle_2&#8243; qode_css_animation=&#8221;&#8221;][\/vc_column][\/vc_row][vc_row css_animation=&#8221;&#8221; row_type=&#8221;row&#8221; use_row_as_full_screen_section=&#8221;no&#8221; type=&#8221;grid&#8221; angled_section=&#8221;no&#8221; text_align=&#8221;left&#8221; background_image_as_pattern=&#8221;without_pattern&#8221; z_index=&#8221;&#8221; padding_top=&#8221;70&#8243; padding_bottom=&#8221;70&#8243; css=&#8221;.vc_custom_1606411563057{background-color: #ffffff !important;}&#8221;][vc_column width=&#8221;1\/6&#8243;][\/vc_column][vc_column width=&#8221;2\/3&#8243;][vc_column_text]<\/p>\n<h2>Picture gallery<\/h2>\n<p>[\/vc_column_text][vc_separator type=&#8221;small&#8221; position=&#8221;left&#8221; up=&#8221;7&#8243; down=&#8221;38&#8243;]<div class=\"qode-advanced-image-gallery  qode-aig-masonry-type qode-tiny-space  qode-image-behavior-lightbox \">\n\t<div class=\"qode-aig-inner qode-outer-space qode-aig-masonry qode-aig-three-columns\">\n\t\t<div class=\"qode-aig-grid-sizer\"><\/div>\n\t\t<div class=\"qode-aig-grid-gutter\"><\/div>\n\t\t\t\t\t\t\t\t<div class=\"qode-aig-image qode-item-space qode-aig-default-masonry-item\">\n\t\t\t\t<div class=\"qode-aig-image-inner\">\n\t\t\t\t\t\t\t\t\t\t\t<a itemprop=\"image\" class=\"qode-aig-lightbox\" href=\"https:\/\/www.jean-got.fr\/wp-content\/uploads\/2023\/06\/E32A1003-HDR-scaled.jpg\" data-rel=\"prettyPhoto[image_gallery_pretty_photo-671]\" title=\"E32A1003-HDR\">\n\t\t\t\t\t\t\t\t\t\t\t\t\t<img loading=\"lazy\" decoding=\"async\" width=\"2560\" height=\"1707\" src=\"https:\/\/www.jean-got.fr\/wp-content\/uploads\/2023\/06\/E32A1003-HDR-scaled.jpg\" class=\"attachment-full size-full\" alt=\"Espace bien-\u00eatre avec Jacuzzi et Sauna sec au Domaine Jean Got - G\u00eete\" srcset=\"https:\/\/www.jean-got.fr\/wp-content\/uploads\/2023\/06\/E32A1003-HDR-scaled.jpg 2560w, https:\/\/www.jean-got.fr\/wp-content\/uploads\/2023\/06\/E32A1003-HDR-300x200.jpg 300w, https:\/\/www.jean-got.fr\/wp-content\/uploads\/2023\/06\/E32A1003-HDR-1024x683.jpg 1024w, https:\/\/www.jean-got.fr\/wp-content\/uploads\/2023\/06\/E32A1003-HDR-768x512.jpg 768w, https:\/\/www.jean-got.fr\/wp-content\/uploads\/2023\/06\/E32A1003-HDR-1536x1024.jpg 1536w, https:\/\/www.jean-got.fr\/wp-content\/uploads\/2023\/06\/E32A1003-HDR-2048x1365.jpg 2048w, https:\/\/www.jean-got.fr\/wp-content\/uploads\/2023\/06\/E32A1003-HDR-700x467.jpg 700w\" sizes=\"auto, (max-width: 2560px) 100vw, 2560px\" \/>\t\t\t\t\t\t<span class=\"aig-gallery-hover\">\n\t\t\t\t\t\t\t\t\t\t\t\t\t<\/span>\n\t\t\t\t\t\t\t\t\t\t\t<\/a>\n\t\t\t\t\t\t\t\t\t<\/div>\n\t\t\t<\/div>\n\t\t\t\t\t\t\t\t\t\t\t<div class=\"qode-aig-image qode-item-space qode-aig-default-masonry-item\">\n\t\t\t\t<div class=\"qode-aig-image-inner\">\n\t\t\t\t\t\t\t\t\t\t\t<a itemprop=\"image\" class=\"qode-aig-lightbox\" href=\"https:\/\/www.jean-got.fr\/wp-content\/uploads\/2023\/06\/E32A1019-HDR-scaled.jpg\" data-rel=\"prettyPhoto[image_gallery_pretty_photo-671]\" title=\"E32A1019-HDR\">\n\t\t\t\t\t\t\t\t\t\t\t\t\t<img loading=\"lazy\" decoding=\"async\" width=\"2560\" height=\"1707\" src=\"https:\/\/www.jean-got.fr\/wp-content\/uploads\/2023\/06\/E32A1019-HDR-scaled.jpg\" class=\"attachment-full size-full\" alt=\"Espace bien-\u00eatre avec Jacuzzi et Sauna sec au Domaine Jean Got - G\u00eete\" srcset=\"https:\/\/www.jean-got.fr\/wp-content\/uploads\/2023\/06\/E32A1019-HDR-scaled.jpg 2560w, https:\/\/www.jean-got.fr\/wp-content\/uploads\/2023\/06\/E32A1019-HDR-300x200.jpg 300w, https:\/\/www.jean-got.fr\/wp-content\/uploads\/2023\/06\/E32A1019-HDR-1024x683.jpg 1024w, https:\/\/www.jean-got.fr\/wp-content\/uploads\/2023\/06\/E32A1019-HDR-768x512.jpg 768w, https:\/\/www.jean-got.fr\/wp-content\/uploads\/2023\/06\/E32A1019-HDR-1536x1024.jpg 1536w, https:\/\/www.jean-got.fr\/wp-content\/uploads\/2023\/06\/E32A1019-HDR-2048x1365.jpg 2048w, https:\/\/www.jean-got.fr\/wp-content\/uploads\/2023\/06\/E32A1019-HDR-700x467.jpg 700w\" sizes=\"auto, (max-width: 2560px) 100vw, 2560px\" \/>\t\t\t\t\t\t<span class=\"aig-gallery-hover\">\n\t\t\t\t\t\t\t\t\t\t\t\t\t<\/span>\n\t\t\t\t\t\t\t\t\t\t\t<\/a>\n\t\t\t\t\t\t\t\t\t<\/div>\n\t\t\t<\/div>\n\t\t\t\t\t\t\t\t\t\t\t<div class=\"qode-aig-image qode-item-space qode-aig-default-masonry-item\">\n\t\t\t\t<div class=\"qode-aig-image-inner\">\n\t\t\t\t\t\t\t\t\t\t\t<a itemprop=\"image\" class=\"qode-aig-lightbox\" href=\"https:\/\/www.jean-got.fr\/wp-content\/uploads\/2023\/06\/E32A1023-HDR-scaled.jpg\" data-rel=\"prettyPhoto[image_gallery_pretty_photo-671]\" title=\"E32A1023-HDR\">\n\t\t\t\t\t\t\t\t\t\t\t\t\t<img loading=\"lazy\" decoding=\"async\" width=\"1707\" height=\"2560\" src=\"https:\/\/www.jean-got.fr\/wp-content\/uploads\/2023\/06\/E32A1023-HDR-scaled.jpg\" class=\"attachment-full size-full\" alt=\"Espace bien-\u00eatre avec Jacuzzi et Sauna sec au Domaine Jean Got - G\u00eete\" srcset=\"https:\/\/www.jean-got.fr\/wp-content\/uploads\/2023\/06\/E32A1023-HDR-scaled.jpg 1707w, https:\/\/www.jean-got.fr\/wp-content\/uploads\/2023\/06\/E32A1023-HDR-200x300.jpg 200w, https:\/\/www.jean-got.fr\/wp-content\/uploads\/2023\/06\/E32A1023-HDR-683x1024.jpg 683w, https:\/\/www.jean-got.fr\/wp-content\/uploads\/2023\/06\/E32A1023-HDR-768x1152.jpg 768w, https:\/\/www.jean-got.fr\/wp-content\/uploads\/2023\/06\/E32A1023-HDR-1024x1536.jpg 1024w, https:\/\/www.jean-got.fr\/wp-content\/uploads\/2023\/06\/E32A1023-HDR-1365x2048.jpg 1365w, https:\/\/www.jean-got.fr\/wp-content\/uploads\/2023\/06\/E32A1023-HDR-700x1050.jpg 700w\" sizes=\"auto, (max-width: 1707px) 100vw, 1707px\" \/>\t\t\t\t\t\t<span class=\"aig-gallery-hover\">\n\t\t\t\t\t\t\t\t\t\t\t\t\t<\/span>\n\t\t\t\t\t\t\t\t\t\t\t<\/a>\n\t\t\t\t\t\t\t\t\t<\/div>\n\t\t\t<\/div>\n\t\t\t\t\t\t\t\t\t\t\t<div class=\"qode-aig-image qode-item-space qode-aig-default-masonry-item\">\n\t\t\t\t<div class=\"qode-aig-image-inner\">\n\t\t\t\t\t\t\t\t\t\t\t<a itemprop=\"image\" class=\"qode-aig-lightbox\" href=\"https:\/\/www.jean-got.fr\/wp-content\/uploads\/2022\/01\/espace-bien-etre-galerie-03.jpg\" data-rel=\"prettyPhoto[image_gallery_pretty_photo-671]\" title=\"Wellness area with Jacuzzi and dry Sauna at Domaine Jean Got &#8211; G\u00eete\">\n\t\t\t\t\t\t\t\t\t\t\t\t\t<img loading=\"lazy\" decoding=\"async\" width=\"1200\" height=\"900\" src=\"https:\/\/www.jean-got.fr\/wp-content\/uploads\/2022\/01\/espace-bien-etre-galerie-03.jpg\" class=\"attachment-full size-full\" alt=\"Wellness area with Jacuzzi and dry Sauna at Domaine Jean Got - G\u00eete\" srcset=\"https:\/\/www.jean-got.fr\/wp-content\/uploads\/2022\/01\/espace-bien-etre-galerie-03.jpg 1200w, https:\/\/www.jean-got.fr\/wp-content\/uploads\/2022\/01\/espace-bien-etre-galerie-03-300x225.jpg 300w, https:\/\/www.jean-got.fr\/wp-content\/uploads\/2022\/01\/espace-bien-etre-galerie-03-1024x768.jpg 1024w, https:\/\/www.jean-got.fr\/wp-content\/uploads\/2022\/01\/espace-bien-etre-galerie-03-768x576.jpg 768w, https:\/\/www.jean-got.fr\/wp-content\/uploads\/2022\/01\/espace-bien-etre-galerie-03-800x600.jpg 800w, https:\/\/www.jean-got.fr\/wp-content\/uploads\/2022\/01\/espace-bien-etre-galerie-03-700x525.jpg 700w\" sizes=\"auto, (max-width: 1200px) 100vw, 1200px\" \/>\t\t\t\t\t\t<span class=\"aig-gallery-hover\">\n\t\t\t\t\t\t\t\t\t\t\t\t\t<\/span>\n\t\t\t\t\t\t\t\t\t\t\t<\/a>\n\t\t\t\t\t\t\t\t\t<\/div>\n\t\t\t<\/div>\n\t\t\t\t\t\t\t\t\t\t\t<div class=\"qode-aig-image qode-item-space qode-aig-default-masonry-item\">\n\t\t\t\t<div class=\"qode-aig-image-inner\">\n\t\t\t\t\t\t\t\t\t\t\t<a itemprop=\"image\" class=\"qode-aig-lightbox\" href=\"https:\/\/www.jean-got.fr\/wp-content\/uploads\/2022\/01\/espace-bien-etre-galerie-04.jpg\" data-rel=\"prettyPhoto[image_gallery_pretty_photo-671]\" title=\"Wellness area with Jacuzzi and dry Sauna at Domaine Jean Got &#8211; G\u00eete\">\n\t\t\t\t\t\t\t\t\t\t\t\t\t<img loading=\"lazy\" decoding=\"async\" width=\"443\" height=\"800\" src=\"https:\/\/www.jean-got.fr\/wp-content\/uploads\/2022\/01\/espace-bien-etre-galerie-04.jpg\" class=\"attachment-full size-full\" alt=\"Wellness area with Jacuzzi and dry Sauna at Domaine Jean Got - G\u00eete\" srcset=\"https:\/\/www.jean-got.fr\/wp-content\/uploads\/2022\/01\/espace-bien-etre-galerie-04.jpg 443w, https:\/\/www.jean-got.fr\/wp-content\/uploads\/2022\/01\/espace-bien-etre-galerie-04-166x300.jpg 166w\" sizes=\"auto, (max-width: 443px) 100vw, 443px\" \/>\t\t\t\t\t\t<span class=\"aig-gallery-hover\">\n\t\t\t\t\t\t\t\t\t\t\t\t\t<\/span>\n\t\t\t\t\t\t\t\t\t\t\t<\/a>\n\t\t\t\t\t\t\t\t\t<\/div>\n\t\t\t<\/div>\n\t\t\t\t\t\t<\/div>\n<\/div>[\/vc_column][vc_column width=&#8221;1\/6&#8243;][\/vc_column][\/vc_row]<\/p>\n<\/div>","protected":false},"excerpt":{"rendered":"<p>[vc_row css_animation=&#8221;&#8221; row_type=&#8221;row&#8221; use_row_as_full_screen_section=&#8221;no&#8221; type=&#8221;grid&#8221; angled_section=&#8221;no&#8221; text_align=&#8221;left&#8221; background_image_as_pattern=&#8221;without_pattern&#8221; z_index=&#8221;&#8221; padding_top=&#8221;70&#8243; padding_bottom=&#8221;70&#8243;][vc_column width=&#8221;1\/2&#8243;][vc_row_inner row_type=&#8221;row&#8221; type=&#8221;full_width&#8221; text_align=&#8221;left&#8221; css_animation=&#8221;&#8221;][vc_column_inner width=&#8221;1\/2&#8243;][vc_column_text] Wellness area [\/vc_column_text][\/vc_column_inner][vc_column_inner width=&#8221;1\/2&#8243;][vc_column_text] 75 \u20ac with Jacuzzi &amp; Sauna or 55\u20ac with only Jacuzzy 1h for 2 people 10 \u20ac \/ additional person for a maximum of&#8230;<\/p>\n","protected":false},"author":2,"featured_media":18699,"parent":0,"menu_order":0,"comment_status":"open","ping_status":"closed","template":"full_width.php","meta":{"footnotes":""},"class_list":["post-18158","page","type-page","status-publish","has-post-thumbnail","hentry"],"yoast_head":"<!-- This site is optimized with the Yoast SEO plugin v27.5 - https:\/\/yoast.com\/product\/yoast-seo-wordpress\/ -->\n<title>Wellness area with Jacuzzi and dry Sauna at Domaine Jean Got - G\u00eete<\/title>\n<meta name=\"description\" content=\"Wellness area with Jacuzzi and dry Sauna at Domaine Jean Got to relax, come and enjoy the benefits of our well-being area...\" \/>\n<meta name=\"robots\" content=\"index, follow, max-snippet:-1, max-image-preview:large, max-video-preview:-1\" \/>\n<link rel=\"canonical\" href=\"https:\/\/www.jean-got.fr\/en\/wellness-area\/\" \/>\n<meta property=\"og:locale\" content=\"en_US\" \/>\n<meta property=\"og:type\" content=\"article\" \/>\n<meta property=\"og:title\" content=\"Wellness area with Jacuzzi and dry Sauna at Domaine Jean Got - G\u00eete\" \/>\n<meta property=\"og:description\" content=\"Wellness area with Jacuzzi and dry Sauna at Domaine Jean Got to relax, come and enjoy the benefits of our well-being area...\" \/>\n<meta property=\"og:url\" content=\"https:\/\/www.jean-got.fr\/en\/wellness-area\/\" \/>\n<meta property=\"og:site_name\" content=\"Domaine Jean Got : G\u00eete SPA Bien-\u00eatre Saint-Emilion\" \/>\n<meta property=\"article:publisher\" content=\"https:\/\/www.facebook.com\/DomaineJeanGot\/\" \/>\n<meta property=\"article:modified_time\" content=\"2024-01-05T15:25:04+00:00\" \/>\n<meta property=\"og:image\" content=\"https:\/\/www.jean-got.fr\/wp-content\/uploads\/2023\/06\/E32A1019-HDR-scaled.jpg\" \/>\n\t<meta property=\"og:image:width\" content=\"2560\" \/>\n\t<meta property=\"og:image:height\" content=\"1707\" \/>\n\t<meta property=\"og:image:type\" content=\"image\/jpeg\" \/>\n<meta name=\"twitter:card\" content=\"summary_large_image\" \/>\n<meta name=\"twitter:label1\" content=\"Est. reading time\" \/>\n\t<meta name=\"twitter:data1\" content=\"2 minutes\" \/>\n<script type=\"application\/ld+json\" class=\"yoast-schema-graph\">{\"@context\":\"https:\\\/\\\/schema.org\",\"@graph\":[{\"@type\":\"WebPage\",\"@id\":\"https:\\\/\\\/www.jean-got.fr\\\/en\\\/wellness-area\\\/\",\"url\":\"https:\\\/\\\/www.jean-got.fr\\\/en\\\/wellness-area\\\/\",\"name\":\"Wellness area with Jacuzzi and dry Sauna at Domaine Jean Got - G\u00eete\",\"isPartOf\":{\"@id\":\"https:\\\/\\\/www.jean-got.fr\\\/en\\\/#website\"},\"primaryImageOfPage\":{\"@id\":\"https:\\\/\\\/www.jean-got.fr\\\/en\\\/wellness-area\\\/#primaryimage\"},\"image\":{\"@id\":\"https:\\\/\\\/www.jean-got.fr\\\/en\\\/wellness-area\\\/#primaryimage\"},\"thumbnailUrl\":\"https:\\\/\\\/www.jean-got.fr\\\/wp-content\\\/uploads\\\/2023\\\/06\\\/E32A1019-HDR-scaled.jpg\",\"datePublished\":\"2022-01-18T10:32:06+00:00\",\"dateModified\":\"2024-01-05T15:25:04+00:00\",\"description\":\"Wellness area with Jacuzzi and dry Sauna at Domaine Jean Got to relax, come and enjoy the benefits of our well-being area...\",\"breadcrumb\":{\"@id\":\"https:\\\/\\\/www.jean-got.fr\\\/en\\\/wellness-area\\\/#breadcrumb\"},\"inLanguage\":\"en-US\",\"potentialAction\":[{\"@type\":\"ReadAction\",\"target\":[\"https:\\\/\\\/www.jean-got.fr\\\/en\\\/wellness-area\\\/\"]}]},{\"@type\":\"ImageObject\",\"inLanguage\":\"en-US\",\"@id\":\"https:\\\/\\\/www.jean-got.fr\\\/en\\\/wellness-area\\\/#primaryimage\",\"url\":\"https:\\\/\\\/www.jean-got.fr\\\/wp-content\\\/uploads\\\/2023\\\/06\\\/E32A1019-HDR-scaled.jpg\",\"contentUrl\":\"https:\\\/\\\/www.jean-got.fr\\\/wp-content\\\/uploads\\\/2023\\\/06\\\/E32A1019-HDR-scaled.jpg\",\"width\":2560,\"height\":1707,\"caption\":\"Espace bien-\u00eatre avec Jacuzzi et Sauna sec au Domaine Jean Got - G\u00eete\"},{\"@type\":\"BreadcrumbList\",\"@id\":\"https:\\\/\\\/www.jean-got.fr\\\/en\\\/wellness-area\\\/#breadcrumb\",\"itemListElement\":[{\"@type\":\"ListItem\",\"position\":1,\"name\":\"Accueil\",\"item\":\"https:\\\/\\\/www.jean-got.fr\\\/en\\\/\"},{\"@type\":\"ListItem\",\"position\":2,\"name\":\"Wellness area\"}]},{\"@type\":\"WebSite\",\"@id\":\"https:\\\/\\\/www.jean-got.fr\\\/en\\\/#website\",\"url\":\"https:\\\/\\\/www.jean-got.fr\\\/en\\\/\",\"name\":\"G\u00eete proche Saint-\u00c9milion : Le Domaine Jean Got, chambres insolites\",\"description\":\"Chambre insolite \u00e0 Saint-\u00c9milion, G\u00e9ode, SPA et Bien-\u00eatre\",\"publisher\":{\"@id\":\"https:\\\/\\\/www.jean-got.fr\\\/en\\\/#organization\"},\"alternateName\":\"Chambres insolites proche de Saint-\u00c9milion : Domaine Jean Got\",\"potentialAction\":[{\"@type\":\"SearchAction\",\"target\":{\"@type\":\"EntryPoint\",\"urlTemplate\":\"https:\\\/\\\/www.jean-got.fr\\\/en\\\/?s={search_term_string}\"},\"query-input\":{\"@type\":\"PropertyValueSpecification\",\"valueRequired\":true,\"valueName\":\"search_term_string\"}}],\"inLanguage\":\"en-US\"},{\"@type\":\"Organization\",\"@id\":\"https:\\\/\\\/www.jean-got.fr\\\/en\\\/#organization\",\"name\":\"Le Domaine Jean Got : Gite insolite proche de Saint-\u00c9milion\",\"alternateName\":\"Chambres insolites proche de Saint-\u00c9milion : Domaine Jean Got\",\"url\":\"https:\\\/\\\/www.jean-got.fr\\\/en\\\/\",\"logo\":{\"@type\":\"ImageObject\",\"inLanguage\":\"en-US\",\"@id\":\"https:\\\/\\\/www.jean-got.fr\\\/en\\\/#\\\/schema\\\/logo\\\/image\\\/\",\"url\":\"https:\\\/\\\/www.jean-got.fr\\\/wp-content\\\/uploads\\\/2019\\\/05\\\/edito-logo-01.jpg\",\"contentUrl\":\"https:\\\/\\\/www.jean-got.fr\\\/wp-content\\\/uploads\\\/2019\\\/05\\\/edito-logo-01.jpg\",\"width\":364,\"height\":409,\"caption\":\"Le Domaine Jean Got : Gite insolite proche de Saint-\u00c9milion\"},\"image\":{\"@id\":\"https:\\\/\\\/www.jean-got.fr\\\/en\\\/#\\\/schema\\\/logo\\\/image\\\/\"},\"sameAs\":[\"https:\\\/\\\/www.facebook.com\\\/DomaineJeanGot\\\/\",\"https:\\\/\\\/www.instagram.com\\\/domainejeangot\\\/\",\"https:\\\/\\\/g.page\\\/DomaineJeanGot\\\/review\"]}]}<\/script>\n<!-- \/ Yoast SEO plugin. -->","yoast_head_json":{"title":"Wellness area with Jacuzzi and dry Sauna at Domaine Jean Got - G\u00eete","description":"Wellness area with Jacuzzi and dry Sauna at Domaine Jean Got to relax, come and enjoy the benefits of our well-being area...","robots":{"index":"index","follow":"follow","max-snippet":"max-snippet:-1","max-image-preview":"max-image-preview:large","max-video-preview":"max-video-preview:-1"},"canonical":"https:\/\/www.jean-got.fr\/en\/wellness-area\/","og_locale":"en_US","og_type":"article","og_title":"Wellness area with Jacuzzi and dry Sauna at Domaine Jean Got - G\u00eete","og_description":"Wellness area with Jacuzzi and dry Sauna at Domaine Jean Got to relax, come and enjoy the benefits of our well-being area...","og_url":"https:\/\/www.jean-got.fr\/en\/wellness-area\/","og_site_name":"Domaine Jean Got : G\u00eete SPA Bien-\u00eatre Saint-Emilion","article_publisher":"https:\/\/www.facebook.com\/DomaineJeanGot\/","article_modified_time":"2024-01-05T15:25:04+00:00","og_image":[{"width":2560,"height":1707,"url":"https:\/\/www.jean-got.fr\/wp-content\/uploads\/2023\/06\/E32A1019-HDR-scaled.jpg","type":"image\/jpeg"}],"twitter_card":"summary_large_image","twitter_misc":{"Est. reading time":"2 minutes"},"schema":{"@context":"https:\/\/schema.org","@graph":[{"@type":"WebPage","@id":"https:\/\/www.jean-got.fr\/en\/wellness-area\/","url":"https:\/\/www.jean-got.fr\/en\/wellness-area\/","name":"Wellness area with Jacuzzi and dry Sauna at Domaine Jean Got - G\u00eete","isPartOf":{"@id":"https:\/\/www.jean-got.fr\/en\/#website"},"primaryImageOfPage":{"@id":"https:\/\/www.jean-got.fr\/en\/wellness-area\/#primaryimage"},"image":{"@id":"https:\/\/www.jean-got.fr\/en\/wellness-area\/#primaryimage"},"thumbnailUrl":"https:\/\/www.jean-got.fr\/wp-content\/uploads\/2023\/06\/E32A1019-HDR-scaled.jpg","datePublished":"2022-01-18T10:32:06+00:00","dateModified":"2024-01-05T15:25:04+00:00","description":"Wellness area with Jacuzzi and dry Sauna at Domaine Jean Got to relax, come and enjoy the benefits of our well-being area...","breadcrumb":{"@id":"https:\/\/www.jean-got.fr\/en\/wellness-area\/#breadcrumb"},"inLanguage":"en-US","potentialAction":[{"@type":"ReadAction","target":["https:\/\/www.jean-got.fr\/en\/wellness-area\/"]}]},{"@type":"ImageObject","inLanguage":"en-US","@id":"https:\/\/www.jean-got.fr\/en\/wellness-area\/#primaryimage","url":"https:\/\/www.jean-got.fr\/wp-content\/uploads\/2023\/06\/E32A1019-HDR-scaled.jpg","contentUrl":"https:\/\/www.jean-got.fr\/wp-content\/uploads\/2023\/06\/E32A1019-HDR-scaled.jpg","width":2560,"height":1707,"caption":"Espace bien-\u00eatre avec Jacuzzi et Sauna sec au Domaine Jean Got - G\u00eete"},{"@type":"BreadcrumbList","@id":"https:\/\/www.jean-got.fr\/en\/wellness-area\/#breadcrumb","itemListElement":[{"@type":"ListItem","position":1,"name":"Accueil","item":"https:\/\/www.jean-got.fr\/en\/"},{"@type":"ListItem","position":2,"name":"Wellness area"}]},{"@type":"WebSite","@id":"https:\/\/www.jean-got.fr\/en\/#website","url":"https:\/\/www.jean-got.fr\/en\/","name":"G\u00eete proche Saint-\u00c9milion : Le Domaine Jean Got, chambres insolites","description":"Chambre insolite \u00e0 Saint-\u00c9milion, G\u00e9ode, SPA et Bien-\u00eatre","publisher":{"@id":"https:\/\/www.jean-got.fr\/en\/#organization"},"alternateName":"Chambres insolites proche de Saint-\u00c9milion : Domaine Jean Got","potentialAction":[{"@type":"SearchAction","target":{"@type":"EntryPoint","urlTemplate":"https:\/\/www.jean-got.fr\/en\/?s={search_term_string}"},"query-input":{"@type":"PropertyValueSpecification","valueRequired":true,"valueName":"search_term_string"}}],"inLanguage":"en-US"},{"@type":"Organization","@id":"https:\/\/www.jean-got.fr\/en\/#organization","name":"Le Domaine Jean Got : Gite insolite proche de Saint-\u00c9milion","alternateName":"Chambres insolites proche de Saint-\u00c9milion : Domaine Jean Got","url":"https:\/\/www.jean-got.fr\/en\/","logo":{"@type":"ImageObject","inLanguage":"en-US","@id":"https:\/\/www.jean-got.fr\/en\/#\/schema\/logo\/image\/","url":"https:\/\/www.jean-got.fr\/wp-content\/uploads\/2019\/05\/edito-logo-01.jpg","contentUrl":"https:\/\/www.jean-got.fr\/wp-content\/uploads\/2019\/05\/edito-logo-01.jpg","width":364,"height":409,"caption":"Le Domaine Jean Got : Gite insolite proche de Saint-\u00c9milion"},"image":{"@id":"https:\/\/www.jean-got.fr\/en\/#\/schema\/logo\/image\/"},"sameAs":["https:\/\/www.facebook.com\/DomaineJeanGot\/","https:\/\/www.instagram.com\/domainejeangot\/","https:\/\/g.page\/DomaineJeanGot\/review"]}]}},"_links":{"self":[{"href":"https:\/\/www.jean-got.fr\/en\/wp-json\/wp\/v2\/pages\/18158","targetHints":{"allow":["GET"]}}],"collection":[{"href":"https:\/\/www.jean-got.fr\/en\/wp-json\/wp\/v2\/pages"}],"about":[{"href":"https:\/\/www.jean-got.fr\/en\/wp-json\/wp\/v2\/types\/page"}],"author":[{"embeddable":true,"href":"https:\/\/www.jean-got.fr\/en\/wp-json\/wp\/v2\/users\/2"}],"replies":[{"embeddable":true,"href":"https:\/\/www.jean-got.fr\/en\/wp-json\/wp\/v2\/comments?post=18158"}],"version-history":[{"count":0,"href":"https:\/\/www.jean-got.fr\/en\/wp-json\/wp\/v2\/pages\/18158\/revisions"}],"wp:featuredmedia":[{"embeddable":true,"href":"https:\/\/www.jean-got.fr\/en\/wp-json\/wp\/v2\/media\/18699"}],"wp:attachment":[{"href":"https:\/\/www.jean-got.fr\/en\/wp-json\/wp\/v2\/media?parent=18158"}],"curies":[{"name":"wp","href":"https:\/\/api.w.org\/{rel}","templated":true}]}}