{"id":18865,"date":"2023-08-21T16:32:56","date_gmt":"2023-08-21T14:32:56","guid":{"rendered":"https:\/\/www.jean-got.fr\/?page_id=18865"},"modified":"2023-08-21T16:39:32","modified_gmt":"2023-08-21T14:39:32","slug":"theme-day-or-weekend","status":"publish","type":"page","link":"https:\/\/www.jean-got.fr\/en\/theme-day-or-weekend\/","title":{"rendered":"Theme day or weekend"},"content":{"rendered":"<div class=\"wpb-content-wrapper\"><p>[vc_row css_animation=&#8221;&#8221; row_type=&#8221;row&#8221; use_row_as_full_screen_section=&#8221;no&#8221; type=&#8221;grid&#8221; angled_section=&#8221;no&#8221; text_align=&#8221;left&#8221; background_image_as_pattern=&#8221;without_pattern&#8221; z_index=&#8221;&#8221; padding_top=&#8221;70&#8243; padding_bottom=&#8221;70&#8243;][vc_column width=&#8221;1\/2&#8243;][vc_column_text]<\/p>\n<h2>Serenity Day<\/h2>\n<p>[\/vc_column_text][vc_separator type=&#8221;small&#8221; position=&#8221;left&#8221; up=&#8221;7&#8243; down=&#8221;38&#8243;][vc_column_text]An available date :<strong><br \/>\n&#8211; Sunday July 23, 2023<\/strong><br \/>\nat Domaine Jean Got in Lugaignac<\/p>\n<ul>\n<li>Wellness massage<\/li>\n<li>Guided meditation<\/li>\n<li>Shamanic Discovery<\/li>\n<li>Kundalini-Yoga<\/li>\n<\/ul>\n<p><strong>Price :<\/strong> 90 \u20ac \/person<br \/>\n<em>Included :\u00a0<\/em>30 minutes of massage, access to 3 workshops, lunch, snack, drinks and coffee.[\/vc_column_text][\/vc_column][vc_column width=&#8221;1\/2&#8243;][vc_empty_space]<a  itemprop=\"url\" href=\"https:\/\/www.jean-got.fr\/wp-content\/uploads\/2023\/06\/Journee_serenite_Juillet_2023.pdf\" target=\"_blank\"  class=\"qbutton  default\" style=\"\">Download PDF<i class=\"qode_icon_font_awesome fa fa-download qode_button_icon_element\"><\/i><\/a>[vc_empty_space]<a  itemprop=\"url\" href=\"https:\/\/www.jean-got.fr\/en\/contact\/\" target=\"_self\"  class=\"qbutton  default\" style=\"\">I reserve by message on our contact page !<i class=\"qode_icon_font_awesome fa fa-calendar qode_button_icon_element\"><\/i><\/a>[vc_empty_space]<a  itemprop=\"url\" href=\"https:\/\/www.cityvent.com\/events\/javi5qcw\" target=\"_blank\"  class=\"qbutton  default\" style=\"\">Book and Pay on Cityvent<i class=\"qode_icon_font_awesome fa fa-calendar qode_button_icon_element\"><\/i><\/a>[vc_column_text]<em>You can take your ticket and pay directly via the secure ticketing link above.<\/em>[\/vc_column_text][\/vc_column][\/vc_row]<\/p>\n<\/div>","protected":false},"excerpt":{"rendered":"<p>[vc_row css_animation=&#8221;&#8221; row_type=&#8221;row&#8221; use_row_as_full_screen_section=&#8221;no&#8221; type=&#8221;grid&#8221; angled_section=&#8221;no&#8221; text_align=&#8221;left&#8221; background_image_as_pattern=&#8221;without_pattern&#8221; z_index=&#8221;&#8221; padding_top=&#8221;70&#8243; padding_bottom=&#8221;70&#8243;][vc_column width=&#8221;1\/2&#8243;][vc_column_text] Serenity Day [\/vc_column_text][vc_separator type=&#8221;small&#8221; position=&#8221;left&#8221; up=&#8221;7&#8243; down=&#8221;38&#8243;][vc_column_text]An available date : &#8211; Sunday July 23, 2023 at Domaine Jean Got in Lugaignac Wellness massage Guided meditation Shamanic Discovery Kundalini-Yoga Price : 90 \u20ac \/person&#8230;<\/p>\n","protected":false},"author":2,"featured_media":18840,"parent":0,"menu_order":0,"comment_status":"open","ping_status":"closed","template":"full_width.php","meta":{"footnotes":""},"class_list":["post-18865","page","type-page","status-publish","has-post-thumbnail","hentry"],"yoast_head":"<!-- This site is optimized with the Yoast SEO plugin v27.3 - https:\/\/yoast.com\/product\/yoast-seo-wordpress\/ -->\n<title>Theme day or weekend near Saint-\u00c9milion : Serenity Events<\/title>\n<meta name=\"description\" content=\"Theme day or weekend near Saint-\u00c9milion at Domaine Jean Got : Serenity events, well-being, relaxation, massage, treatment, workshop...\" \/>\n<meta name=\"robots\" content=\"index, follow, max-snippet:-1, max-image-preview:large, max-video-preview:-1\" \/>\n<link rel=\"canonical\" href=\"https:\/\/www.jean-got.fr\/en\/theme-day-or-weekend\/\" \/>\n<meta property=\"og:locale\" content=\"en_US\" \/>\n<meta property=\"og:type\" content=\"article\" \/>\n<meta property=\"og:title\" content=\"Theme day or weekend near Saint-\u00c9milion : Serenity Events\" \/>\n<meta property=\"og:description\" content=\"Theme day or weekend near Saint-\u00c9milion at Domaine Jean Got : Serenity events, well-being, relaxation, massage, treatment, workshop...\" \/>\n<meta property=\"og:url\" content=\"https:\/\/www.jean-got.fr\/en\/theme-day-or-weekend\/\" \/>\n<meta property=\"og:site_name\" content=\"Domaine Jean Got : G\u00eete SPA Bien-\u00eatre Saint-Emilion\" \/>\n<meta property=\"article:publisher\" content=\"https:\/\/www.facebook.com\/DomaineJeanGot\/\" \/>\n<meta property=\"article:modified_time\" content=\"2023-08-21T14:39:32+00:00\" \/>\n<meta property=\"og:image\" content=\"https:\/\/www.jean-got.fr\/wp-content\/uploads\/2023\/06\/Journee_serenite_Juillet_2023.jpg\" \/>\n\t<meta property=\"og:image:width\" content=\"508\" \/>\n\t<meta property=\"og:image:height\" content=\"470\" \/>\n\t<meta property=\"og:image:type\" content=\"image\/jpeg\" \/>\n<meta name=\"twitter:card\" content=\"summary_large_image\" \/>\n<meta name=\"twitter:label1\" content=\"Est. reading time\" \/>\n\t<meta name=\"twitter:data1\" content=\"1 minute\" \/>\n<script type=\"application\/ld+json\" class=\"yoast-schema-graph\">{\"@context\":\"https:\\\/\\\/schema.org\",\"@graph\":[{\"@type\":\"WebPage\",\"@id\":\"https:\\\/\\\/www.jean-got.fr\\\/en\\\/theme-day-or-weekend\\\/\",\"url\":\"https:\\\/\\\/www.jean-got.fr\\\/en\\\/theme-day-or-weekend\\\/\",\"name\":\"Theme day or weekend near Saint-\u00c9milion : Serenity Events\",\"isPartOf\":{\"@id\":\"https:\\\/\\\/www.jean-got.fr\\\/en\\\/#website\"},\"primaryImageOfPage\":{\"@id\":\"https:\\\/\\\/www.jean-got.fr\\\/en\\\/theme-day-or-weekend\\\/#primaryimage\"},\"image\":{\"@id\":\"https:\\\/\\\/www.jean-got.fr\\\/en\\\/theme-day-or-weekend\\\/#primaryimage\"},\"thumbnailUrl\":\"https:\\\/\\\/www.jean-got.fr\\\/wp-content\\\/uploads\\\/2023\\\/06\\\/Journee_serenite_Juillet_2023.jpg\",\"datePublished\":\"2023-08-21T14:32:56+00:00\",\"dateModified\":\"2023-08-21T14:39:32+00:00\",\"description\":\"Theme day or weekend near Saint-\u00c9milion at Domaine Jean Got : Serenity events, well-being, relaxation, massage, treatment, workshop...\",\"breadcrumb\":{\"@id\":\"https:\\\/\\\/www.jean-got.fr\\\/en\\\/theme-day-or-weekend\\\/#breadcrumb\"},\"inLanguage\":\"en-US\",\"potentialAction\":[{\"@type\":\"ReadAction\",\"target\":[\"https:\\\/\\\/www.jean-got.fr\\\/en\\\/theme-day-or-weekend\\\/\"]}]},{\"@type\":\"ImageObject\",\"inLanguage\":\"en-US\",\"@id\":\"https:\\\/\\\/www.jean-got.fr\\\/en\\\/theme-day-or-weekend\\\/#primaryimage\",\"url\":\"https:\\\/\\\/www.jean-got.fr\\\/wp-content\\\/uploads\\\/2023\\\/06\\\/Journee_serenite_Juillet_2023.jpg\",\"contentUrl\":\"https:\\\/\\\/www.jean-got.fr\\\/wp-content\\\/uploads\\\/2023\\\/06\\\/Journee_serenite_Juillet_2023.jpg\",\"width\":508,\"height\":470,\"caption\":\"Journ\u00e9e S\u00e9r\u00e9nit\u00e9 au Domaine Jean Got le 23 Juillet 2023\"},{\"@type\":\"BreadcrumbList\",\"@id\":\"https:\\\/\\\/www.jean-got.fr\\\/en\\\/theme-day-or-weekend\\\/#breadcrumb\",\"itemListElement\":[{\"@type\":\"ListItem\",\"position\":1,\"name\":\"Accueil\",\"item\":\"https:\\\/\\\/www.jean-got.fr\\\/en\\\/\"},{\"@type\":\"ListItem\",\"position\":2,\"name\":\"Theme day or weekend\"}]},{\"@type\":\"WebSite\",\"@id\":\"https:\\\/\\\/www.jean-got.fr\\\/en\\\/#website\",\"url\":\"https:\\\/\\\/www.jean-got.fr\\\/en\\\/\",\"name\":\"G\u00eete proche Saint-\u00c9milion : Le Domaine Jean Got, chambres insolites\",\"description\":\"Chambre insolite \u00e0 Saint-\u00c9milion, G\u00e9ode, SPA et Bien-\u00eatre\",\"publisher\":{\"@id\":\"https:\\\/\\\/www.jean-got.fr\\\/en\\\/#organization\"},\"alternateName\":\"Chambres insolites proche de Saint-\u00c9milion : Domaine Jean Got\",\"potentialAction\":[{\"@type\":\"SearchAction\",\"target\":{\"@type\":\"EntryPoint\",\"urlTemplate\":\"https:\\\/\\\/www.jean-got.fr\\\/en\\\/?s={search_term_string}\"},\"query-input\":{\"@type\":\"PropertyValueSpecification\",\"valueRequired\":true,\"valueName\":\"search_term_string\"}}],\"inLanguage\":\"en-US\"},{\"@type\":\"Organization\",\"@id\":\"https:\\\/\\\/www.jean-got.fr\\\/en\\\/#organization\",\"name\":\"Le Domaine Jean Got : Gite insolite proche de Saint-\u00c9milion\",\"alternateName\":\"Chambres insolites proche de Saint-\u00c9milion : Domaine Jean Got\",\"url\":\"https:\\\/\\\/www.jean-got.fr\\\/en\\\/\",\"logo\":{\"@type\":\"ImageObject\",\"inLanguage\":\"en-US\",\"@id\":\"https:\\\/\\\/www.jean-got.fr\\\/en\\\/#\\\/schema\\\/logo\\\/image\\\/\",\"url\":\"https:\\\/\\\/www.jean-got.fr\\\/wp-content\\\/uploads\\\/2019\\\/05\\\/edito-logo-01.jpg\",\"contentUrl\":\"https:\\\/\\\/www.jean-got.fr\\\/wp-content\\\/uploads\\\/2019\\\/05\\\/edito-logo-01.jpg\",\"width\":364,\"height\":409,\"caption\":\"Le Domaine Jean Got : Gite insolite proche de Saint-\u00c9milion\"},\"image\":{\"@id\":\"https:\\\/\\\/www.jean-got.fr\\\/en\\\/#\\\/schema\\\/logo\\\/image\\\/\"},\"sameAs\":[\"https:\\\/\\\/www.facebook.com\\\/DomaineJeanGot\\\/\",\"https:\\\/\\\/www.instagram.com\\\/domainejeangot\\\/\",\"https:\\\/\\\/g.page\\\/DomaineJeanGot\\\/review\"]}]}<\/script>\n<!-- \/ Yoast SEO plugin. -->","yoast_head_json":{"title":"Theme day or weekend near Saint-\u00c9milion : Serenity Events","description":"Theme day or weekend near Saint-\u00c9milion at Domaine Jean Got : Serenity events, well-being, relaxation, massage, treatment, workshop...","robots":{"index":"index","follow":"follow","max-snippet":"max-snippet:-1","max-image-preview":"max-image-preview:large","max-video-preview":"max-video-preview:-1"},"canonical":"https:\/\/www.jean-got.fr\/en\/theme-day-or-weekend\/","og_locale":"en_US","og_type":"article","og_title":"Theme day or weekend near Saint-\u00c9milion : Serenity Events","og_description":"Theme day or weekend near Saint-\u00c9milion at Domaine Jean Got : Serenity events, well-being, relaxation, massage, treatment, workshop...","og_url":"https:\/\/www.jean-got.fr\/en\/theme-day-or-weekend\/","og_site_name":"Domaine Jean Got : G\u00eete SPA Bien-\u00eatre Saint-Emilion","article_publisher":"https:\/\/www.facebook.com\/DomaineJeanGot\/","article_modified_time":"2023-08-21T14:39:32+00:00","og_image":[{"width":508,"height":470,"url":"https:\/\/www.jean-got.fr\/wp-content\/uploads\/2023\/06\/Journee_serenite_Juillet_2023.jpg","type":"image\/jpeg"}],"twitter_card":"summary_large_image","twitter_misc":{"Est. reading time":"1 minute"},"schema":{"@context":"https:\/\/schema.org","@graph":[{"@type":"WebPage","@id":"https:\/\/www.jean-got.fr\/en\/theme-day-or-weekend\/","url":"https:\/\/www.jean-got.fr\/en\/theme-day-or-weekend\/","name":"Theme day or weekend near Saint-\u00c9milion : Serenity Events","isPartOf":{"@id":"https:\/\/www.jean-got.fr\/en\/#website"},"primaryImageOfPage":{"@id":"https:\/\/www.jean-got.fr\/en\/theme-day-or-weekend\/#primaryimage"},"image":{"@id":"https:\/\/www.jean-got.fr\/en\/theme-day-or-weekend\/#primaryimage"},"thumbnailUrl":"https:\/\/www.jean-got.fr\/wp-content\/uploads\/2023\/06\/Journee_serenite_Juillet_2023.jpg","datePublished":"2023-08-21T14:32:56+00:00","dateModified":"2023-08-21T14:39:32+00:00","description":"Theme day or weekend near Saint-\u00c9milion at Domaine Jean Got : Serenity events, well-being, relaxation, massage, treatment, workshop...","breadcrumb":{"@id":"https:\/\/www.jean-got.fr\/en\/theme-day-or-weekend\/#breadcrumb"},"inLanguage":"en-US","potentialAction":[{"@type":"ReadAction","target":["https:\/\/www.jean-got.fr\/en\/theme-day-or-weekend\/"]}]},{"@type":"ImageObject","inLanguage":"en-US","@id":"https:\/\/www.jean-got.fr\/en\/theme-day-or-weekend\/#primaryimage","url":"https:\/\/www.jean-got.fr\/wp-content\/uploads\/2023\/06\/Journee_serenite_Juillet_2023.jpg","contentUrl":"https:\/\/www.jean-got.fr\/wp-content\/uploads\/2023\/06\/Journee_serenite_Juillet_2023.jpg","width":508,"height":470,"caption":"Journ\u00e9e S\u00e9r\u00e9nit\u00e9 au Domaine Jean Got le 23 Juillet 2023"},{"@type":"BreadcrumbList","@id":"https:\/\/www.jean-got.fr\/en\/theme-day-or-weekend\/#breadcrumb","itemListElement":[{"@type":"ListItem","position":1,"name":"Accueil","item":"https:\/\/www.jean-got.fr\/en\/"},{"@type":"ListItem","position":2,"name":"Theme day or weekend"}]},{"@type":"WebSite","@id":"https:\/\/www.jean-got.fr\/en\/#website","url":"https:\/\/www.jean-got.fr\/en\/","name":"G\u00eete proche Saint-\u00c9milion : Le Domaine Jean Got, chambres insolites","description":"Chambre insolite \u00e0 Saint-\u00c9milion, G\u00e9ode, SPA et Bien-\u00eatre","publisher":{"@id":"https:\/\/www.jean-got.fr\/en\/#organization"},"alternateName":"Chambres insolites proche de Saint-\u00c9milion : Domaine Jean Got","potentialAction":[{"@type":"SearchAction","target":{"@type":"EntryPoint","urlTemplate":"https:\/\/www.jean-got.fr\/en\/?s={search_term_string}"},"query-input":{"@type":"PropertyValueSpecification","valueRequired":true,"valueName":"search_term_string"}}],"inLanguage":"en-US"},{"@type":"Organization","@id":"https:\/\/www.jean-got.fr\/en\/#organization","name":"Le Domaine Jean Got : Gite insolite proche de Saint-\u00c9milion","alternateName":"Chambres insolites proche de Saint-\u00c9milion : Domaine Jean Got","url":"https:\/\/www.jean-got.fr\/en\/","logo":{"@type":"ImageObject","inLanguage":"en-US","@id":"https:\/\/www.jean-got.fr\/en\/#\/schema\/logo\/image\/","url":"https:\/\/www.jean-got.fr\/wp-content\/uploads\/2019\/05\/edito-logo-01.jpg","contentUrl":"https:\/\/www.jean-got.fr\/wp-content\/uploads\/2019\/05\/edito-logo-01.jpg","width":364,"height":409,"caption":"Le Domaine Jean Got : Gite insolite proche de Saint-\u00c9milion"},"image":{"@id":"https:\/\/www.jean-got.fr\/en\/#\/schema\/logo\/image\/"},"sameAs":["https:\/\/www.facebook.com\/DomaineJeanGot\/","https:\/\/www.instagram.com\/domainejeangot\/","https:\/\/g.page\/DomaineJeanGot\/review"]}]}},"_links":{"self":[{"href":"https:\/\/www.jean-got.fr\/en\/wp-json\/wp\/v2\/pages\/18865","targetHints":{"allow":["GET"]}}],"collection":[{"href":"https:\/\/www.jean-got.fr\/en\/wp-json\/wp\/v2\/pages"}],"about":[{"href":"https:\/\/www.jean-got.fr\/en\/wp-json\/wp\/v2\/types\/page"}],"author":[{"embeddable":true,"href":"https:\/\/www.jean-got.fr\/en\/wp-json\/wp\/v2\/users\/2"}],"replies":[{"embeddable":true,"href":"https:\/\/www.jean-got.fr\/en\/wp-json\/wp\/v2\/comments?post=18865"}],"version-history":[{"count":0,"href":"https:\/\/www.jean-got.fr\/en\/wp-json\/wp\/v2\/pages\/18865\/revisions"}],"wp:featuredmedia":[{"embeddable":true,"href":"https:\/\/www.jean-got.fr\/en\/wp-json\/wp\/v2\/media\/18840"}],"wp:attachment":[{"href":"https:\/\/www.jean-got.fr\/en\/wp-json\/wp\/v2\/media?parent=18865"}],"curies":[{"name":"wp","href":"https:\/\/api.w.org\/{rel}","templated":true}]}}